{"id":14803,"date":"2024-07-01T21:19:17","date_gmt":"2024-07-02T00:19:17","guid":{"rendered":"https:\/\/farmaciadagostino.com.ar\/sitio\/producto\/multi-o-gel-lubricante-50-gr\/"},"modified":"2026-03-09T10:10:07","modified_gmt":"2026-03-09T13:10:07","slug":"multi-o-gel-lubricante-50-gr","status":"publish","type":"product","link":"https:\/\/farmaciadagostino.com.ar\/sitio\/producto\/multi-o-gel-lubricante-50-gr\/","title":{"rendered":"Multi-O Gel Lubricante 50 gr"},"content":{"rendered":"<p>Ice, Lubricante \u00edntimo a Base de Agua con Efecto fr\u00edo, especialmente creado Para parejas que buscan explorar nuevas sensaciones.<br \/>\nDisfrut\u00e1  Y divertite     Ice, aumenta la lubricaci\u00f3n y  proporciona una sensaci\u00f3n de fr\u00edo.<br \/>\nCl\u00ednica Y ginecol\u00f3gicamente testeados  Los Geles   , son a Base de Agua, aumentan la lubricaci\u00f3nl.<\/p>\n","protected":false},"excerpt":{"rendered":"<p>Ice, Lubricante \u00edntimo a Base de Agua con Efecto fr\u00edo, especialmente creado Para parejas que buscan explorar nuevas sensaciones<\/p>\n","protected":false},"featured_media":12912,"comment_status":"open","ping_status":"closed","template":"","meta":[],"product_brand":[],"product_cat":[239],"product_tag":[],"class_list":{"0":"post-14803","1":"product","2":"type-product","3":"status-publish","4":"has-post-thumbnail","6":"product_cat-intimo","8":"first","9":"instock","10":"shipping-taxable","11":"purchasable","12":"product-type-simple"},"_links":{"self":[{"href":"https:\/\/farmaciadagostino.com.ar\/sitio\/wp-json\/wp\/v2\/product\/14803","targetHints":{"allow":["GET"]}}],"collection":[{"href":"https:\/\/farmaciadagostino.com.ar\/sitio\/wp-json\/wp\/v2\/product"}],"about":[{"href":"https:\/\/farmaciadagostino.com.ar\/sitio\/wp-json\/wp\/v2\/types\/product"}],"replies":[{"embeddable":true,"href":"https:\/\/farmaciadagostino.com.ar\/sitio\/wp-json\/wp\/v2\/comments?post=14803"}],"wp:featuredmedia":[{"embeddable":true,"href":"https:\/\/farmaciadagostino.com.ar\/sitio\/wp-json\/wp\/v2\/media\/12912"}],"wp:attachment":[{"href":"https:\/\/farmaciadagostino.com.ar\/sitio\/wp-json\/wp\/v2\/media?parent=14803"}],"wp:term":[{"taxonomy":"product_brand","embeddable":true,"href":"https:\/\/farmaciadagostino.com.ar\/sitio\/wp-json\/wp\/v2\/product_brand?post=14803"},{"taxonomy":"product_cat","embeddable":true,"href":"https:\/\/farmaciadagostino.com.ar\/sitio\/wp-json\/wp\/v2\/product_cat?post=14803"},{"taxonomy":"product_tag","embeddable":true,"href":"https:\/\/farmaciadagostino.com.ar\/sitio\/wp-json\/wp\/v2\/product_tag?post=14803"}],"curies":[{"name":"wp","href":"https:\/\/api.w.org\/{rel}","templated":true}]}}