{"id":14804,"date":"2024-07-01T21:19:17","date_gmt":"2024-07-02T00:19:17","guid":{"rendered":"https:\/\/farmaciadagostino.com.ar\/sitio\/producto\/multi-o-gel-lubricante-50-gr-2\/"},"modified":"2026-03-09T10:18:18","modified_gmt":"2026-03-09T13:18:18","slug":"multi-o-gel-lubricante-50-gr-2","status":"publish","type":"product","link":"https:\/\/farmaciadagostino.com.ar\/sitio\/producto\/multi-o-gel-lubricante-50-gr-2\/","title":{"rendered":"Multi-O Gel Lubricante 50 gr"},"content":{"rendered":"<p>Multi O Hot, lubricante en gel \u00edntimo a base de agua con efecto calor, especialmente creado para parejas que buscan explorar nuevas sensaciones. Aumenta la lubricaci\u00f3n y facilita la penetraci\u00f3n mientras proporciona una excitante sensaci\u00f3n de calor.<\/p>\n<h5>Beneficios:<\/h5>\n<p>&#8211; DISFRUT\u00c1 Y DIVERTITE: Multi O Hot, aumenta la lubricaci\u00f3n y facilita la penetraci\u00f3n mientras proporciona una excitante sensaci\u00f3n de calor.<\/p>\n<p>&#8211; CL\u00cdNICA Y GINECOL\u00d3GICAMENTE TESTEADOS: Los geles Multi O, son a base de agua, aumentan la lubricaci\u00f3n y facilitan la relaci\u00f3n sexual.<\/p>\n<h5>Presentaci\u00f3n:<\/h5>\n<p>50 g.<\/p>\n","protected":false},"excerpt":{"rendered":"<p>Multi O Hot, lubricante en gel \u00edntimo a base de agua con efecto calor, especialmente creado para parejas que buscan explorar nuevas sensaciones<\/p>\n","protected":false},"featured_media":12908,"comment_status":"open","ping_status":"closed","template":"","meta":[],"product_brand":[],"product_cat":[239],"product_tag":[],"class_list":{"0":"post-14804","1":"product","2":"type-product","3":"status-publish","4":"has-post-thumbnail","6":"product_cat-intimo","8":"first","9":"instock","10":"shipping-taxable","11":"purchasable","12":"product-type-simple"},"_links":{"self":[{"href":"https:\/\/farmaciadagostino.com.ar\/sitio\/wp-json\/wp\/v2\/product\/14804","targetHints":{"allow":["GET"]}}],"collection":[{"href":"https:\/\/farmaciadagostino.com.ar\/sitio\/wp-json\/wp\/v2\/product"}],"about":[{"href":"https:\/\/farmaciadagostino.com.ar\/sitio\/wp-json\/wp\/v2\/types\/product"}],"replies":[{"embeddable":true,"href":"https:\/\/farmaciadagostino.com.ar\/sitio\/wp-json\/wp\/v2\/comments?post=14804"}],"wp:featuredmedia":[{"embeddable":true,"href":"https:\/\/farmaciadagostino.com.ar\/sitio\/wp-json\/wp\/v2\/media\/12908"}],"wp:attachment":[{"href":"https:\/\/farmaciadagostino.com.ar\/sitio\/wp-json\/wp\/v2\/media?parent=14804"}],"wp:term":[{"taxonomy":"product_brand","embeddable":true,"href":"https:\/\/farmaciadagostino.com.ar\/sitio\/wp-json\/wp\/v2\/product_brand?post=14804"},{"taxonomy":"product_cat","embeddable":true,"href":"https:\/\/farmaciadagostino.com.ar\/sitio\/wp-json\/wp\/v2\/product_cat?post=14804"},{"taxonomy":"product_tag","embeddable":true,"href":"https:\/\/farmaciadagostino.com.ar\/sitio\/wp-json\/wp\/v2\/product_tag?post=14804"}],"curies":[{"name":"wp","href":"https:\/\/api.w.org\/{rel}","templated":true}]}}