{"id":14811,"date":"2024-07-01T21:19:28","date_gmt":"2024-07-02T00:19:28","guid":{"rendered":"https:\/\/farmaciadagostino.com.ar\/sitio\/producto\/tio-nacho-shampoo-henna-egipcia-efecto-anti-canas-415-ml\/"},"modified":"2026-03-09T10:25:26","modified_gmt":"2026-03-09T13:25:26","slug":"tio-nacho-shampoo-henna-egipcia-efecto-anti-canas-415-ml","status":"publish","type":"product","link":"https:\/\/farmaciadagostino.com.ar\/sitio\/producto\/tio-nacho-shampoo-henna-egipcia-efecto-anti-canas-415-ml\/","title":{"rendered":"Tio Nacho Shampoo Henna Egipcia Efecto Anti Canas 415 ml"},"content":{"rendered":"<p>T\u00edo Nacho EFECTO ANTI-CANAS, shampoo ANTI-CA\u00cdDA con Henna, el *primer shampoo que combina Jalea Real y Henna para un cabello rejuvenecido, con menos ca\u00edda y visiblemente con menos canas. Para mejores resultados use la l\u00ednea completa de T\u00edo Nacho Anti canas. *De la l\u00ednea Tio Nacho.<\/p>\n<p>EFECTO ANTI-CANAS<br \/>\nLa Henna es un ingrediente vegetal que ayuda a tonalizar el cabello de forma natural, ayuda a disminuirprogresivamente las canas y disimulando visiblemente la aparici\u00f3n de nuevas.<\/p>\n<p>ANTI-CA\u00cdDA<br \/>\nLa Jalea Real es reconocida por su alto contenido de vitaminas y amino\u00e1cidos los cuales ayudan rejuvenecer elcabello aportando brillo, fortaleza y menos ca\u00edda. Con el tiempo los fol\u00edculos del cabello pierden melanina; por eso, su tono se vuelve gris y opaco.Semana a semana, T\u00edo Nacho EFECTO ANTI-CANAS devuelve el tono progresivamente y ayuda a dar visiblemente una apariencianatural.<\/p>\n<p>TIPO DE CABELLO: Ideal para todo tipo de cabellos en el tono de los casta\u00f1os a oscuros.<\/p>\n<p>MODO DE USO:<\/p>\n<p>Aplique el producto sobre el cabello mojado, haga un suave masaje con la yema de los dedos hasta crearespuma, enjuague con abundante agua. Uso diario. Mejores resultados con la l\u00ednea completa.<\/p>\n","protected":false},"excerpt":{"rendered":"<p>T\u00edo Nacho EFECTO ANTI-CANAS, shampoo ANTI-CA\u00cdDA con Henna, el *primer shampoo que combina Jalea Real y Henna para un cabello rejuvenecido, con menos ca\u00edda y visiblemente con menos canas<\/p>\n","protected":false},"featured_media":12902,"comment_status":"open","ping_status":"closed","template":"","meta":[],"product_brand":[],"product_cat":[237,152],"product_tag":[],"class_list":{"0":"post-14811","1":"product","2":"type-product","3":"status-publish","4":"has-post-thumbnail","6":"product_cat-belleza","7":"product_cat-cuidado-personal","9":"first","10":"instock","11":"shipping-taxable","12":"purchasable","13":"product-type-simple"},"_links":{"self":[{"href":"https:\/\/farmaciadagostino.com.ar\/sitio\/wp-json\/wp\/v2\/product\/14811","targetHints":{"allow":["GET"]}}],"collection":[{"href":"https:\/\/farmaciadagostino.com.ar\/sitio\/wp-json\/wp\/v2\/product"}],"about":[{"href":"https:\/\/farmaciadagostino.com.ar\/sitio\/wp-json\/wp\/v2\/types\/product"}],"replies":[{"embeddable":true,"href":"https:\/\/farmaciadagostino.com.ar\/sitio\/wp-json\/wp\/v2\/comments?post=14811"}],"wp:featuredmedia":[{"embeddable":true,"href":"https:\/\/farmaciadagostino.com.ar\/sitio\/wp-json\/wp\/v2\/media\/12902"}],"wp:attachment":[{"href":"https:\/\/farmaciadagostino.com.ar\/sitio\/wp-json\/wp\/v2\/media?parent=14811"}],"wp:term":[{"taxonomy":"product_brand","embeddable":true,"href":"https:\/\/farmaciadagostino.com.ar\/sitio\/wp-json\/wp\/v2\/product_brand?post=14811"},{"taxonomy":"product_cat","embeddable":true,"href":"https:\/\/farmaciadagostino.com.ar\/sitio\/wp-json\/wp\/v2\/product_cat?post=14811"},{"taxonomy":"product_tag","embeddable":true,"href":"https:\/\/farmaciadagostino.com.ar\/sitio\/wp-json\/wp\/v2\/product_tag?post=14811"}],"curies":[{"name":"wp","href":"https:\/\/api.w.org\/{rel}","templated":true}]}}