{"id":14815,"date":"2024-07-01T21:19:30","date_gmt":"2024-07-02T00:19:30","guid":{"rendered":"https:\/\/farmaciadagostino.com.ar\/sitio\/producto\/bago-suplemento-dietario-chia-3-omega-60-capsulas-blandas\/"},"modified":"2026-03-09T10:10:07","modified_gmt":"2026-03-09T13:10:07","slug":"bago-suplemento-dietario-chia-3-omega-60-capsulas-blandas","status":"publish","type":"product","link":"https:\/\/farmaciadagostino.com.ar\/sitio\/producto\/bago-suplemento-dietario-chia-3-omega-60-capsulas-blandas\/","title":{"rendered":"Bago Suplemento Dietario Chia 3 omega- (60 C\u00e1psulas Blandas)"},"content":{"rendered":"<p>\u00ab<\/p>\n<h5>Descripci\u00f3n<\/h5>\n<p>Ch\u00eda Omega-3 Bag\u00f3 es un suplemento dietario de origen vegetal que ayuda a reducir los niveles de Colesterol y Triglic\u00e9ridos. Hecho a base de Ch\u00eda y Omega-3. El aceite de Ch\u00eda protege el aparato cardiovascular y favorece la circulaci\u00f3n sangu\u00ednea. La Ch\u00eda es la fuente natural m\u00e1s rica en \u00e1cidos grasos Omega-3. Al ser un producto vegetal no contiene colesterol y carece de sabor fuerte o a pescado. El Omega-3 es un \u00e1cido graso esencial que nuestro organismo no produce, por lo cual debe ser incorporado a trav\u00e9s de la dieta y\/o suplementos dietarios.<\/p>\n<h5>Beneficios<\/h5>\n<p>&#8211; Suplemento dietario de origen vegetal <\/p>\n<p>&#8211; Ayuda a reducir los niveles de Colesterol y Triglic\u00e9ridos.<br \/>\n&#8211; El consumo \u00f3ptimo de Omega-3 disminuye el riesgo cardiovascular y la prevenci\u00f3n de enfermedades del sistema nervioso.<br \/>\n&#8211; Colabora en el mantenimiento de la tensi\u00f3n arterial, favoreciendo una buena salud cardiovascular<br \/>\n&#8211; La Ch\u00eda es la fuente natural m\u00e1s rica en \u00e1cidos grasos Omega-3.<\/p>\n<h5>Modo de uso<\/h5>\n<p>1-2 c\u00e1psulas blandas por d\u00eda, preferentemente con el desayuno.<\/p>\n<h5>Ingredientes<\/h5>\n<p>Aceite de Ch\u00eda (equivalente a 600 mg de Omega-3) 1000 mg; Gelatina; Glicerina; Amarillo de Quinolina; Amarillo Ocaso F.C.F.<\/p>\n<p>\u00ab<\/p>\n","protected":false},"excerpt":{"rendered":"<p>\u00abDescripci\u00f3nCh\u00eda Omega-3 Bag\u00f3 es un suplemento dietario de origen vegetal que ayuda a reducir los niveles de Colesterol y Triglic\u00e9ridos<\/p>\n","protected":false},"featured_media":10059,"comment_status":"open","ping_status":"closed","template":"","meta":[],"product_brand":[],"product_cat":[149],"product_tag":[],"class_list":{"0":"post-14815","1":"product","2":"type-product","3":"status-publish","4":"has-post-thumbnail","6":"product_cat-farmacia","8":"first","9":"instock","10":"shipping-taxable","11":"purchasable","12":"product-type-simple"},"_links":{"self":[{"href":"https:\/\/farmaciadagostino.com.ar\/sitio\/wp-json\/wp\/v2\/product\/14815","targetHints":{"allow":["GET"]}}],"collection":[{"href":"https:\/\/farmaciadagostino.com.ar\/sitio\/wp-json\/wp\/v2\/product"}],"about":[{"href":"https:\/\/farmaciadagostino.com.ar\/sitio\/wp-json\/wp\/v2\/types\/product"}],"replies":[{"embeddable":true,"href":"https:\/\/farmaciadagostino.com.ar\/sitio\/wp-json\/wp\/v2\/comments?post=14815"}],"wp:featuredmedia":[{"embeddable":true,"href":"https:\/\/farmaciadagostino.com.ar\/sitio\/wp-json\/wp\/v2\/media\/10059"}],"wp:attachment":[{"href":"https:\/\/farmaciadagostino.com.ar\/sitio\/wp-json\/wp\/v2\/media?parent=14815"}],"wp:term":[{"taxonomy":"product_brand","embeddable":true,"href":"https:\/\/farmaciadagostino.com.ar\/sitio\/wp-json\/wp\/v2\/product_brand?post=14815"},{"taxonomy":"product_cat","embeddable":true,"href":"https:\/\/farmaciadagostino.com.ar\/sitio\/wp-json\/wp\/v2\/product_cat?post=14815"},{"taxonomy":"product_tag","embeddable":true,"href":"https:\/\/farmaciadagostino.com.ar\/sitio\/wp-json\/wp\/v2\/product_tag?post=14815"}],"curies":[{"name":"wp","href":"https:\/\/api.w.org\/{rel}","templated":true}]}}