{"id":14823,"date":"2024-07-01T21:19:42","date_gmt":"2024-07-02T00:19:42","guid":{"rendered":"https:\/\/farmaciadagostino.com.ar\/sitio\/producto\/valcatil-colageno-hidrolizado-en-polvo-frutos-del-bosque-260-gr\/"},"modified":"2026-03-09T10:25:27","modified_gmt":"2026-03-09T13:25:27","slug":"valcatil-colageno-hidrolizado-en-polvo-frutos-del-bosque-260-gr","status":"publish","type":"product","link":"https:\/\/farmaciadagostino.com.ar\/sitio\/producto\/valcatil-colageno-hidrolizado-en-polvo-frutos-del-bosque-260-gr\/","title":{"rendered":"Valcatil Colageno Hidrolizado en Polvo Frutos Del Bosque 260 gr"},"content":{"rendered":"<p>&#8211; Repara la estructura.<br \/>\n&#8211; Mejora la calidad de la fibra capilar.<br \/>\n&#8211; Otorga mayor volumen y  elasticidad.<br \/>\n&#8211; Incrementa la actividad metab\u00f3lica.<br \/>\n&#8211; Promueve la divisi\u00f3n celular.<br \/>\n&#8211; U\u00f1as m\u00e1s resistentes y de mayor grosor.<br \/>\n&#8211; Nueva y \u00fanica f\u00f3rmula de amino\u00e1cidos con col\u00e1geno hidrolizado en polvo.<\/p>\n<p>Valcatil Complex indicado para tratar:<\/p>\n<p>&#8211; Ca\u00edda del cabello<br \/>\n&#8211; Fragilidad capilar<br \/>\n&#8211; Alopec\u00edas<br \/>\n&#8211; U\u00f1as fr\u00e1giles<br \/>\n&#8211; U\u00f1as escamosas<br \/>\n&#8211; fibra capilar<\/p>\n","protected":false},"excerpt":{"rendered":"<p>&#8211; Repara la estructura<\/p>\n","protected":false},"featured_media":12302,"comment_status":"open","ping_status":"closed","template":"","meta":[],"product_brand":[],"product_cat":[237,149],"product_tag":[],"class_list":{"0":"post-14823","1":"product","2":"type-product","3":"status-publish","4":"has-post-thumbnail","6":"product_cat-belleza","7":"product_cat-farmacia","9":"first","10":"instock","11":"shipping-taxable","12":"purchasable","13":"product-type-simple"},"_links":{"self":[{"href":"https:\/\/farmaciadagostino.com.ar\/sitio\/wp-json\/wp\/v2\/product\/14823","targetHints":{"allow":["GET"]}}],"collection":[{"href":"https:\/\/farmaciadagostino.com.ar\/sitio\/wp-json\/wp\/v2\/product"}],"about":[{"href":"https:\/\/farmaciadagostino.com.ar\/sitio\/wp-json\/wp\/v2\/types\/product"}],"replies":[{"embeddable":true,"href":"https:\/\/farmaciadagostino.com.ar\/sitio\/wp-json\/wp\/v2\/comments?post=14823"}],"wp:featuredmedia":[{"embeddable":true,"href":"https:\/\/farmaciadagostino.com.ar\/sitio\/wp-json\/wp\/v2\/media\/12302"}],"wp:attachment":[{"href":"https:\/\/farmaciadagostino.com.ar\/sitio\/wp-json\/wp\/v2\/media?parent=14823"}],"wp:term":[{"taxonomy":"product_brand","embeddable":true,"href":"https:\/\/farmaciadagostino.com.ar\/sitio\/wp-json\/wp\/v2\/product_brand?post=14823"},{"taxonomy":"product_cat","embeddable":true,"href":"https:\/\/farmaciadagostino.com.ar\/sitio\/wp-json\/wp\/v2\/product_cat?post=14823"},{"taxonomy":"product_tag","embeddable":true,"href":"https:\/\/farmaciadagostino.com.ar\/sitio\/wp-json\/wp\/v2\/product_tag?post=14823"}],"curies":[{"name":"wp","href":"https:\/\/api.w.org\/{rel}","templated":true}]}}