{"id":14826,"date":"2024-07-01T21:19:48","date_gmt":"2024-07-02T00:19:48","guid":{"rendered":"https:\/\/farmaciadagostino.com.ar\/sitio\/producto\/aveno-gel-de-bano-infantil-250-gr\/"},"modified":"2026-03-09T10:25:27","modified_gmt":"2026-03-09T13:25:27","slug":"aveno-gel-de-bano-infantil-250-gr","status":"publish","type":"product","link":"https:\/\/farmaciadagostino.com.ar\/sitio\/producto\/aveno-gel-de-bano-infantil-250-gr\/","title":{"rendered":"AVENO INF GEL DE BA\u00d1O X 250 ML"},"content":{"rendered":"<p>El gel de ba\u00f1o Aveno Infantil es un limpiador de uso diario, humecta y protege hasta las pieles m\u00e1s sensibles y reactivas de los ni\u00f1os. Su formulaci\u00f3n con avena natural brinda una limpieza suave y agradable con la delicada piel de los m\u00e1s chicos, ya que es hidratante, nutritiva y regeneradora. No tiene conservantes y no irrita los ojos. De f\u00e1cil enjuague. Reduce potenciales al\u00e9rgenos gracias a que no posee fragancia.<\/p>\n<h5>Propiedades:<\/h5>\n<p>Con avena sativa &#8211; FSC &#8211; Testeado dermatol\u00f3gicamente &#8211; Testeado oftalmol\u00f3gicamente &#8211; Hipoalerg\u00e9nico- sin l\u00e1grimas.<\/p>\n<p>Sin alcohol &#8211; no testeado en animales &#8211; no contiene parabenos &#8211; sin siliconas c\u00edclicas &#8211; sin fragancias sint\u00e9ticas &#8211; no contiene perfume &#8211; sin colorantes sint\u00e9ticos &#8211; libre de gluten &#8211; sin ftalatos &#8211; sin sulfatos.<\/p>\n<h5>Modo de Uso:<\/h5>\n<p>Aplicar sobre cabeza y cuerpo previamente humedecido, masajeando suavemente hasta formar una espuma. Enjuagar con abundante agua tibia. Complementar la rutina con Shampoo y Acondicionador Aveno Infantil. Recomendamos su uso a partir de los 6 meses.<\/p>\n","protected":false},"excerpt":{"rendered":"<p>El gel de ba\u00f1o Aveno Infantil es un limpiador de uso diario, humecta y protege hasta las pieles m\u00e1s sensibles y reactivas de los ni\u00f1os<\/p>\n","protected":false},"featured_media":11561,"comment_status":"open","ping_status":"closed","template":"","meta":[],"product_brand":[],"product_cat":[237,152,162],"product_tag":[],"class_list":{"0":"post-14826","1":"product","2":"type-product","3":"status-publish","4":"has-post-thumbnail","6":"product_cat-belleza","7":"product_cat-cuidado-personal","8":"product_cat-dermocosmetica","10":"first","11":"instock","12":"shipping-taxable","13":"purchasable","14":"product-type-simple"},"_links":{"self":[{"href":"https:\/\/farmaciadagostino.com.ar\/sitio\/wp-json\/wp\/v2\/product\/14826","targetHints":{"allow":["GET"]}}],"collection":[{"href":"https:\/\/farmaciadagostino.com.ar\/sitio\/wp-json\/wp\/v2\/product"}],"about":[{"href":"https:\/\/farmaciadagostino.com.ar\/sitio\/wp-json\/wp\/v2\/types\/product"}],"replies":[{"embeddable":true,"href":"https:\/\/farmaciadagostino.com.ar\/sitio\/wp-json\/wp\/v2\/comments?post=14826"}],"wp:featuredmedia":[{"embeddable":true,"href":"https:\/\/farmaciadagostino.com.ar\/sitio\/wp-json\/wp\/v2\/media\/11561"}],"wp:attachment":[{"href":"https:\/\/farmaciadagostino.com.ar\/sitio\/wp-json\/wp\/v2\/media?parent=14826"}],"wp:term":[{"taxonomy":"product_brand","embeddable":true,"href":"https:\/\/farmaciadagostino.com.ar\/sitio\/wp-json\/wp\/v2\/product_brand?post=14826"},{"taxonomy":"product_cat","embeddable":true,"href":"https:\/\/farmaciadagostino.com.ar\/sitio\/wp-json\/wp\/v2\/product_cat?post=14826"},{"taxonomy":"product_tag","embeddable":true,"href":"https:\/\/farmaciadagostino.com.ar\/sitio\/wp-json\/wp\/v2\/product_tag?post=14826"}],"curies":[{"name":"wp","href":"https:\/\/api.w.org\/{rel}","templated":true}]}}