{"id":14828,"date":"2024-07-01T21:19:48","date_gmt":"2024-07-02T00:19:48","guid":{"rendered":"https:\/\/farmaciadagostino.com.ar\/sitio\/producto\/dermaglos-crema-corporal-regeneracion-intensiva-100-gr\/"},"modified":"2026-03-09T10:18:18","modified_gmt":"2026-03-09T13:18:18","slug":"dermaglos-crema-corporal-regeneracion-intensiva-100-gr","status":"publish","type":"product","link":"https:\/\/farmaciadagostino.com.ar\/sitio\/producto\/dermaglos-crema-corporal-regeneracion-intensiva-100-gr\/","title":{"rendered":"Dermaglos Crema Corporal Regeneraci\u00f3n Intensiva 100 gr"},"content":{"rendered":"<p> Su innovadora formula con vitamina A estimula la regeneraci\u00f3n celular y la formaci\u00f3n de col\u00e1geno otorgando hidrataci\u00f3n y suavidad a la piel. <\/p>\n<h5>Beneficios:<\/h5>\n<p> Mejora visiblemente la apariencia de l\u00edneas, arrugas, cicatrices y pieles con tatuajes. Contiene vitamina E que previene el envejecimiento prematuro de la piel. <\/p>\n<h5>Modo de Uso:<\/h5>\n<p>Aplicar diariamente en todo el cuerpo, mediante suaves masajes, tantas veces como sea necesario. <\/p>\n","protected":false},"excerpt":{"rendered":"<p>Su innovadora formula con vitamina A estimula la regeneraci\u00f3n celular y la formaci\u00f3n de col\u00e1geno otorgando hidrataci\u00f3n y suavidad a la piel<\/p>\n","protected":false},"featured_media":11590,"comment_status":"open","ping_status":"closed","template":"","meta":[],"product_brand":[],"product_cat":[237,162],"product_tag":[],"class_list":{"0":"post-14828","1":"product","2":"type-product","3":"status-publish","4":"has-post-thumbnail","6":"product_cat-belleza","7":"product_cat-dermocosmetica","9":"first","10":"instock","11":"shipping-taxable","12":"purchasable","13":"product-type-simple"},"_links":{"self":[{"href":"https:\/\/farmaciadagostino.com.ar\/sitio\/wp-json\/wp\/v2\/product\/14828","targetHints":{"allow":["GET"]}}],"collection":[{"href":"https:\/\/farmaciadagostino.com.ar\/sitio\/wp-json\/wp\/v2\/product"}],"about":[{"href":"https:\/\/farmaciadagostino.com.ar\/sitio\/wp-json\/wp\/v2\/types\/product"}],"replies":[{"embeddable":true,"href":"https:\/\/farmaciadagostino.com.ar\/sitio\/wp-json\/wp\/v2\/comments?post=14828"}],"wp:featuredmedia":[{"embeddable":true,"href":"https:\/\/farmaciadagostino.com.ar\/sitio\/wp-json\/wp\/v2\/media\/11590"}],"wp:attachment":[{"href":"https:\/\/farmaciadagostino.com.ar\/sitio\/wp-json\/wp\/v2\/media?parent=14828"}],"wp:term":[{"taxonomy":"product_brand","embeddable":true,"href":"https:\/\/farmaciadagostino.com.ar\/sitio\/wp-json\/wp\/v2\/product_brand?post=14828"},{"taxonomy":"product_cat","embeddable":true,"href":"https:\/\/farmaciadagostino.com.ar\/sitio\/wp-json\/wp\/v2\/product_cat?post=14828"},{"taxonomy":"product_tag","embeddable":true,"href":"https:\/\/farmaciadagostino.com.ar\/sitio\/wp-json\/wp\/v2\/product_tag?post=14828"}],"curies":[{"name":"wp","href":"https:\/\/api.w.org\/{rel}","templated":true}]}}