{"id":14830,"date":"2024-07-01T21:19:49","date_gmt":"2024-07-02T00:19:49","guid":{"rendered":"https:\/\/farmaciadagostino.com.ar\/sitio\/producto\/dermaglos-hidratacion-absorcion-inmediata-crema-corp-300-g\/"},"modified":"2026-03-09T10:10:08","modified_gmt":"2026-03-09T13:10:08","slug":"dermaglos-hidratacion-absorcion-inmediata-crema-corp-300-g","status":"publish","type":"product","link":"https:\/\/farmaciadagostino.com.ar\/sitio\/producto\/dermaglos-hidratacion-absorcion-inmediata-crema-corp-300-g\/","title":{"rendered":"Dermagl\u00f3s Hidrataci\u00f3n + Absorci\u00f3n Inmediata Crema Corp. 300 g"},"content":{"rendered":"<p>DERMAGLOS CREMA CORPORAL HIDRATACI\u00d3N + ABSORCION INMEDIATA<br \/>\nSu textura de crema liviana permite una f\u00e1cil aplicaci\u00f3n y r\u00e1pida absorci\u00f3n. Hidrata por 24 h, dejando la piel suave, el\u00e1stica y saludable sin efecto graso. Ideal para aplicar antes de vestirte. Indicada para todo tipo de piel.<\/p>\n<p>Hipoalerg\u00e9nica \u2013 Apto piel sensible \u2013 Testeada dermatol\u00f3gicamente \u2013 Sin TACC<\/p>\n","protected":false},"excerpt":{"rendered":"<p>DERMAGLOS CREMA CORPORAL HIDRATACI\u00d3N + ABSORCION INMEDIATA<br \/>\nSu textura de crema liviana permite una f\u00e1cil aplicaci\u00f3n y r\u00e1pida absorci\u00f3n<\/p>\n","protected":false},"featured_media":11571,"comment_status":"open","ping_status":"closed","template":"","meta":[],"product_brand":[],"product_cat":[237,162],"product_tag":[],"class_list":{"0":"post-14830","1":"product","2":"type-product","3":"status-publish","4":"has-post-thumbnail","6":"product_cat-belleza","7":"product_cat-dermocosmetica","9":"first","10":"instock","11":"shipping-taxable","12":"purchasable","13":"product-type-simple"},"_links":{"self":[{"href":"https:\/\/farmaciadagostino.com.ar\/sitio\/wp-json\/wp\/v2\/product\/14830","targetHints":{"allow":["GET"]}}],"collection":[{"href":"https:\/\/farmaciadagostino.com.ar\/sitio\/wp-json\/wp\/v2\/product"}],"about":[{"href":"https:\/\/farmaciadagostino.com.ar\/sitio\/wp-json\/wp\/v2\/types\/product"}],"replies":[{"embeddable":true,"href":"https:\/\/farmaciadagostino.com.ar\/sitio\/wp-json\/wp\/v2\/comments?post=14830"}],"wp:featuredmedia":[{"embeddable":true,"href":"https:\/\/farmaciadagostino.com.ar\/sitio\/wp-json\/wp\/v2\/media\/11571"}],"wp:attachment":[{"href":"https:\/\/farmaciadagostino.com.ar\/sitio\/wp-json\/wp\/v2\/media?parent=14830"}],"wp:term":[{"taxonomy":"product_brand","embeddable":true,"href":"https:\/\/farmaciadagostino.com.ar\/sitio\/wp-json\/wp\/v2\/product_brand?post=14830"},{"taxonomy":"product_cat","embeddable":true,"href":"https:\/\/farmaciadagostino.com.ar\/sitio\/wp-json\/wp\/v2\/product_cat?post=14830"},{"taxonomy":"product_tag","embeddable":true,"href":"https:\/\/farmaciadagostino.com.ar\/sitio\/wp-json\/wp\/v2\/product_tag?post=14830"}],"curies":[{"name":"wp","href":"https:\/\/api.w.org\/{rel}","templated":true}]}}