{"id":14831,"date":"2024-07-01T21:19:49","date_gmt":"2024-07-02T00:19:49","guid":{"rendered":"https:\/\/farmaciadagostino.com.ar\/sitio\/producto\/ratisalil-crema-cannabidiol-cbd-150-gr\/"},"modified":"2026-03-09T10:18:19","modified_gmt":"2026-03-09T13:18:19","slug":"ratisalil-crema-cannabidiol-cbd-150-gr","status":"publish","type":"product","link":"https:\/\/farmaciadagostino.com.ar\/sitio\/producto\/ratisalil-crema-cannabidiol-cbd-150-gr\/","title":{"rendered":"Ratisalil Crema Cannabidiol Cbd 150 gr"},"content":{"rendered":"<p>La primera crema de uso t\u00f3pico con CBD en Argentina con propiedades antiinflamatorias, analg\u00e9sicas y antioxidantes que ayudan a mejorar los dolores provocados por traumatismos y contusiones. Ideal para dolores de cuello, hombros, espalda, rodillas y piernas.<\/p>\n<h5>Beneficios:<\/h5>\n<p>-Ayuda a aliviar dolores.<\/p>\n<p>-Efecto fr\u00edo\/calor.<\/p>\n<p>-F\u00f3rmula innovadora.<\/p>\n<p>-V\u00eda t\u00f3pica externa.<\/p>\n<h5>Modo de uso:<\/h5>\n<p>Se recomienda aplicar la crema sobre la zona deseada, friccionando suavemente hasta su absorci\u00f3n. Utilizar con la frecuencia que se requiera. Lavar las manos despu\u00e9s de cada aplicaci\u00f3n. Si usted recibe alg\u00fan otro medicamento, est\u00e1 embarazada o dando el pecho a su beb\u00e9, consulte a su m\u00e9dico antes de usar esta crema.<\/p>\n","protected":false},"excerpt":{"rendered":"<p>La primera crema de uso t\u00f3pico con CBD en Argentina con propiedades antiinflamatorias, analg\u00e9sicas y antioxidantes que ayudan a mejorar los dolores provocados por traumatismos y contusiones<\/p>\n","protected":false},"featured_media":12089,"comment_status":"open","ping_status":"closed","template":"","meta":[],"product_brand":[],"product_cat":[149],"product_tag":[],"class_list":{"0":"post-14831","1":"product","2":"type-product","3":"status-publish","4":"has-post-thumbnail","6":"product_cat-farmacia","8":"first","9":"instock","10":"shipping-taxable","11":"purchasable","12":"product-type-simple"},"_links":{"self":[{"href":"https:\/\/farmaciadagostino.com.ar\/sitio\/wp-json\/wp\/v2\/product\/14831","targetHints":{"allow":["GET"]}}],"collection":[{"href":"https:\/\/farmaciadagostino.com.ar\/sitio\/wp-json\/wp\/v2\/product"}],"about":[{"href":"https:\/\/farmaciadagostino.com.ar\/sitio\/wp-json\/wp\/v2\/types\/product"}],"replies":[{"embeddable":true,"href":"https:\/\/farmaciadagostino.com.ar\/sitio\/wp-json\/wp\/v2\/comments?post=14831"}],"wp:featuredmedia":[{"embeddable":true,"href":"https:\/\/farmaciadagostino.com.ar\/sitio\/wp-json\/wp\/v2\/media\/12089"}],"wp:attachment":[{"href":"https:\/\/farmaciadagostino.com.ar\/sitio\/wp-json\/wp\/v2\/media?parent=14831"}],"wp:term":[{"taxonomy":"product_brand","embeddable":true,"href":"https:\/\/farmaciadagostino.com.ar\/sitio\/wp-json\/wp\/v2\/product_brand?post=14831"},{"taxonomy":"product_cat","embeddable":true,"href":"https:\/\/farmaciadagostino.com.ar\/sitio\/wp-json\/wp\/v2\/product_cat?post=14831"},{"taxonomy":"product_tag","embeddable":true,"href":"https:\/\/farmaciadagostino.com.ar\/sitio\/wp-json\/wp\/v2\/product_tag?post=14831"}],"curies":[{"name":"wp","href":"https:\/\/api.w.org\/{rel}","templated":true}]}}