{"id":14833,"date":"2024-07-01T21:19:52","date_gmt":"2024-07-02T00:19:52","guid":{"rendered":"https:\/\/farmaciadagostino.com.ar\/sitio\/producto\/dermaglos-crema-hidratante-de-dia-50-gr\/"},"modified":"2026-03-09T10:25:29","modified_gmt":"2026-03-09T13:25:29","slug":"dermaglos-crema-hidratante-de-dia-50-gr","status":"publish","type":"product","link":"https:\/\/farmaciadagostino.com.ar\/sitio\/producto\/dermaglos-crema-hidratante-de-dia-50-gr\/","title":{"rendered":"Dermaglos Crema Hidratante de D\u00eda 50 gr"},"content":{"rendered":"<p> Crema hidratante para el d\u00eda aporta importantes beneficios de hidrataci\u00f3n gracias a la acci\u00f3n equilibrada de sus componentes. <\/p>\n<h5>Beneficios:<\/h5>\n<p> F\u00f3rmula con vitaminas A y E que protege y proporciona a la piel la hidrataci\u00f3n necesaria durante el d\u00eda para tener siempre una piel joven. Contiene FPS 12 para una mayor protecci\u00f3n a tu piel. <\/p>\n<h5>Modo de Uso:<\/h5>\n<p>Aplicar cada ma\u00f1ana sobre rostro, cuello y escote perfectamente limpios. Masajear suavemente con movimientos circulares ascendentes. Usar sola o como base de maquillaje. Evitar el contacto con los ojos. <\/p>\n","protected":false},"excerpt":{"rendered":"<p>Crema hidratante para el d\u00eda aporta importantes beneficios de hidrataci\u00f3n gracias a la acci\u00f3n equilibrada de sus componentes<\/p>\n","protected":false},"featured_media":11595,"comment_status":"open","ping_status":"closed","template":"","meta":[],"product_brand":[],"product_cat":[237,162],"product_tag":[],"class_list":{"0":"post-14833","1":"product","2":"type-product","3":"status-publish","4":"has-post-thumbnail","6":"product_cat-belleza","7":"product_cat-dermocosmetica","9":"first","10":"instock","11":"shipping-taxable","12":"purchasable","13":"product-type-simple"},"_links":{"self":[{"href":"https:\/\/farmaciadagostino.com.ar\/sitio\/wp-json\/wp\/v2\/product\/14833","targetHints":{"allow":["GET"]}}],"collection":[{"href":"https:\/\/farmaciadagostino.com.ar\/sitio\/wp-json\/wp\/v2\/product"}],"about":[{"href":"https:\/\/farmaciadagostino.com.ar\/sitio\/wp-json\/wp\/v2\/types\/product"}],"replies":[{"embeddable":true,"href":"https:\/\/farmaciadagostino.com.ar\/sitio\/wp-json\/wp\/v2\/comments?post=14833"}],"wp:featuredmedia":[{"embeddable":true,"href":"https:\/\/farmaciadagostino.com.ar\/sitio\/wp-json\/wp\/v2\/media\/11595"}],"wp:attachment":[{"href":"https:\/\/farmaciadagostino.com.ar\/sitio\/wp-json\/wp\/v2\/media?parent=14833"}],"wp:term":[{"taxonomy":"product_brand","embeddable":true,"href":"https:\/\/farmaciadagostino.com.ar\/sitio\/wp-json\/wp\/v2\/product_brand?post=14833"},{"taxonomy":"product_cat","embeddable":true,"href":"https:\/\/farmaciadagostino.com.ar\/sitio\/wp-json\/wp\/v2\/product_cat?post=14833"},{"taxonomy":"product_tag","embeddable":true,"href":"https:\/\/farmaciadagostino.com.ar\/sitio\/wp-json\/wp\/v2\/product_tag?post=14833"}],"curies":[{"name":"wp","href":"https:\/\/api.w.org\/{rel}","templated":true}]}}