{"id":14834,"date":"2024-07-01T21:19:53","date_gmt":"2024-07-02T00:19:53","guid":{"rendered":"https:\/\/farmaciadagostino.com.ar\/sitio\/producto\/dermaglos-crema-hidratante-dia-con-fps20-70-gr\/"},"modified":"2026-03-09T10:10:11","modified_gmt":"2026-03-09T13:10:11","slug":"dermaglos-crema-hidratante-dia-con-fps20-70-gr","status":"publish","type":"product","link":"https:\/\/farmaciadagostino.com.ar\/sitio\/producto\/dermaglos-crema-hidratante-dia-con-fps20-70-gr\/","title":{"rendered":"Dermaglos Crema Hidratante D\u00eda Con Fps20 70 gr"},"content":{"rendered":"<p> Especialmente dise\u00f1ados para pieles normales a mixtas. Proporciona hidrataci\u00f3n profunda para mantener la piel suave y luminosa. <\/p>\n<h5>Beneficios:<\/h5>\n<p> previenen el envejecimiento prematuro de la piel, protegi\u00e9ndola de los rayos solares (UVA\/UVB) ya que cuenta con Factor de protecci\u00f3n solar 20, contiene vitamina A y E que normaliza la piel seca y deshidratada. <\/p>\n<h5>Modo de Uso:<\/h5>\n<p>Aplicar cada ma\u00f1ana en rostro, cuello y escote sobre la piel limpia y tonificada. Usar los dedos mayor y anular para la aplicaci\u00f3n, realizando movimientos circulares ascendentes.<\/p>\n","protected":false},"excerpt":{"rendered":"<p>Especialmente dise\u00f1ados para pieles normales a mixtas<\/p>\n","protected":false},"featured_media":11510,"comment_status":"open","ping_status":"closed","template":"","meta":[],"product_brand":[],"product_cat":[237,162],"product_tag":[],"class_list":{"0":"post-14834","1":"product","2":"type-product","3":"status-publish","4":"has-post-thumbnail","6":"product_cat-belleza","7":"product_cat-dermocosmetica","9":"first","10":"instock","11":"shipping-taxable","12":"purchasable","13":"product-type-simple"},"_links":{"self":[{"href":"https:\/\/farmaciadagostino.com.ar\/sitio\/wp-json\/wp\/v2\/product\/14834","targetHints":{"allow":["GET"]}}],"collection":[{"href":"https:\/\/farmaciadagostino.com.ar\/sitio\/wp-json\/wp\/v2\/product"}],"about":[{"href":"https:\/\/farmaciadagostino.com.ar\/sitio\/wp-json\/wp\/v2\/types\/product"}],"replies":[{"embeddable":true,"href":"https:\/\/farmaciadagostino.com.ar\/sitio\/wp-json\/wp\/v2\/comments?post=14834"}],"wp:featuredmedia":[{"embeddable":true,"href":"https:\/\/farmaciadagostino.com.ar\/sitio\/wp-json\/wp\/v2\/media\/11510"}],"wp:attachment":[{"href":"https:\/\/farmaciadagostino.com.ar\/sitio\/wp-json\/wp\/v2\/media?parent=14834"}],"wp:term":[{"taxonomy":"product_brand","embeddable":true,"href":"https:\/\/farmaciadagostino.com.ar\/sitio\/wp-json\/wp\/v2\/product_brand?post=14834"},{"taxonomy":"product_cat","embeddable":true,"href":"https:\/\/farmaciadagostino.com.ar\/sitio\/wp-json\/wp\/v2\/product_cat?post=14834"},{"taxonomy":"product_tag","embeddable":true,"href":"https:\/\/farmaciadagostino.com.ar\/sitio\/wp-json\/wp\/v2\/product_tag?post=14834"}],"curies":[{"name":"wp","href":"https:\/\/api.w.org\/{rel}","templated":true}]}}