{"id":14836,"date":"2024-07-01T21:19:57","date_gmt":"2024-07-02T00:19:57","guid":{"rendered":"https:\/\/farmaciadagostino.com.ar\/sitio\/producto\/dermaglos-gel-facial-piel-mixta-a-grasa-70-gr\/"},"modified":"2026-03-09T10:18:19","modified_gmt":"2026-03-09T13:18:19","slug":"dermaglos-gel-facial-piel-mixta-a-grasa-70-gr","status":"publish","type":"product","link":"https:\/\/farmaciadagostino.com.ar\/sitio\/producto\/dermaglos-gel-facial-piel-mixta-a-grasa-70-gr\/","title":{"rendered":"Dermaglos Gel Facial Piel Mixta a Grasa 70 gr"},"content":{"rendered":"<p>El gel facial Dermagl\u00f3s Hidratacion Equilibrada x 70 g, controla el brillo de tu piel otorg\u00e1ndole frescura y suavidad al mismo tiempo gracias a la acci\u00f3n combinada de sus componentes. De r\u00e1pida absorci\u00f3n, deja la piel fresca y sin brillo. Especialmente indicada para pieles mixtas a grasas. Hidrata en profundidad otorgando frescura y suavidad al mismo tiempo. Es de r\u00e1pida absorci\u00f3n y deja la piel fresca, sin brillo.<\/p>\n<h5>Beneficios:<\/h5>\n<p>Contiene vitamina A que repara los tejidos otorgando elasticidad e hidrataci\u00f3n cut\u00e1nea. Antioxidante. Vitamina E, que retarda el fotoenvejecimiento. Antioxidante. Tambi\u00e9n contiene Pentavitim \u2122, que regula la humectaci\u00f3n bajo condiciones secas, donde otros humectantes pierden efectividad. Y Dry flo PC que absorbe el exceso de oleosidad en la piel.<\/p>\n<h5>Modo de Uso:<\/h5>\n<p>Aplicar todos los d\u00edas sobre la piel limpia en rostro, cuello y escote como segundo paso luego de la limpieza diaria.<\/p>\n","protected":false},"excerpt":{"rendered":"<p>El gel facial Dermagl\u00f3s Hidratacion Equilibrada x 70 g, controla el brillo de tu piel otorg\u00e1ndole frescura y suavidad al mismo tiempo gracias a la acci\u00f3n combinada de sus componentes<\/p>\n","protected":false},"featured_media":11581,"comment_status":"open","ping_status":"closed","template":"","meta":[],"product_brand":[],"product_cat":[237,162],"product_tag":[],"class_list":{"0":"post-14836","1":"product","2":"type-product","3":"status-publish","4":"has-post-thumbnail","6":"product_cat-belleza","7":"product_cat-dermocosmetica","9":"first","10":"instock","11":"shipping-taxable","12":"purchasable","13":"product-type-simple"},"_links":{"self":[{"href":"https:\/\/farmaciadagostino.com.ar\/sitio\/wp-json\/wp\/v2\/product\/14836","targetHints":{"allow":["GET"]}}],"collection":[{"href":"https:\/\/farmaciadagostino.com.ar\/sitio\/wp-json\/wp\/v2\/product"}],"about":[{"href":"https:\/\/farmaciadagostino.com.ar\/sitio\/wp-json\/wp\/v2\/types\/product"}],"replies":[{"embeddable":true,"href":"https:\/\/farmaciadagostino.com.ar\/sitio\/wp-json\/wp\/v2\/comments?post=14836"}],"wp:featuredmedia":[{"embeddable":true,"href":"https:\/\/farmaciadagostino.com.ar\/sitio\/wp-json\/wp\/v2\/media\/11581"}],"wp:attachment":[{"href":"https:\/\/farmaciadagostino.com.ar\/sitio\/wp-json\/wp\/v2\/media?parent=14836"}],"wp:term":[{"taxonomy":"product_brand","embeddable":true,"href":"https:\/\/farmaciadagostino.com.ar\/sitio\/wp-json\/wp\/v2\/product_brand?post=14836"},{"taxonomy":"product_cat","embeddable":true,"href":"https:\/\/farmaciadagostino.com.ar\/sitio\/wp-json\/wp\/v2\/product_cat?post=14836"},{"taxonomy":"product_tag","embeddable":true,"href":"https:\/\/farmaciadagostino.com.ar\/sitio\/wp-json\/wp\/v2\/product_tag?post=14836"}],"curies":[{"name":"wp","href":"https:\/\/api.w.org\/{rel}","templated":true}]}}