{"id":14841,"date":"2024-07-01T21:20:07","date_gmt":"2024-07-02T00:20:07","guid":{"rendered":"https:\/\/farmaciadagostino.com.ar\/sitio\/producto\/arlyt-solucion-multiuso-premium-360-ml\/"},"modified":"2026-03-09T10:10:11","modified_gmt":"2026-03-09T13:10:11","slug":"arlyt-solucion-multiuso-premium-360-ml","status":"publish","type":"product","link":"https:\/\/farmaciadagostino.com.ar\/sitio\/producto\/arlyt-solucion-multiuso-premium-360-ml\/","title":{"rendered":"ARLYT PREMIUM SOL X 360 ML"},"content":{"rendered":"<p>La soluci\u00f3n multiprop\u00f3sito Arlyt Premium x 360 ml de Poen, contiene hialuronato de sodio. Es una soluci\u00f3n est\u00e9ril e isot\u00f3nica para lentes de hidrogel y de hidrogel silicona.<\/p>\n<h5>Beneficios:<\/h5>\n<p>La soluci\u00f3n mulituso es humectante, lubricante y de enjuague. Brinda una alta capacidad de hidrataci\u00f3n de efecto prologado.<\/p>\n<h5>Modo de Uso:<\/h5>\n<p>Antes de manipular las lentes de contacto l\u00e1vese las manos con jab\u00f3n neutro y enju\u00e1gueselas.<\/p>\n<p>Paso 1: Sacar una lente de contacto y enjuagarla durante algunos segundos con Arlyt Premium.<\/p>\n<p>Paso 2: Colocar en el portalentes una cantidad suficiente de arlyt Premium para cubrir enteramente la lente e introducir la que acaba de enjuagar.<\/p>\n<p>Paso 3: No es necesario frotar la lente de contacto, realizarlo si su contact\u00f3logo lo recomienda. En ese caso, colocar 2 o 3 gotas en la lente de contacto y frotarla suavemente durante 20 segundos.<\/p>\n<p>Paso 4: Retirar la otra lente y repetir las operaciones realizadas con la primera.<\/p>\n<p>Paso 5: Dejar las lentes en el estuche cerrado durante toda la noche o al menos por 4 horas.<\/p>\n<p>Paso 6: Antes de volver a colocarse las lentes, enju\u00e1guelas durante algunos segundos con arlyt Premium.<\/p>\n","protected":false},"excerpt":{"rendered":"<p>La soluci\u00f3n multiprop\u00f3sito Arlyt Premium x 360 ml de Poen, contiene hialuronato de sodio<\/p>\n","protected":false},"featured_media":13086,"comment_status":"open","ping_status":"closed","template":"","meta":[],"product_brand":[],"product_cat":[149],"product_tag":[],"class_list":{"0":"post-14841","1":"product","2":"type-product","3":"status-publish","4":"has-post-thumbnail","6":"product_cat-farmacia","8":"first","9":"instock","10":"shipping-taxable","11":"purchasable","12":"product-type-simple"},"_links":{"self":[{"href":"https:\/\/farmaciadagostino.com.ar\/sitio\/wp-json\/wp\/v2\/product\/14841","targetHints":{"allow":["GET"]}}],"collection":[{"href":"https:\/\/farmaciadagostino.com.ar\/sitio\/wp-json\/wp\/v2\/product"}],"about":[{"href":"https:\/\/farmaciadagostino.com.ar\/sitio\/wp-json\/wp\/v2\/types\/product"}],"replies":[{"embeddable":true,"href":"https:\/\/farmaciadagostino.com.ar\/sitio\/wp-json\/wp\/v2\/comments?post=14841"}],"wp:featuredmedia":[{"embeddable":true,"href":"https:\/\/farmaciadagostino.com.ar\/sitio\/wp-json\/wp\/v2\/media\/13086"}],"wp:attachment":[{"href":"https:\/\/farmaciadagostino.com.ar\/sitio\/wp-json\/wp\/v2\/media?parent=14841"}],"wp:term":[{"taxonomy":"product_brand","embeddable":true,"href":"https:\/\/farmaciadagostino.com.ar\/sitio\/wp-json\/wp\/v2\/product_brand?post=14841"},{"taxonomy":"product_cat","embeddable":true,"href":"https:\/\/farmaciadagostino.com.ar\/sitio\/wp-json\/wp\/v2\/product_cat?post=14841"},{"taxonomy":"product_tag","embeddable":true,"href":"https:\/\/farmaciadagostino.com.ar\/sitio\/wp-json\/wp\/v2\/product_tag?post=14841"}],"curies":[{"name":"wp","href":"https:\/\/api.w.org\/{rel}","templated":true}]}}