{"id":14872,"date":"2024-07-01T21:20:55","date_gmt":"2024-07-02T00:20:55","guid":{"rendered":"https:\/\/farmaciadagostino.com.ar\/sitio\/producto\/caviahue-serum-nz-30-gr\/"},"modified":"2026-03-09T10:10:12","modified_gmt":"2026-03-09T13:10:12","slug":"caviahue-serum-nz-30-gr","status":"publish","type":"product","link":"https:\/\/farmaciadagostino.com.ar\/sitio\/producto\/caviahue-serum-nz-30-gr\/","title":{"rendered":"Caviahue Serum Nz 30 gr"},"content":{"rendered":"<p>Ingredientes activos:<\/p>\n<p>Niacinamida (10%): la niacinamida es una mol\u00e9cula derivada de la  Vitamina B3 regula la producci\u00f3n de sebo, hidrata y posee acci\u00f3n antimicrobiana, lo cual beneficia a pieles grasas y mixtas. Su uso regular minimiza los poros dilatados y mejora la textura global de la piel. Tambi\u00e9n inhibe la s\u00edntesis de melanina y suaviza manchas. Por su efecto antiinflamatorio calma las pieles sensibles e irritadas.<\/p>\n<p>Gluconato de zinc al 1,2%: complementa la acci\u00f3n de la niacinamida por tener efecto sebo-regulador (ideal para pieles grasas) y antimicrobiano<br \/>\n(relevante para pieles con tendencia acneica). <\/p>\n<p>Agua termal volc\u00e1nica: agua termal del Volc\u00e1n Copahue al 5 %% extra\u00edda del complejo Copahue ? Caviahue, rica en minerales y oligoelementos como el s\u00edlice, zinc y manganeso. <\/p>\n<p>D.S.B. C ? (SILANEDIOL SALICYLATE) es ideal por combinar la acci\u00f3n del \u00c1cido Salic\u00edlico para acn\u00e9 y la potencia del silicio org\u00e1nico. Ayuda a<br \/>\ndisminuir la oleosidad y unifica el tono de la piel.<\/p>\n<p>Particularidades: El Nuevo Serum Nz seboregulador con Niacinamida al 10%, Agua Termal del Volc\u00e1n Copahue 5%, Gluconato de Zinc 1,2% y Vitamina E<br \/>\nespecialmente formulado por el Laboratorio Copahue para las pieles grasas y mixtas.<br \/>\nLas pieles seborreicas o grasas presentan aumento en la secreci\u00f3n seb\u00e1cea. Su espesor aumentado, los poros dilatados y una secreci\u00f3n seb\u00e1cea abundante sumado a la predisposici\u00f3n al acn\u00e9 justifican el uso de un Serum espec\u00edfico seboregulador.<br \/>\nLa sinergia de los ingredientes activos presentes en el Serum Nz (Niacinamida al 10%, Agua Termal del Volc\u00e1n Copahue 5%, Gluconato de Zinc 1,2% y Vitamina E) incrementa la funci\u00f3n barrera de la piel y aumenta las defensas antioxidantes. Protege de los radicales libres ocasionados por la poluci\u00f3n y la radiaci\u00f3n solar.<\/p>\n<p>Pilares:<\/p>\n<p>&#8211; SEBOREGULADOR<br \/>\n&#8211; Balancea pieles grasas, disminuye poros dilatados.<br \/>\n&#8211; Accion antiinflamatoria: descongestiona pieles sensibles y beneficia a pieles con acne, rosacea, dermatitis o psoriasis.<br \/>\n&#8211; Contiene un booster que aumenta la penetraci\u00f3n y eficacia de activos en la piel.<br \/>\n&#8211; Disminuye la oleosidad y calma el stress diario de la piel.<br \/>\n&#8211; Balancea pieles grasas y mixtas<br \/>\n&#8211; Beneficia a pieles con acn\u00e9<br \/>\n&#8211; Homogeneiza textura<br \/>\n&#8211; Homogeneiza textura<br \/>\n&#8211; SIN: fragancias, parabenos, colorantes, sulfatos, Nalatos, siliconas, parafinas.<br \/>\n&#8211; Sin crueldad animal<br \/>\n&#8211; Hipoalerg\u00e9nico \/ Dermatol\u00f3gicamente testeado<\/p>\n","protected":false},"excerpt":{"rendered":"<p>Ingredientes activos:<\/p>\n<p>Niacinamida (10%): la niacinamida es una mol\u00e9cula derivada de la  Vitamina B3 regula la producci\u00f3n de sebo, hidrata y posee acci\u00f3n antimicrobiana, lo cual beneficia a pieles grasas y mixtas<\/p>\n","protected":false},"featured_media":12518,"comment_status":"open","ping_status":"closed","template":"","meta":[],"product_brand":[],"product_cat":[237,162],"product_tag":[],"class_list":{"0":"post-14872","1":"product","2":"type-product","3":"status-publish","4":"has-post-thumbnail","6":"product_cat-belleza","7":"product_cat-dermocosmetica","9":"first","10":"instock","11":"shipping-taxable","12":"purchasable","13":"product-type-simple"},"_links":{"self":[{"href":"https:\/\/farmaciadagostino.com.ar\/sitio\/wp-json\/wp\/v2\/product\/14872","targetHints":{"allow":["GET"]}}],"collection":[{"href":"https:\/\/farmaciadagostino.com.ar\/sitio\/wp-json\/wp\/v2\/product"}],"about":[{"href":"https:\/\/farmaciadagostino.com.ar\/sitio\/wp-json\/wp\/v2\/types\/product"}],"replies":[{"embeddable":true,"href":"https:\/\/farmaciadagostino.com.ar\/sitio\/wp-json\/wp\/v2\/comments?post=14872"}],"wp:featuredmedia":[{"embeddable":true,"href":"https:\/\/farmaciadagostino.com.ar\/sitio\/wp-json\/wp\/v2\/media\/12518"}],"wp:attachment":[{"href":"https:\/\/farmaciadagostino.com.ar\/sitio\/wp-json\/wp\/v2\/media?parent=14872"}],"wp:term":[{"taxonomy":"product_brand","embeddable":true,"href":"https:\/\/farmaciadagostino.com.ar\/sitio\/wp-json\/wp\/v2\/product_brand?post=14872"},{"taxonomy":"product_cat","embeddable":true,"href":"https:\/\/farmaciadagostino.com.ar\/sitio\/wp-json\/wp\/v2\/product_cat?post=14872"},{"taxonomy":"product_tag","embeddable":true,"href":"https:\/\/farmaciadagostino.com.ar\/sitio\/wp-json\/wp\/v2\/product_tag?post=14872"}],"curies":[{"name":"wp","href":"https:\/\/api.w.org\/{rel}","templated":true}]}}