{"id":14873,"date":"2024-07-01T21:20:56","date_gmt":"2024-07-02T00:20:56","guid":{"rendered":"https:\/\/farmaciadagostino.com.ar\/sitio\/producto\/caviahue-tonico-hidratante\/"},"modified":"2026-03-09T10:18:20","modified_gmt":"2026-03-09T13:18:20","slug":"caviahue-tonico-hidratante","status":"publish","type":"product","link":"https:\/\/farmaciadagostino.com.ar\/sitio\/producto\/caviahue-tonico-hidratante\/","title":{"rendered":"Caviahue T\u00f3nico Hidratante"},"content":{"rendered":"<p>T\u00f3nico hidratante con agua del volc\u00e1n Copahue<br \/>\nPote 180 Ml<br \/>\nBeneficios<br \/>\n&#8211; Hidrata, refrezca y calma la piel<br \/>\n&#8211; Testeado Dermatol\u00f3gicamente para todo tipo de pieles<\/p>\n<p>Modo de uso: Aplicar a 15-20 cm de la piel y dejar actuar. Usar todas las veces que la piel necesite hidratarse.<\/p>\n<p>Ingredientes: Aqua, Propylene glycol, Glycerin, Urea, Alcohol,Thermal water, Chamomilla recutita extract, Allantoin, Benzalkonium chloride, Mel, Disodium EDTA, Menthol, Parfum, Limonene, Linalool, Benzylsalicylate,Butylphenylmethylpropional, Geraniol, Hydroxycitronellal<\/p>\n","protected":false},"excerpt":{"rendered":"<p>T\u00f3nico hidratante con agua del volc\u00e1n Copahue<br \/>\nPote 180 Ml<br \/>\nBeneficios<br \/>\n&#8211; Hidrata, refrezca y calma la piel<br \/>\n&#8211; Testeado Dermatol\u00f3gicamente para todo tipo de pieles<\/p>\n<p>Modo de uso: Aplicar a 15-20 cm de la piel y dejar actuar<\/p>\n","protected":false},"featured_media":12527,"comment_status":"open","ping_status":"closed","template":"","meta":[],"product_brand":[],"product_cat":[237,162],"product_tag":[],"class_list":{"0":"post-14873","1":"product","2":"type-product","3":"status-publish","4":"has-post-thumbnail","6":"product_cat-belleza","7":"product_cat-dermocosmetica","9":"first","10":"instock","11":"shipping-taxable","12":"purchasable","13":"product-type-simple"},"_links":{"self":[{"href":"https:\/\/farmaciadagostino.com.ar\/sitio\/wp-json\/wp\/v2\/product\/14873","targetHints":{"allow":["GET"]}}],"collection":[{"href":"https:\/\/farmaciadagostino.com.ar\/sitio\/wp-json\/wp\/v2\/product"}],"about":[{"href":"https:\/\/farmaciadagostino.com.ar\/sitio\/wp-json\/wp\/v2\/types\/product"}],"replies":[{"embeddable":true,"href":"https:\/\/farmaciadagostino.com.ar\/sitio\/wp-json\/wp\/v2\/comments?post=14873"}],"wp:featuredmedia":[{"embeddable":true,"href":"https:\/\/farmaciadagostino.com.ar\/sitio\/wp-json\/wp\/v2\/media\/12527"}],"wp:attachment":[{"href":"https:\/\/farmaciadagostino.com.ar\/sitio\/wp-json\/wp\/v2\/media?parent=14873"}],"wp:term":[{"taxonomy":"product_brand","embeddable":true,"href":"https:\/\/farmaciadagostino.com.ar\/sitio\/wp-json\/wp\/v2\/product_brand?post=14873"},{"taxonomy":"product_cat","embeddable":true,"href":"https:\/\/farmaciadagostino.com.ar\/sitio\/wp-json\/wp\/v2\/product_cat?post=14873"},{"taxonomy":"product_tag","embeddable":true,"href":"https:\/\/farmaciadagostino.com.ar\/sitio\/wp-json\/wp\/v2\/product_tag?post=14873"}],"curies":[{"name":"wp","href":"https:\/\/api.w.org\/{rel}","templated":true}]}}