{"id":14879,"date":"2024-07-01T21:21:01","date_gmt":"2024-07-02T00:21:01","guid":{"rendered":"https:\/\/farmaciadagostino.com.ar\/sitio\/producto\/dermaglos-protector-solar-emulsion-fps-65-crema-90-gr\/"},"modified":"2026-03-09T10:18:20","modified_gmt":"2026-03-09T13:18:20","slug":"dermaglos-protector-solar-emulsion-fps-65-crema-90-gr","status":"publish","type":"product","link":"https:\/\/farmaciadagostino.com.ar\/sitio\/producto\/dermaglos-protector-solar-emulsion-fps-65-crema-90-gr\/","title":{"rendered":"Dermaglos Protector Solar Emulsion Fps 65 crema 90 gr"},"content":{"rendered":"<h5>Descripci\u00f3n<\/h5>\n<p>Protector solar en crema Dermagl\u00f3s con FPS 65 contra rayos UVA y UVB para piel extremadamente sensible. Contiene Vitamina A. Hidrata y nutre la piel, previniendo el envejecimiento prematuro producido por las radiaciones solares. Resistente al agua.<\/p>\n<h5>Beneficios:<\/h5>\n<p>-Protege las pieles con dermatosis fotoagravadas (vit\u00edligo, ros\u00e1cea).<\/p>\n<p>-Protege las pieles hiperreactivas al sol.<\/p>\n<p>Previene las manchas en el embarazo.<\/p>\n<p>-Protege las cicatrices.<\/p>\n<p>-Libre de gluten, apto para cel\u00edacos.<\/p>\n<h5>Modo de Uso:<\/h5>\n<p>Aplicar abundantemente en el rostro y en el cuerpo 30 (treinta) minutos antes de la exposici\u00f3n al sol. Reaplicar cada 2 horas y luego de sudoraci\u00f3n intensa, nadar o ba\u00f1arse y\/o secarse con toalla. Uso externo. Recomendado a partir de los 6 meses.<\/p>\n","protected":false},"excerpt":{"rendered":"<p>Descripci\u00f3nProtector solar en crema Dermagl\u00f3s con FPS 65 contra rayos UVA y UVB para piel extremadamente sensible<\/p>\n","protected":false},"featured_media":11516,"comment_status":"open","ping_status":"closed","template":"","meta":[],"product_brand":[],"product_cat":[237,262,272,162,264],"product_tag":[],"class_list":{"0":"post-14879","1":"product","2":"type-product","3":"status-publish","4":"has-post-thumbnail","6":"product_cat-belleza","7":"product_cat-promo","8":"product_cat-dermaglos-promo","9":"product_cat-dermocosmetica","10":"product_cat-ofertas","12":"first","13":"instock","14":"sale","15":"shipping-taxable","16":"purchasable","17":"product-type-simple"},"_links":{"self":[{"href":"https:\/\/farmaciadagostino.com.ar\/sitio\/wp-json\/wp\/v2\/product\/14879","targetHints":{"allow":["GET"]}}],"collection":[{"href":"https:\/\/farmaciadagostino.com.ar\/sitio\/wp-json\/wp\/v2\/product"}],"about":[{"href":"https:\/\/farmaciadagostino.com.ar\/sitio\/wp-json\/wp\/v2\/types\/product"}],"replies":[{"embeddable":true,"href":"https:\/\/farmaciadagostino.com.ar\/sitio\/wp-json\/wp\/v2\/comments?post=14879"}],"wp:featuredmedia":[{"embeddable":true,"href":"https:\/\/farmaciadagostino.com.ar\/sitio\/wp-json\/wp\/v2\/media\/11516"}],"wp:attachment":[{"href":"https:\/\/farmaciadagostino.com.ar\/sitio\/wp-json\/wp\/v2\/media?parent=14879"}],"wp:term":[{"taxonomy":"product_brand","embeddable":true,"href":"https:\/\/farmaciadagostino.com.ar\/sitio\/wp-json\/wp\/v2\/product_brand?post=14879"},{"taxonomy":"product_cat","embeddable":true,"href":"https:\/\/farmaciadagostino.com.ar\/sitio\/wp-json\/wp\/v2\/product_cat?post=14879"},{"taxonomy":"product_tag","embeddable":true,"href":"https:\/\/farmaciadagostino.com.ar\/sitio\/wp-json\/wp\/v2\/product_tag?post=14879"}],"curies":[{"name":"wp","href":"https:\/\/api.w.org\/{rel}","templated":true}]}}