{"id":14881,"date":"2024-07-01T21:21:15","date_gmt":"2024-07-02T00:21:15","guid":{"rendered":"https:\/\/farmaciadagostino.com.ar\/sitio\/producto\/caviahue-protector-solar-fps-50-facial-care-50-gr\/"},"modified":"2026-03-09T10:10:12","modified_gmt":"2026-03-09T13:10:12","slug":"caviahue-protector-solar-fps-50-facial-care-50-gr","status":"publish","type":"product","link":"https:\/\/farmaciadagostino.com.ar\/sitio\/producto\/caviahue-protector-solar-fps-50-facial-care-50-gr\/","title":{"rendered":"Caviahue Protector Solar Fps 50+ Facial Care 50 gr"},"content":{"rendered":"<p>Beneficios:<\/p>\n<p>&#8211; Protecci\u00f3n muy alta para el uso diario facial.<br \/>\n&#8211; Brinda protecci\u00f3n contra la luz azul.<br \/>\n&#8211; Hidrata y previene manchas.<br \/>\n&#8211; Acabado toque seco. Apto para todo tipo de piel.<br \/>\n&#8211; F\u00f3rmula sin fragancias. Sin parabenos. Sin Oxibenzona. Sin aceites minerales. Sin TACC.<br \/>\n&#8211; Testeado dermatol\u00f3gicamente.<\/p>\n<p>Modo de uso:<\/p>\n<p>Aplicar Facial Care para finalizar la rutina diaria del cuidado de la piel. Re-aplicar de manera frecuente para mantener la efectividad del producto. Es indispensable reaplicar el fotoprotector facial siempre, luego de sudoraci\u00f3n intensa, nadar o ba\u00f1arse, secarse con toalla y durante la exposici\u00f3n al sol (cada dos horas).<\/p>\n<p>La cantidad por aplicaci\u00f3n es de al menos 1 g para para cubrir suficientemente todo el rostro y parte del cuello. Esta indicaci\u00f3n es para el promedio poblacional, considerar en cada caso una abundante y pareja cobertura porque si la cantidad no es adecuada, el nivel de protecci\u00f3n ser\u00e1 significativamente reducido.<\/p>\n<p>Ingredientes: Aqua, Ethylhexyl Methoxycinnamate, Diethylamino Hydroxybenzoyl Hexyl Benzoate, Propanediol, Ethylhexyl Salicylate, Nylon-6\/12, Dicaprylyl Carbonate, Niacinamide, Undecane, Methylene Bis-Benzotriazolyl Tetramethylbutylphenol, Ethylhexyl Triazone, Coco-Caprylate, Silica, Tridecane, Acrylates\/Beheneth-25 Methacrylate Copolymer, Cetearyl Alcohol, Glyceryl Stearate, Decyl Glucoside, Ceteth-20, Sodium Polyacrylate, Phenoxyethanol, Caprylyl Glycol, Tocopherol, Panthenol, Crambe Abyssinica Seed Oil, Hydroxypropyl Starch Phosphate, Sodium Hyaluronate, Propylene Glycol, Xanthan Gum, Triethanolamine.<\/p>\n","protected":false},"excerpt":{"rendered":"<p>Beneficios:<\/p>\n<p>&#8211; Protecci\u00f3n muy alta para el uso diario facial<\/p>\n","protected":false},"featured_media":12547,"comment_status":"open","ping_status":"closed","template":"","meta":[],"product_brand":[],"product_cat":[237,162],"product_tag":[],"class_list":{"0":"post-14881","1":"product","2":"type-product","3":"status-publish","4":"has-post-thumbnail","6":"product_cat-belleza","7":"product_cat-dermocosmetica","9":"first","10":"instock","11":"shipping-taxable","12":"purchasable","13":"product-type-simple"},"_links":{"self":[{"href":"https:\/\/farmaciadagostino.com.ar\/sitio\/wp-json\/wp\/v2\/product\/14881","targetHints":{"allow":["GET"]}}],"collection":[{"href":"https:\/\/farmaciadagostino.com.ar\/sitio\/wp-json\/wp\/v2\/product"}],"about":[{"href":"https:\/\/farmaciadagostino.com.ar\/sitio\/wp-json\/wp\/v2\/types\/product"}],"replies":[{"embeddable":true,"href":"https:\/\/farmaciadagostino.com.ar\/sitio\/wp-json\/wp\/v2\/comments?post=14881"}],"wp:featuredmedia":[{"embeddable":true,"href":"https:\/\/farmaciadagostino.com.ar\/sitio\/wp-json\/wp\/v2\/media\/12547"}],"wp:attachment":[{"href":"https:\/\/farmaciadagostino.com.ar\/sitio\/wp-json\/wp\/v2\/media?parent=14881"}],"wp:term":[{"taxonomy":"product_brand","embeddable":true,"href":"https:\/\/farmaciadagostino.com.ar\/sitio\/wp-json\/wp\/v2\/product_brand?post=14881"},{"taxonomy":"product_cat","embeddable":true,"href":"https:\/\/farmaciadagostino.com.ar\/sitio\/wp-json\/wp\/v2\/product_cat?post=14881"},{"taxonomy":"product_tag","embeddable":true,"href":"https:\/\/farmaciadagostino.com.ar\/sitio\/wp-json\/wp\/v2\/product_tag?post=14881"}],"curies":[{"name":"wp","href":"https:\/\/api.w.org\/{rel}","templated":true}]}}