{"id":14906,"date":"2024-07-01T21:21:45","date_gmt":"2024-07-02T00:21:45","guid":{"rendered":"https:\/\/farmaciadagostino.com.ar\/sitio\/producto\/dermaglos-protector-solar-aerosol-invisible-fps-40-170-ml\/"},"modified":"2026-03-09T10:25:29","modified_gmt":"2026-03-09T13:25:29","slug":"dermaglos-protector-solar-aerosol-invisible-fps-40-170-ml","status":"publish","type":"product","link":"https:\/\/farmaciadagostino.com.ar\/sitio\/producto\/dermaglos-protector-solar-aerosol-invisible-fps-40-170-ml\/","title":{"rendered":"Dermaglos Protector Solar Aerosol Invisible Fps 40 170 ml"},"content":{"rendered":"<p>Protecci\u00f3n solar alta en spray continuo FPS 40 contra rayos UVA, UVB y las quemaduras solares. Deja una agradable sensaci\u00f3n en la piel.<\/p>\n<h5>Beneficios:<\/h5>\n<p>-Hidrata y nutre la piel.<\/p>\n<p>-Ideal para pieles sensibles.<\/p>\n<p>-La vitamina E brinda un efecto antioxidante y antiinflamatorio.<\/p>\n<p>-La Alanto\u00edna ortorga acci\u00f3n queratol\u00edtica y regeneradora de la piel.<\/p>\n<h5>Modo de uso:<\/p>\n<p>Aplicar abundantemente en el rostro y en el cuerpo 30 (treinta) minutos antes de la exposici\u00f3n al sol. Rociar preferentemente en un lugar resguardado del viento y esparcir con la mano en forma pareja. No vaporizar directo sobre la cara, ojos o mucosas; aplicarlo sobre la mano y luego esparcirlos sobre el rostro. Reaplicar cada 2 horas y luego de sudoraci\u00f3n intensa, nadar o ba\u00f1arse y\/o secarse con toalla. Uso externo. Recomendado a partir de los 3 a\u00f1os.<\/p>\n<p>Libre de gluten, apto para cel\u00edacos.<\/p>\n<\/h5>\n","protected":false},"excerpt":{"rendered":"<p>Protecci\u00f3n solar alta en spray continuo FPS 40 contra rayos UVA, UVB y las quemaduras solares<\/p>\n","protected":false},"featured_media":11522,"comment_status":"open","ping_status":"closed","template":"","meta":[],"product_brand":[],"product_cat":[237,262,272,162,264],"product_tag":[],"class_list":{"0":"post-14906","1":"product","2":"type-product","3":"status-publish","4":"has-post-thumbnail","6":"product_cat-belleza","7":"product_cat-promo","8":"product_cat-dermaglos-promo","9":"product_cat-dermocosmetica","10":"product_cat-ofertas","12":"first","13":"instock","14":"sale","15":"shipping-taxable","16":"purchasable","17":"product-type-simple"},"_links":{"self":[{"href":"https:\/\/farmaciadagostino.com.ar\/sitio\/wp-json\/wp\/v2\/product\/14906","targetHints":{"allow":["GET"]}}],"collection":[{"href":"https:\/\/farmaciadagostino.com.ar\/sitio\/wp-json\/wp\/v2\/product"}],"about":[{"href":"https:\/\/farmaciadagostino.com.ar\/sitio\/wp-json\/wp\/v2\/types\/product"}],"replies":[{"embeddable":true,"href":"https:\/\/farmaciadagostino.com.ar\/sitio\/wp-json\/wp\/v2\/comments?post=14906"}],"wp:featuredmedia":[{"embeddable":true,"href":"https:\/\/farmaciadagostino.com.ar\/sitio\/wp-json\/wp\/v2\/media\/11522"}],"wp:attachment":[{"href":"https:\/\/farmaciadagostino.com.ar\/sitio\/wp-json\/wp\/v2\/media?parent=14906"}],"wp:term":[{"taxonomy":"product_brand","embeddable":true,"href":"https:\/\/farmaciadagostino.com.ar\/sitio\/wp-json\/wp\/v2\/product_brand?post=14906"},{"taxonomy":"product_cat","embeddable":true,"href":"https:\/\/farmaciadagostino.com.ar\/sitio\/wp-json\/wp\/v2\/product_cat?post=14906"},{"taxonomy":"product_tag","embeddable":true,"href":"https:\/\/farmaciadagostino.com.ar\/sitio\/wp-json\/wp\/v2\/product_tag?post=14906"}],"curies":[{"name":"wp","href":"https:\/\/api.w.org\/{rel}","templated":true}]}}