{"id":14907,"date":"2024-07-01T21:21:45","date_gmt":"2024-07-02T00:21:45","guid":{"rendered":"https:\/\/farmaciadagostino.com.ar\/sitio\/producto\/dermaglos-protector-solar-aerosol-invisible-fps-50-170-ml\/"},"modified":"2026-03-09T10:10:12","modified_gmt":"2026-03-09T13:10:12","slug":"dermaglos-protector-solar-aerosol-invisible-fps-50-170-ml","status":"publish","type":"product","link":"https:\/\/farmaciadagostino.com.ar\/sitio\/producto\/dermaglos-protector-solar-aerosol-invisible-fps-50-170-ml\/","title":{"rendered":"Dermaglos Protector Solar Aerosol Invisible Fps 50 170 ml"},"content":{"rendered":"<p>Protector solar con protecci\u00f3n FPS 50 y f\u00f3rmula invisible en Spray Continuo. Posee una textura ultraliviana y transparente. Resistente al agua.<\/p>\n<h5>Beneficios:<\/h5>\n<p>-F\u00f3rmula invisible ultraliviana sin efecto graso, y de r\u00e1pida absorci\u00f3n.<\/p>\n<p>-Gracias a su formato en spray multiposici\u00f3n de 360\u00b0 permite que la aplicaci\u00f3n sea f\u00e1cil y r\u00e1pida.<\/p>\n<p>-La vitamina E brinda un efecto antioxidante y antiinflamatorio.<\/p>\n<p>-Ideal para zonas pilosas, calvicie, orejas y nuca.<\/p>\n<h5>Modo de uso:<\/h5>\n<p>Aplicar abundantemente en el rostro y en el cuerpo 30 (treinta) minutos antes de la exposici\u00f3n al sol. Rociar preferentemente en un lugar resguardado del viento y esparcir con la mano en forma pareja. No vaporizar directo sobre la cara, ojos o mucosas; aplicarlo sobre la mano y luego esparcirlos sobre el rostro. Reaplicar cada 2 horas y luego de sudoraci\u00f3n intensa, nadar o ba\u00f1arse y\/o secarse con toalla. Uso externo. Recomendado a partir de los 12 a\u00f1os.<\/p>\n<p>Libre de gluten, apto para cel\u00edacos.<\/p>\n","protected":false},"excerpt":{"rendered":"<p>Protector solar con protecci\u00f3n FPS 50 y f\u00f3rmula invisible en Spray Continuo<\/p>\n","protected":false},"featured_media":11526,"comment_status":"open","ping_status":"closed","template":"","meta":[],"product_brand":[],"product_cat":[237,262,272,162,264],"product_tag":[],"class_list":{"0":"post-14907","1":"product","2":"type-product","3":"status-publish","4":"has-post-thumbnail","6":"product_cat-belleza","7":"product_cat-promo","8":"product_cat-dermaglos-promo","9":"product_cat-dermocosmetica","10":"product_cat-ofertas","12":"first","13":"instock","14":"sale","15":"shipping-taxable","16":"purchasable","17":"product-type-simple"},"_links":{"self":[{"href":"https:\/\/farmaciadagostino.com.ar\/sitio\/wp-json\/wp\/v2\/product\/14907","targetHints":{"allow":["GET"]}}],"collection":[{"href":"https:\/\/farmaciadagostino.com.ar\/sitio\/wp-json\/wp\/v2\/product"}],"about":[{"href":"https:\/\/farmaciadagostino.com.ar\/sitio\/wp-json\/wp\/v2\/types\/product"}],"replies":[{"embeddable":true,"href":"https:\/\/farmaciadagostino.com.ar\/sitio\/wp-json\/wp\/v2\/comments?post=14907"}],"wp:featuredmedia":[{"embeddable":true,"href":"https:\/\/farmaciadagostino.com.ar\/sitio\/wp-json\/wp\/v2\/media\/11526"}],"wp:attachment":[{"href":"https:\/\/farmaciadagostino.com.ar\/sitio\/wp-json\/wp\/v2\/media?parent=14907"}],"wp:term":[{"taxonomy":"product_brand","embeddable":true,"href":"https:\/\/farmaciadagostino.com.ar\/sitio\/wp-json\/wp\/v2\/product_brand?post=14907"},{"taxonomy":"product_cat","embeddable":true,"href":"https:\/\/farmaciadagostino.com.ar\/sitio\/wp-json\/wp\/v2\/product_cat?post=14907"},{"taxonomy":"product_tag","embeddable":true,"href":"https:\/\/farmaciadagostino.com.ar\/sitio\/wp-json\/wp\/v2\/product_tag?post=14907"}],"curies":[{"name":"wp","href":"https:\/\/api.w.org\/{rel}","templated":true}]}}