{"id":14910,"date":"2024-07-01T21:21:46","date_gmt":"2024-07-02T00:21:46","guid":{"rendered":"https:\/\/farmaciadagostino.com.ar\/sitio\/producto\/dermaglos-protector-solar-fps-40-emulsion-380-ml\/"},"modified":"2026-03-09T10:25:29","modified_gmt":"2026-03-09T13:25:29","slug":"dermaglos-protector-solar-fps-40-emulsion-380-ml","status":"publish","type":"product","link":"https:\/\/farmaciadagostino.com.ar\/sitio\/producto\/dermaglos-protector-solar-fps-40-emulsion-380-ml\/","title":{"rendered":"Dermaglos Protector Solar Fps 40 emulsion 380 ml"},"content":{"rendered":"<p>Alta protecci\u00f3n contra las quemaduras solares, dejando una agradable sensaci\u00f3n en la piel.<\/p>\n<h5>Beneficios:<\/h5>\n<p>-Hidrata y nutre la piel.<\/p>\n<p>-Ideal para pieles sensibles.<\/p>\n<p>-Resistente al agua.<\/p>\n<p>-Recomendado a partir de los 3 a\u00f1os.<\/p>\n<p>-Libre de gluten, apto para cel\u00edacos.<\/p>\n<h5>Modo de Uso:<\/h5>\n<p>Aplicar abundantemente en el rostro y en el cuerpo 30 (treinta) minutos antes de la exposici\u00f3n al sol. Reaplicar cada 2 horas y luego de sudoraci\u00f3n intensa, nadar o ba\u00f1arse y\/o secarse con toalla. Uso externo.<\/p>\n","protected":false},"excerpt":{"rendered":"<p>Alta protecci\u00f3n contra las quemaduras solares, dejando una agradable sensaci\u00f3n en la piel<\/p>\n","protected":false},"featured_media":20847,"comment_status":"open","ping_status":"closed","template":"","meta":[],"product_brand":[],"product_cat":[237,262,272,162,264],"product_tag":[],"class_list":{"0":"post-14910","1":"product","2":"type-product","3":"status-publish","4":"has-post-thumbnail","6":"product_cat-belleza","7":"product_cat-promo","8":"product_cat-dermaglos-promo","9":"product_cat-dermocosmetica","10":"product_cat-ofertas","12":"first","13":"instock","14":"sale","15":"shipping-taxable","16":"purchasable","17":"product-type-simple"},"_links":{"self":[{"href":"https:\/\/farmaciadagostino.com.ar\/sitio\/wp-json\/wp\/v2\/product\/14910","targetHints":{"allow":["GET"]}}],"collection":[{"href":"https:\/\/farmaciadagostino.com.ar\/sitio\/wp-json\/wp\/v2\/product"}],"about":[{"href":"https:\/\/farmaciadagostino.com.ar\/sitio\/wp-json\/wp\/v2\/types\/product"}],"replies":[{"embeddable":true,"href":"https:\/\/farmaciadagostino.com.ar\/sitio\/wp-json\/wp\/v2\/comments?post=14910"}],"wp:featuredmedia":[{"embeddable":true,"href":"https:\/\/farmaciadagostino.com.ar\/sitio\/wp-json\/wp\/v2\/media\/20847"}],"wp:attachment":[{"href":"https:\/\/farmaciadagostino.com.ar\/sitio\/wp-json\/wp\/v2\/media?parent=14910"}],"wp:term":[{"taxonomy":"product_brand","embeddable":true,"href":"https:\/\/farmaciadagostino.com.ar\/sitio\/wp-json\/wp\/v2\/product_brand?post=14910"},{"taxonomy":"product_cat","embeddable":true,"href":"https:\/\/farmaciadagostino.com.ar\/sitio\/wp-json\/wp\/v2\/product_cat?post=14910"},{"taxonomy":"product_tag","embeddable":true,"href":"https:\/\/farmaciadagostino.com.ar\/sitio\/wp-json\/wp\/v2\/product_tag?post=14910"}],"curies":[{"name":"wp","href":"https:\/\/api.w.org\/{rel}","templated":true}]}}