{"id":14922,"date":"2024-07-01T21:22:41","date_gmt":"2024-07-02T00:22:41","guid":{"rendered":"https:\/\/farmaciadagostino.com.ar\/sitio\/producto\/dentilac-pasta-adhesiva-sabor-neutro-60-gr\/"},"modified":"2026-03-09T10:18:20","modified_gmt":"2026-03-09T13:18:20","slug":"dentilac-pasta-adhesiva-sabor-neutro-60-gr","status":"publish","type":"product","link":"https:\/\/farmaciadagostino.com.ar\/sitio\/producto\/dentilac-pasta-adhesiva-sabor-neutro-60-gr\/","title":{"rendered":"Dentilac Pasta Adhesiva Sabor Neutro 60 gr"},"content":{"rendered":"<p>Dentilac es el adhesivo para pr\u00f3tesis odontolog\u00edas. Su composici\u00f3n asegura la \u00edntima adaptaci\u00f3n de la pr\u00f3tesis a los tejidos de soporte y su estabilidad ante la diversidad de movimientos funcionales. &lt; p&gt;<\/p>\n","protected":false},"excerpt":{"rendered":"<p>Dentilac es el adhesivo para pr\u00f3tesis odontolog\u00edas<\/p>\n","protected":false},"featured_media":11050,"comment_status":"open","ping_status":"closed","template":"","meta":[],"product_brand":[],"product_cat":[152],"product_tag":[],"class_list":{"0":"post-14922","1":"product","2":"type-product","3":"status-publish","4":"has-post-thumbnail","6":"product_cat-cuidado-personal","8":"first","9":"instock","10":"shipping-taxable","11":"purchasable","12":"product-type-simple"},"_links":{"self":[{"href":"https:\/\/farmaciadagostino.com.ar\/sitio\/wp-json\/wp\/v2\/product\/14922","targetHints":{"allow":["GET"]}}],"collection":[{"href":"https:\/\/farmaciadagostino.com.ar\/sitio\/wp-json\/wp\/v2\/product"}],"about":[{"href":"https:\/\/farmaciadagostino.com.ar\/sitio\/wp-json\/wp\/v2\/types\/product"}],"replies":[{"embeddable":true,"href":"https:\/\/farmaciadagostino.com.ar\/sitio\/wp-json\/wp\/v2\/comments?post=14922"}],"wp:featuredmedia":[{"embeddable":true,"href":"https:\/\/farmaciadagostino.com.ar\/sitio\/wp-json\/wp\/v2\/media\/11050"}],"wp:attachment":[{"href":"https:\/\/farmaciadagostino.com.ar\/sitio\/wp-json\/wp\/v2\/media?parent=14922"}],"wp:term":[{"taxonomy":"product_brand","embeddable":true,"href":"https:\/\/farmaciadagostino.com.ar\/sitio\/wp-json\/wp\/v2\/product_brand?post=14922"},{"taxonomy":"product_cat","embeddable":true,"href":"https:\/\/farmaciadagostino.com.ar\/sitio\/wp-json\/wp\/v2\/product_cat?post=14922"},{"taxonomy":"product_tag","embeddable":true,"href":"https:\/\/farmaciadagostino.com.ar\/sitio\/wp-json\/wp\/v2\/product_tag?post=14922"}],"curies":[{"name":"wp","href":"https:\/\/api.w.org\/{rel}","templated":true}]}}