{"id":14929,"date":"2024-07-01T21:22:52","date_gmt":"2024-07-02T00:22:52","guid":{"rendered":"https:\/\/farmaciadagostino.com.ar\/sitio\/producto\/vaso-para-bebe-avent-my-grippy-azul-x-300-ml\/"},"modified":"2026-03-09T10:25:30","modified_gmt":"2026-03-09T13:25:30","slug":"vaso-para-bebe-avent-my-grippy-azul-x-300-ml","status":"publish","type":"product","link":"https:\/\/farmaciadagostino.com.ar\/sitio\/producto\/vaso-para-bebe-avent-my-grippy-azul-x-300-ml\/","title":{"rendered":"Vaso Para Beb\u00e9 Avent My Grippy Azul x 300 ml"},"content":{"rendered":"<p>Vaso con boquilla de silicona para nene, v\u00e1lvula antigoteo, sin BPA, para 9 meses, 300 ml. A prueba de fugas para beber sin ensuciar; el 80% de las madres est\u00e1n de acuerdo. 100% a prueba de fugas. Flexible, boquilla de silicona suave es suave en las enc\u00edas. Mezcla y combina las piezas de la botella y taza Philips AVENT. Compatible con todas las botellas Philips AVENT y tazas para beber (excluyendo Botellas de cristal y mi primer vaso para ni\u00f1os grandes). Sin BPA y apto para lavavajillas. La copa Philips AVENT My Grippy con boquilla de 10 oz es la opci\u00f3n ideal para ni\u00f1os peque\u00f1os en crecimiento y activos. Es a prueba de fugas para beber sin l\u00edos \u2013 el 80% de las madres est\u00e1n de acuerdo, por lo que no tienes que preocuparte por derrames o golpes. Tambi\u00e9n tiene una boquilla flexible de silicona suave que es suave para las enc\u00edas; y tiene una forma contorneada con agarres de textura antideslizante que hacen que sea f\u00e1cil para las manos peque\u00f1as. La taza de boquilla My Grippy es libre de BPA, apto para lavavajillas y viene con pocas partes, por lo que el montaje es muy f\u00e1cil. Todas las botellas y vasos Philips AVENT son compatibles (excepto las botellas de vidrio y las tazas de mi primer ni\u00f1o grande), por lo que puedes mezclar y combinar piezas para crear el producto que funcione para ti.<\/p>\n","protected":false},"excerpt":{"rendered":"<p>Vaso con boquilla de silicona para nene, v\u00e1lvula antigoteo, sin BPA, para 9 meses, 300 ml<\/p>\n","protected":false},"featured_media":13874,"comment_status":"open","ping_status":"closed","template":"","meta":[],"product_brand":[],"product_cat":[177,266],"product_tag":[],"class_list":{"0":"post-14929","1":"product","2":"type-product","3":"status-publish","4":"has-post-thumbnail","6":"product_cat-bebe-maternidad","7":"product_cat-infancias","9":"first","10":"instock","11":"shipping-taxable","12":"purchasable","13":"product-type-simple"},"_links":{"self":[{"href":"https:\/\/farmaciadagostino.com.ar\/sitio\/wp-json\/wp\/v2\/product\/14929","targetHints":{"allow":["GET"]}}],"collection":[{"href":"https:\/\/farmaciadagostino.com.ar\/sitio\/wp-json\/wp\/v2\/product"}],"about":[{"href":"https:\/\/farmaciadagostino.com.ar\/sitio\/wp-json\/wp\/v2\/types\/product"}],"replies":[{"embeddable":true,"href":"https:\/\/farmaciadagostino.com.ar\/sitio\/wp-json\/wp\/v2\/comments?post=14929"}],"wp:featuredmedia":[{"embeddable":true,"href":"https:\/\/farmaciadagostino.com.ar\/sitio\/wp-json\/wp\/v2\/media\/13874"}],"wp:attachment":[{"href":"https:\/\/farmaciadagostino.com.ar\/sitio\/wp-json\/wp\/v2\/media?parent=14929"}],"wp:term":[{"taxonomy":"product_brand","embeddable":true,"href":"https:\/\/farmaciadagostino.com.ar\/sitio\/wp-json\/wp\/v2\/product_brand?post=14929"},{"taxonomy":"product_cat","embeddable":true,"href":"https:\/\/farmaciadagostino.com.ar\/sitio\/wp-json\/wp\/v2\/product_cat?post=14929"},{"taxonomy":"product_tag","embeddable":true,"href":"https:\/\/farmaciadagostino.com.ar\/sitio\/wp-json\/wp\/v2\/product_tag?post=14929"}],"curies":[{"name":"wp","href":"https:\/\/api.w.org\/{rel}","templated":true}]}}