{"id":14947,"date":"2024-07-01T21:24:25","date_gmt":"2024-07-02T00:24:25","guid":{"rendered":"https:\/\/farmaciadagostino.com.ar\/sitio\/producto\/biferdil-balsamo-rosa-mosqueta-255-ml\/"},"modified":"2026-03-09T10:18:20","modified_gmt":"2026-03-09T13:18:20","slug":"biferdil-balsamo-rosa-mosqueta-255-ml","status":"publish","type":"product","link":"https:\/\/farmaciadagostino.com.ar\/sitio\/producto\/biferdil-balsamo-rosa-mosqueta-255-ml\/","title":{"rendered":"Biferdil Balsamo Rosa Mosqueta 255 ml"},"content":{"rendered":"<p>L\u00ednea con Aceite de Rosa Mosqueta Org\u00e1nico<\/p>\n<p>El aceite de Rosa Mosqueta Org\u00e1nico es un ingrediente de alta calidad, extra\u00eddo de las semillas de este fruto.<br \/>\nEn su cultivo no se han utilizado fertilizantes, insecticidas o funguicidas qu\u00edmicos ni tampoco en el suelo donde es cultivada, contribuyendo, de esta manera, al cuidado m\u00e1s delicado y efectivo de los cabellos, adem\u00e1s de colaborar con el equilibrio del medio ambiente.<br \/>\nEs un poderoso regenerador de la fibra capilar, rico en \u00e1cidos grasos y vitamina F y C, que act\u00faan sobre los cabellos secos o resecos, d\u00e1ndoles vida, salud y brillo, dej\u00e1ndolos absolutamente reparados y nutridos.<\/p>\n","protected":false},"excerpt":{"rendered":"<p>L\u00ednea con Aceite de Rosa Mosqueta Org\u00e1nico<\/p>\n<p>El aceite de Rosa Mosqueta Org\u00e1nico es un ingrediente de alta calidad, extra\u00eddo de las semillas de este fruto<\/p>\n","protected":false},"featured_media":10275,"comment_status":"open","ping_status":"closed","template":"","meta":[],"product_brand":[],"product_cat":[237,152],"product_tag":[],"class_list":{"0":"post-14947","1":"product","2":"type-product","3":"status-publish","4":"has-post-thumbnail","6":"product_cat-belleza","7":"product_cat-cuidado-personal","9":"first","10":"instock","11":"shipping-taxable","12":"purchasable","13":"product-type-simple"},"_links":{"self":[{"href":"https:\/\/farmaciadagostino.com.ar\/sitio\/wp-json\/wp\/v2\/product\/14947","targetHints":{"allow":["GET"]}}],"collection":[{"href":"https:\/\/farmaciadagostino.com.ar\/sitio\/wp-json\/wp\/v2\/product"}],"about":[{"href":"https:\/\/farmaciadagostino.com.ar\/sitio\/wp-json\/wp\/v2\/types\/product"}],"replies":[{"embeddable":true,"href":"https:\/\/farmaciadagostino.com.ar\/sitio\/wp-json\/wp\/v2\/comments?post=14947"}],"wp:featuredmedia":[{"embeddable":true,"href":"https:\/\/farmaciadagostino.com.ar\/sitio\/wp-json\/wp\/v2\/media\/10275"}],"wp:attachment":[{"href":"https:\/\/farmaciadagostino.com.ar\/sitio\/wp-json\/wp\/v2\/media?parent=14947"}],"wp:term":[{"taxonomy":"product_brand","embeddable":true,"href":"https:\/\/farmaciadagostino.com.ar\/sitio\/wp-json\/wp\/v2\/product_brand?post=14947"},{"taxonomy":"product_cat","embeddable":true,"href":"https:\/\/farmaciadagostino.com.ar\/sitio\/wp-json\/wp\/v2\/product_cat?post=14947"},{"taxonomy":"product_tag","embeddable":true,"href":"https:\/\/farmaciadagostino.com.ar\/sitio\/wp-json\/wp\/v2\/product_tag?post=14947"}],"curies":[{"name":"wp","href":"https:\/\/api.w.org\/{rel}","templated":true}]}}