{"id":14966,"date":"2024-07-01T21:24:48","date_gmt":"2024-07-02T00:24:48","guid":{"rendered":"https:\/\/farmaciadagostino.com.ar\/sitio\/producto\/acondicionador-dove-regeneracion-extrema-x-200-ml\/"},"modified":"2026-03-09T10:10:13","modified_gmt":"2026-03-09T13:10:13","slug":"acondicionador-dove-regeneracion-extrema-x-200-ml","status":"publish","type":"product","link":"https:\/\/farmaciadagostino.com.ar\/sitio\/producto\/acondicionador-dove-regeneracion-extrema-x-200-ml\/","title":{"rendered":"Acondicionador Dove Regeneraci\u00f3n Extrema x 200 ml"},"content":{"rendered":"<p>Descubre el Acondicionador Dove Regeneraci\u00f3n Extrema. Un concentrado poderoso de ingredientes activos regeneradores que nutren profundamente la fibra capilar activando el proceso de regeneraci\u00f3n interna del cabello. Mejora la condici\u00f3n del cabello, para un crecimiento sano y para un nuevo comienzo. La regeneraci\u00f3n se trata de la reparaci\u00f3n de da\u00f1os externos del cabello, como suavidad, brillo, resistencia al quiebre (que se nota desde el primer uso) y adem\u00e1s reparaci\u00f3n de da\u00f1os internos, como fortalecimiento de la estructura interna de la fibra capilar (con el uso regular de los productos de la l\u00ednea). As\u00ed se mejora la condici\u00f3n del cabello extremadamente da\u00f1ado, para un crecimiento sano y para un \u201cnuevo comienzo\u201d, con un cabello reparado y que se ve lindo y manejable. Su f\u00f3rmula contiene una nueva tecnolog\u00eda acondicionante que act\u00faa de manera inteligente reparando las zonas m\u00e1s da\u00f1adas de tu pelo. Esta nueva tecnolog\u00eda fue espec\u00edficamente dise\u00f1ada para reparar el cabello extremadamente da\u00f1ado o que haya sufrido corte qu\u00edmico. El corte qu\u00edmico ocurre cuando el cabello sufre una agresi\u00f3n externa, ya sea por tratamientos qu\u00edmicos excesivos sobre el pelo debilitado o por errores en la aplicaci\u00f3n de productos. \u00bfQu\u00e9 hace? La nueva tecnologia se absorbe con mayor facilidad sobre la superficie da\u00f1ada del pelo formando una fina pel\u00edcula, disminuyendo la fricci\u00f3n entre las fibras.<\/p>\n<h5>Beneficios:<\/h5>\n<p>Acondicionador Dove Regeneraci\u00f3n Extrema regenera hasta el da\u00f1o m\u00e1s extremo. Da\u00f1os causados por decoloraciones. Acondicionador para pelo extremadamente da\u00f1ado. Fue pensado para mujeres que han experimentado el corte qu\u00edmico y est\u00e1n en b\u00fasqueda de un producto que le devuelva la vida a su pelo. Tratamiento capilar Dove Regeneraci\u00f3n Extrema para cabellos extremadamente da\u00f1ados. Los acondicionadores Dove contienen ingredientes de reparaci\u00f3n interna. El efecto es progresivo, es decir, el cabello se vuelve m\u00e1s resistente al da\u00f1o. Acondicionador reparador con poderosos ingredientes activos regeneradores que nutren profundamente la fibra capilar activando el proceso de regeneraci\u00f3n interna del cabello.<\/p>\n<h5>Modo de uso:<\/h5>\n<p>Despu\u00e9s del lavado con shampoo, aplic\u00e1 el acondicionador sobre el pelo mojado desde la mitad del largo hacia las puntas. Peinalo con tus dedos para asegurarte de que cada fibra est\u00e9 cubierta y luego enjuagalo inmediatamente.<\/p>\n","protected":false},"excerpt":{"rendered":"<p>Descubre el Acondicionador Dove Regeneraci\u00f3n Extrema<\/p>\n","protected":false},"featured_media":10637,"comment_status":"open","ping_status":"closed","template":"","meta":[],"product_brand":[],"product_cat":[237,152],"product_tag":[],"class_list":{"0":"post-14966","1":"product","2":"type-product","3":"status-publish","4":"has-post-thumbnail","6":"product_cat-belleza","7":"product_cat-cuidado-personal","9":"first","10":"instock","11":"shipping-taxable","12":"purchasable","13":"product-type-simple"},"_links":{"self":[{"href":"https:\/\/farmaciadagostino.com.ar\/sitio\/wp-json\/wp\/v2\/product\/14966","targetHints":{"allow":["GET"]}}],"collection":[{"href":"https:\/\/farmaciadagostino.com.ar\/sitio\/wp-json\/wp\/v2\/product"}],"about":[{"href":"https:\/\/farmaciadagostino.com.ar\/sitio\/wp-json\/wp\/v2\/types\/product"}],"replies":[{"embeddable":true,"href":"https:\/\/farmaciadagostino.com.ar\/sitio\/wp-json\/wp\/v2\/comments?post=14966"}],"wp:featuredmedia":[{"embeddable":true,"href":"https:\/\/farmaciadagostino.com.ar\/sitio\/wp-json\/wp\/v2\/media\/10637"}],"wp:attachment":[{"href":"https:\/\/farmaciadagostino.com.ar\/sitio\/wp-json\/wp\/v2\/media?parent=14966"}],"wp:term":[{"taxonomy":"product_brand","embeddable":true,"href":"https:\/\/farmaciadagostino.com.ar\/sitio\/wp-json\/wp\/v2\/product_brand?post=14966"},{"taxonomy":"product_cat","embeddable":true,"href":"https:\/\/farmaciadagostino.com.ar\/sitio\/wp-json\/wp\/v2\/product_cat?post=14966"},{"taxonomy":"product_tag","embeddable":true,"href":"https:\/\/farmaciadagostino.com.ar\/sitio\/wp-json\/wp\/v2\/product_tag?post=14966"}],"curies":[{"name":"wp","href":"https:\/\/api.w.org\/{rel}","templated":true}]}}