{"id":14968,"date":"2024-07-01T21:24:48","date_gmt":"2024-07-02T00:24:48","guid":{"rendered":"https:\/\/farmaciadagostino.com.ar\/sitio\/producto\/acondicionador-dove-ritual-de-reparacion-coco-y-curcuma-x-400-ml\/"},"modified":"2026-03-09T10:25:30","modified_gmt":"2026-03-09T13:25:30","slug":"acondicionador-dove-ritual-de-reparacion-coco-y-curcuma-x-400-ml","status":"publish","type":"product","link":"https:\/\/farmaciadagostino.com.ar\/sitio\/producto\/acondicionador-dove-ritual-de-reparacion-coco-y-curcuma-x-400-ml\/","title":{"rendered":"Acondicionador Dove Ritual de Reparaci\u00f3n Coco Y C\u00farcuma x 400 ml"},"content":{"rendered":"<p>El Acondicionador Dove Ritual de Reparaci\u00f3n te ayuda a tener un pelo m\u00e1s fuerte y resistente al da\u00f1o. <\/p>\n<h5>Beneficios:<\/h5><\/p>\n","protected":false},"excerpt":{"rendered":"<p>El Acondicionador Dove Ritual de Reparaci\u00f3n te ayuda a tener un pelo m\u00e1s fuerte y resistente al da\u00f1o<\/p>\n","protected":false},"featured_media":10662,"comment_status":"open","ping_status":"closed","template":"","meta":[],"product_brand":[],"product_cat":[237,262,152,264],"product_tag":[],"class_list":{"0":"post-14968","1":"product","2":"type-product","3":"status-publish","4":"has-post-thumbnail","6":"product_cat-belleza","7":"product_cat-promo","8":"product_cat-cuidado-personal","9":"product_cat-ofertas","11":"first","12":"instock","13":"sale","14":"shipping-taxable","15":"purchasable","16":"product-type-simple"},"_links":{"self":[{"href":"https:\/\/farmaciadagostino.com.ar\/sitio\/wp-json\/wp\/v2\/product\/14968","targetHints":{"allow":["GET"]}}],"collection":[{"href":"https:\/\/farmaciadagostino.com.ar\/sitio\/wp-json\/wp\/v2\/product"}],"about":[{"href":"https:\/\/farmaciadagostino.com.ar\/sitio\/wp-json\/wp\/v2\/types\/product"}],"replies":[{"embeddable":true,"href":"https:\/\/farmaciadagostino.com.ar\/sitio\/wp-json\/wp\/v2\/comments?post=14968"}],"wp:featuredmedia":[{"embeddable":true,"href":"https:\/\/farmaciadagostino.com.ar\/sitio\/wp-json\/wp\/v2\/media\/10662"}],"wp:attachment":[{"href":"https:\/\/farmaciadagostino.com.ar\/sitio\/wp-json\/wp\/v2\/media?parent=14968"}],"wp:term":[{"taxonomy":"product_brand","embeddable":true,"href":"https:\/\/farmaciadagostino.com.ar\/sitio\/wp-json\/wp\/v2\/product_brand?post=14968"},{"taxonomy":"product_cat","embeddable":true,"href":"https:\/\/farmaciadagostino.com.ar\/sitio\/wp-json\/wp\/v2\/product_cat?post=14968"},{"taxonomy":"product_tag","embeddable":true,"href":"https:\/\/farmaciadagostino.com.ar\/sitio\/wp-json\/wp\/v2\/product_tag?post=14968"}],"curies":[{"name":"wp","href":"https:\/\/api.w.org\/{rel}","templated":true}]}}