{"id":14972,"date":"2024-07-01T21:24:50","date_gmt":"2024-07-02T00:24:50","guid":{"rendered":"https:\/\/farmaciadagostino.com.ar\/sitio\/producto\/dove-cuidado-delicado-brillo-y-suavidad-acondicionador-400-ml\/"},"modified":"2026-03-09T10:25:30","modified_gmt":"2026-03-09T13:25:30","slug":"dove-cuidado-delicado-brillo-y-suavidad-acondicionador-400-ml","status":"publish","type":"product","link":"https:\/\/farmaciadagostino.com.ar\/sitio\/producto\/dove-cuidado-delicado-brillo-y-suavidad-acondicionador-400-ml\/","title":{"rendered":"Dove Cuidado Delicado Brillo Y Suavidad Acondicionador 400 ml"},"content":{"rendered":"<p>Acondicionador Cuidado Delicado<\/p>\n<p>Un acondicionador para nutrir y darle delicado a tu pelo previniendo el desgaste diario aportando brillo y suavidad<\/p>\n<p>Aporta brillo y suavidad a tu pelo<\/p>\n<p>\u2022 Para cabello expuesto al desgaste diario<\/p>\n<p>\u2022 F\u00f3rmula dermatol\u00f3gicamente probada<\/p>\n<p>Para acondicionar y nutrir tu pelo de manera delicada proba Dove Cuidado Delicado, su f\u00f3rmula dermatol\u00f3gicamente probada esta especialmente dise\u00f1ada para aporta brillo y suavidad a tu pelo, sin resecar<\/p>\n<p>Instrucciones de uso:<br \/>\nDespu\u00e9s del uso del shampoo aplicar y masajear. Dejar actuar por un minuto y enjuagar.<\/p>\n","protected":false},"excerpt":{"rendered":"<p>Acondicionador Cuidado Delicado<\/p>\n<p>Un acondicionador para nutrir y darle delicado a tu pelo previniendo el desgaste diario aportando brillo y suavidad<\/p>\n<p>Aporta brillo y suavidad a tu pelo<\/p>\n<p>\u2022 Para cabello expuesto al desgaste diario<\/p>\n<p>\u2022 F\u00f3rmula dermatol\u00f3gicamente probada<\/p>\n<p>Para acondicionar y nutrir tu pelo de manera delicada proba Dove Cuidado Delicado, su f\u00f3rmula dermatol\u00f3gicamente probada esta especialmente dise\u00f1ada para aporta brillo y suavidad a tu pelo, sin resecar<\/p>\n<p>Instrucciones de uso:<br \/>\nDespu\u00e9s del uso del shampoo aplicar y masajear<\/p>\n","protected":false},"featured_media":10511,"comment_status":"open","ping_status":"closed","template":"","meta":[],"product_brand":[],"product_cat":[237,152],"product_tag":[],"class_list":{"0":"post-14972","1":"product","2":"type-product","3":"status-publish","4":"has-post-thumbnail","6":"product_cat-belleza","7":"product_cat-cuidado-personal","9":"first","10":"instock","11":"sale","12":"shipping-taxable","13":"purchasable","14":"product-type-simple"},"_links":{"self":[{"href":"https:\/\/farmaciadagostino.com.ar\/sitio\/wp-json\/wp\/v2\/product\/14972","targetHints":{"allow":["GET"]}}],"collection":[{"href":"https:\/\/farmaciadagostino.com.ar\/sitio\/wp-json\/wp\/v2\/product"}],"about":[{"href":"https:\/\/farmaciadagostino.com.ar\/sitio\/wp-json\/wp\/v2\/types\/product"}],"replies":[{"embeddable":true,"href":"https:\/\/farmaciadagostino.com.ar\/sitio\/wp-json\/wp\/v2\/comments?post=14972"}],"wp:featuredmedia":[{"embeddable":true,"href":"https:\/\/farmaciadagostino.com.ar\/sitio\/wp-json\/wp\/v2\/media\/10511"}],"wp:attachment":[{"href":"https:\/\/farmaciadagostino.com.ar\/sitio\/wp-json\/wp\/v2\/media?parent=14972"}],"wp:term":[{"taxonomy":"product_brand","embeddable":true,"href":"https:\/\/farmaciadagostino.com.ar\/sitio\/wp-json\/wp\/v2\/product_brand?post=14972"},{"taxonomy":"product_cat","embeddable":true,"href":"https:\/\/farmaciadagostino.com.ar\/sitio\/wp-json\/wp\/v2\/product_cat?post=14972"},{"taxonomy":"product_tag","embeddable":true,"href":"https:\/\/farmaciadagostino.com.ar\/sitio\/wp-json\/wp\/v2\/product_tag?post=14972"}],"curies":[{"name":"wp","href":"https:\/\/api.w.org\/{rel}","templated":true}]}}