{"id":14973,"date":"2024-07-01T21:24:54","date_gmt":"2024-07-02T00:24:54","guid":{"rendered":"https:\/\/farmaciadagostino.com.ar\/sitio\/producto\/dove-regeneracion-extrema-acondicionador-x-400-ml\/"},"modified":"2026-03-09T10:10:13","modified_gmt":"2026-03-09T13:10:13","slug":"dove-regeneracion-extrema-acondicionador-x-400-ml","status":"publish","type":"product","link":"https:\/\/farmaciadagostino.com.ar\/sitio\/producto\/dove-regeneracion-extrema-acondicionador-x-400-ml\/","title":{"rendered":"Dove Regeneraci\u00f3n Extrema Acondicionador x 400 ml"},"content":{"rendered":"<p>El Acondicionador Dove Regeneraci\u00f3n Extrema fue creado para mujeres que poseen el pelo extremadamente da\u00f1ado que ha experimentado el corte qu\u00edmico y est\u00e1n en b\u00fasqueda de un producto que le devuelva la vida a su pelo.<\/p>\n<p>\u2022 Para cabello extremadamente da\u00f1ado que super\u00f3 el punto de no retorno.<br \/>\n\u2022 Concentrado con ingredients activos de regeneraci\u00f3n<br \/>\n\u2022 Nutre produndamente, activando el proceso natural de regeneraci\u00f3n del pelo.<br \/>\n\u2022 Hace que el pelo da\u00f1ado se sienta m\u00e1s suave, ayuda a desenredarlo y mejora su docilidad<br \/>\n\u2022 Apto para el uso diario<\/p>\n<p>Descubre el nuevo Dove Regeneraci\u00f3n Extrema. Un concentrado poderoso de ingredientes activos regeneradores que nutren profundamente la fibra capilar actviando el proceso de regeneraci\u00f3n interna del cabello.*<br \/>\nMejora la condici\u00f3n del cabello para una crecmiento sano y para un nuevo comienzo.<\/p>\n<p>\u00bfEst\u00e1s buscando un acondicionador para pelo da\u00f1ado? Para el pelo que super\u00f3 el punto de no retorno creamos el Acondicionador Dove Regeneraci\u00f3n Extrema.<br \/>\nSabemos que el cuidado del pelo da\u00f1ado deber\u00eda ir m\u00e1s all\u00e1 de la s\u00f3la remoci\u00f3n de los signos externos del da\u00f1o, por eso este acondiciondor Dove Regeneraci\u00f3n Extrema fue formulado para nutrir y ayudar a restaurar el pelo tambi\u00e9n en su interior.<\/p>\n<p>*Refuerza la estructura interna del cabello con el uso regular de shampoo y acondicionador Dove Regeneraci\u00f3n Extrema, comparado con shampoo sin ingredientes acondicionadores.<\/p>\n","protected":false},"excerpt":{"rendered":"<p>El Acondicionador Dove Regeneraci\u00f3n Extrema fue creado para mujeres que poseen el pelo extremadamente da\u00f1ado que ha experimentado el corte qu\u00edmico y est\u00e1n en b\u00fasqueda de un producto que le devuelva la vida a su pelo<\/p>\n","protected":false},"featured_media":10508,"comment_status":"open","ping_status":"closed","template":"","meta":[],"product_brand":[],"product_cat":[237,262,152,264],"product_tag":[],"class_list":{"0":"post-14973","1":"product","2":"type-product","3":"status-publish","4":"has-post-thumbnail","6":"product_cat-belleza","7":"product_cat-promo","8":"product_cat-cuidado-personal","9":"product_cat-ofertas","11":"first","12":"instock","13":"sale","14":"shipping-taxable","15":"purchasable","16":"product-type-simple"},"_links":{"self":[{"href":"https:\/\/farmaciadagostino.com.ar\/sitio\/wp-json\/wp\/v2\/product\/14973","targetHints":{"allow":["GET"]}}],"collection":[{"href":"https:\/\/farmaciadagostino.com.ar\/sitio\/wp-json\/wp\/v2\/product"}],"about":[{"href":"https:\/\/farmaciadagostino.com.ar\/sitio\/wp-json\/wp\/v2\/types\/product"}],"replies":[{"embeddable":true,"href":"https:\/\/farmaciadagostino.com.ar\/sitio\/wp-json\/wp\/v2\/comments?post=14973"}],"wp:featuredmedia":[{"embeddable":true,"href":"https:\/\/farmaciadagostino.com.ar\/sitio\/wp-json\/wp\/v2\/media\/10508"}],"wp:attachment":[{"href":"https:\/\/farmaciadagostino.com.ar\/sitio\/wp-json\/wp\/v2\/media?parent=14973"}],"wp:term":[{"taxonomy":"product_brand","embeddable":true,"href":"https:\/\/farmaciadagostino.com.ar\/sitio\/wp-json\/wp\/v2\/product_brand?post=14973"},{"taxonomy":"product_cat","embeddable":true,"href":"https:\/\/farmaciadagostino.com.ar\/sitio\/wp-json\/wp\/v2\/product_cat?post=14973"},{"taxonomy":"product_tag","embeddable":true,"href":"https:\/\/farmaciadagostino.com.ar\/sitio\/wp-json\/wp\/v2\/product_tag?post=14973"}],"curies":[{"name":"wp","href":"https:\/\/api.w.org\/{rel}","templated":true}]}}