{"id":14978,"date":"2024-07-01T21:24:55","date_gmt":"2024-07-02T00:24:55","guid":{"rendered":"https:\/\/farmaciadagostino.com.ar\/sitio\/producto\/acondicionador-elvive-hidra-hialuronico-x-750-ml\/"},"modified":"2026-03-09T10:18:20","modified_gmt":"2026-03-09T13:18:20","slug":"acondicionador-elvive-hidra-hialuronico-x-750-ml","status":"publish","type":"product","link":"https:\/\/farmaciadagostino.com.ar\/sitio\/producto\/acondicionador-elvive-hidra-hialuronico-x-750-ml\/","title":{"rendered":"Acondicionador Elvive Hidra Hialur\u00f3nico x 750 ml"},"content":{"rendered":"<p>El acondicionador Hidra Rellenador con \u00c1cido Hialur\u00f3nico y sin sal, mantiene la hidrataci\u00f3n en la fibra capilar para una transformaci\u00f3n instant\u00e1nea y un cabello suave, ligero y brillante. Tu pelo hidratado, desenredado y con el frizz bajo control. Elvive Hidra Hialur\u00f3nico para cabello deshidratado.<\/p>\n<h5>Beneficios:<\/h5>\n<p>1. 4x m\u00e1s hidrataci\u00f3n.<\/p>\n<p>2. Desenredo excepcional.<\/p>\n<p>3. Suavidad y brillo intenso.<\/p>\n<h5>Modo de uso:<\/h5>\n<p>Aplicar en puntas y largos sobre el cabello mojado. Dejar actuar y enjuagar.<\/p>\n","protected":false},"excerpt":{"rendered":"<p>El acondicionador Hidra Rellenador con \u00c1cido Hialur\u00f3nico y sin sal, mantiene la hidrataci\u00f3n en la fibra capilar para una transformaci\u00f3n instant\u00e1nea y un cabello suave, ligero y brillante<\/p>\n","protected":false},"featured_media":9713,"comment_status":"open","ping_status":"closed","template":"","meta":[],"product_brand":[],"product_cat":[237,152],"product_tag":[],"class_list":{"0":"post-14978","1":"product","2":"type-product","3":"status-publish","4":"has-post-thumbnail","6":"product_cat-belleza","7":"product_cat-cuidado-personal","9":"first","10":"instock","11":"shipping-taxable","12":"purchasable","13":"product-type-simple"},"_links":{"self":[{"href":"https:\/\/farmaciadagostino.com.ar\/sitio\/wp-json\/wp\/v2\/product\/14978","targetHints":{"allow":["GET"]}}],"collection":[{"href":"https:\/\/farmaciadagostino.com.ar\/sitio\/wp-json\/wp\/v2\/product"}],"about":[{"href":"https:\/\/farmaciadagostino.com.ar\/sitio\/wp-json\/wp\/v2\/types\/product"}],"replies":[{"embeddable":true,"href":"https:\/\/farmaciadagostino.com.ar\/sitio\/wp-json\/wp\/v2\/comments?post=14978"}],"wp:featuredmedia":[{"embeddable":true,"href":"https:\/\/farmaciadagostino.com.ar\/sitio\/wp-json\/wp\/v2\/media\/9713"}],"wp:attachment":[{"href":"https:\/\/farmaciadagostino.com.ar\/sitio\/wp-json\/wp\/v2\/media?parent=14978"}],"wp:term":[{"taxonomy":"product_brand","embeddable":true,"href":"https:\/\/farmaciadagostino.com.ar\/sitio\/wp-json\/wp\/v2\/product_brand?post=14978"},{"taxonomy":"product_cat","embeddable":true,"href":"https:\/\/farmaciadagostino.com.ar\/sitio\/wp-json\/wp\/v2\/product_cat?post=14978"},{"taxonomy":"product_tag","embeddable":true,"href":"https:\/\/farmaciadagostino.com.ar\/sitio\/wp-json\/wp\/v2\/product_tag?post=14978"}],"curies":[{"name":"wp","href":"https:\/\/api.w.org\/{rel}","templated":true}]}}