{"id":14979,"date":"2024-07-01T21:24:55","date_gmt":"2024-07-02T00:24:55","guid":{"rendered":"https:\/\/farmaciadagostino.com.ar\/sitio\/producto\/acondicionador-elvive-kera-liso-brillo-y-suavidad-x-400-ml\/"},"modified":"2026-03-09T10:25:30","modified_gmt":"2026-03-09T13:25:30","slug":"acondicionador-elvive-kera-liso-brillo-y-suavidad-x-400-ml","status":"publish","type":"product","link":"https:\/\/farmaciadagostino.com.ar\/sitio\/producto\/acondicionador-elvive-kera-liso-brillo-y-suavidad-x-400-ml\/","title":{"rendered":"Acondicionador Elvive Kera Liso Brillo Y Suavidad x 400 ml"},"content":{"rendered":"<p> \u00bfQuieres un lacio perfecto? Nuestro Acondicionador Perfeccionador, con Micro-Queratina + \u00d3leo de Jojoba y con efecto Anti-sal\u00b0, transforma tu cabello naturalmente lacio. Elvive Keraliso Brillo y Sedosidad para cabello <\/p>\n<h5>Beneficios:<\/h5>\n<p>1. Hidrata el cabello sin dejarlo pesado. <\/p>\n<p>&#8211; 2. Alisa la superficie fibra a fibra y controla el frizz. <\/p>\n<p>&#8211; 3. Tu cabello luce brillante y saludable. <\/p>\n<h5>Modo de uso:<\/h5>\n<p> Aplicar en puntas y largos sobre el cabello mojado despu\u00e9s del shampoo ELVIVE PERFECCIONADOR, dejar actuar y enjuagar. <\/p>\n<h5>Advertencias:<\/h5>\n<p> Ev\u00edtese el contacto con los ojos. <\/p>\n<p>&#8211; En caso de contacto con los ojos, enjuague inmediatamente. <\/p>\n<p>-Mant\u00e9ngase fuera del alcance de los ni\u00f1os. Si observa alguna reacci\u00f3n desfavorable suspenda su uso. <\/p>\n","protected":false},"excerpt":{"rendered":"<p> \u00bfQuieres un lacio perfecto? Nuestro Acondicionador Perfeccionador, con Micro-Queratina + \u00d3leo de Jojoba y con efecto Anti-sal\u00b0, transforma tu cabello naturalmente lacio<\/p>\n","protected":false},"featured_media":9414,"comment_status":"open","ping_status":"closed","template":"","meta":[],"product_brand":[],"product_cat":[237,262,152,264],"product_tag":[],"class_list":{"0":"post-14979","1":"product","2":"type-product","3":"status-publish","4":"has-post-thumbnail","6":"product_cat-belleza","7":"product_cat-promo","8":"product_cat-cuidado-personal","9":"product_cat-ofertas","11":"first","12":"instock","13":"sale","14":"shipping-taxable","15":"purchasable","16":"product-type-simple"},"_links":{"self":[{"href":"https:\/\/farmaciadagostino.com.ar\/sitio\/wp-json\/wp\/v2\/product\/14979","targetHints":{"allow":["GET"]}}],"collection":[{"href":"https:\/\/farmaciadagostino.com.ar\/sitio\/wp-json\/wp\/v2\/product"}],"about":[{"href":"https:\/\/farmaciadagostino.com.ar\/sitio\/wp-json\/wp\/v2\/types\/product"}],"replies":[{"embeddable":true,"href":"https:\/\/farmaciadagostino.com.ar\/sitio\/wp-json\/wp\/v2\/comments?post=14979"}],"wp:featuredmedia":[{"embeddable":true,"href":"https:\/\/farmaciadagostino.com.ar\/sitio\/wp-json\/wp\/v2\/media\/9414"}],"wp:attachment":[{"href":"https:\/\/farmaciadagostino.com.ar\/sitio\/wp-json\/wp\/v2\/media?parent=14979"}],"wp:term":[{"taxonomy":"product_brand","embeddable":true,"href":"https:\/\/farmaciadagostino.com.ar\/sitio\/wp-json\/wp\/v2\/product_brand?post=14979"},{"taxonomy":"product_cat","embeddable":true,"href":"https:\/\/farmaciadagostino.com.ar\/sitio\/wp-json\/wp\/v2\/product_cat?post=14979"},{"taxonomy":"product_tag","embeddable":true,"href":"https:\/\/farmaciadagostino.com.ar\/sitio\/wp-json\/wp\/v2\/product_tag?post=14979"}],"curies":[{"name":"wp","href":"https:\/\/api.w.org\/{rel}","templated":true}]}}