{"id":14992,"date":"2024-07-01T21:25:07","date_gmt":"2024-07-02T00:25:07","guid":{"rendered":"https:\/\/farmaciadagostino.com.ar\/sitio\/producto\/elvive-acondicionador-oleo-extraordinario-nutricion-profunda-400-ml\/"},"modified":"2026-03-09T10:25:30","modified_gmt":"2026-03-09T13:25:30","slug":"elvive-acondicionador-oleo-extraordinario-nutricion-profunda-400-ml","status":"publish","type":"product","link":"https:\/\/farmaciadagostino.com.ar\/sitio\/producto\/elvive-acondicionador-oleo-extraordinario-nutricion-profunda-400-ml\/","title":{"rendered":"Elvive Acondicionador Oleo Extraordinario Nutricion Profunda 400 ml"},"content":{"rendered":"<p>\u00bfCabello muy seco? Tu cabello necesita una nutrici\u00f3n intensa. Nuestro Acondicionador Nutrici\u00f3n Intensa, con \u00d3leo de Coco y con efecto Anti-Sal\u00b0, penetra en la fibra capilar para transformar tu cabello de forma extraordinaria. Elvive \u00d3leo Extraordinario Coco para cabello muy seco.<\/p>\n<h5>Descripci\u00f3n:<\/h5>\n<p>1. Suavidad y brillo incre\u00edble.2. Disciplina y control del frizz.<\/p>\n<p>3. Aplicar en puntas y largos sobre el cabello mojado despu\u00e9s del shampoo ELVIVE NUTRICI\u00d3N INTENSA, dejar actuar y enjuagar.<\/p>\n<p>Para mejores resultados, utilizar los otros productos de la l\u00ednea ELVIVE \u00d3LEO EXTRAORDINARIO COCO. Ev\u00edtese el contacto con los ojos. En caso de contacto con los ojos, enjuague inmediatamente. Mant\u00e9ngase fuera del alcance de los ni\u00f1os. Si observa alguna reacci\u00f3n desfavorable Suspenda su uso.<\/p>\n","protected":false},"excerpt":{"rendered":"<p>\u00bfCabello muy seco? Tu cabello necesita una nutrici\u00f3n intensa<\/p>\n","protected":false},"featured_media":9400,"comment_status":"open","ping_status":"closed","template":"","meta":[],"product_brand":[],"product_cat":[237,262,152,264],"product_tag":[],"class_list":{"0":"post-14992","1":"product","2":"type-product","3":"status-publish","4":"has-post-thumbnail","6":"product_cat-belleza","7":"product_cat-promo","8":"product_cat-cuidado-personal","9":"product_cat-ofertas","11":"first","12":"instock","13":"sale","14":"shipping-taxable","15":"purchasable","16":"product-type-simple"},"_links":{"self":[{"href":"https:\/\/farmaciadagostino.com.ar\/sitio\/wp-json\/wp\/v2\/product\/14992","targetHints":{"allow":["GET"]}}],"collection":[{"href":"https:\/\/farmaciadagostino.com.ar\/sitio\/wp-json\/wp\/v2\/product"}],"about":[{"href":"https:\/\/farmaciadagostino.com.ar\/sitio\/wp-json\/wp\/v2\/types\/product"}],"replies":[{"embeddable":true,"href":"https:\/\/farmaciadagostino.com.ar\/sitio\/wp-json\/wp\/v2\/comments?post=14992"}],"wp:featuredmedia":[{"embeddable":true,"href":"https:\/\/farmaciadagostino.com.ar\/sitio\/wp-json\/wp\/v2\/media\/9400"}],"wp:attachment":[{"href":"https:\/\/farmaciadagostino.com.ar\/sitio\/wp-json\/wp\/v2\/media?parent=14992"}],"wp:term":[{"taxonomy":"product_brand","embeddable":true,"href":"https:\/\/farmaciadagostino.com.ar\/sitio\/wp-json\/wp\/v2\/product_brand?post=14992"},{"taxonomy":"product_cat","embeddable":true,"href":"https:\/\/farmaciadagostino.com.ar\/sitio\/wp-json\/wp\/v2\/product_cat?post=14992"},{"taxonomy":"product_tag","embeddable":true,"href":"https:\/\/farmaciadagostino.com.ar\/sitio\/wp-json\/wp\/v2\/product_tag?post=14992"}],"curies":[{"name":"wp","href":"https:\/\/api.w.org\/{rel}","templated":true}]}}