{"id":14996,"date":"2024-07-01T21:25:27","date_gmt":"2024-07-02T00:25:27","guid":{"rendered":"https:\/\/farmaciadagostino.com.ar\/sitio\/producto\/acondicionador-fructis-garnier-goodbye-danos-x-200-ml\/"},"modified":"2026-03-09T10:10:13","modified_gmt":"2026-03-09T13:10:13","slug":"acondicionador-fructis-garnier-goodbye-danos-x-200-ml","status":"publish","type":"product","link":"https:\/\/farmaciadagostino.com.ar\/sitio\/producto\/acondicionador-fructis-garnier-goodbye-danos-x-200-ml\/","title":{"rendered":"Acondicionador Fructis Garnier Goodbye Da\u00f1os x 200 ml"},"content":{"rendered":"<p>\u00bfPelo da\u00f1ado? Fructis Goodbye Da\u00f1os, con amla y biotina, refuerza el pelo y repara visiblemente el da\u00f1o hasta las puntas. 84% de las puntas abiertas reparadas. Sin parabenos. Sin siliconas.Garnier est\u00e1 comprometido con Green Beauty. <\/p>\n<h5>Beneficios:<\/h5>\n<p>El acondicionador de Goodbye Da\u00f1os tiene f\u00f3rmula vegana, es Cruelty Free y sus botellas est\u00e1n hechas con pl\u00e1stico 100% reciclado. <\/p>\n<p>-Prob\u00e1 la rutina completa de shampoo, acondicionador y crema para peinar.\n<\/p>\n<h5>Modo de uso:<\/h5>\n<p>Despu\u00e9s de usar el shampoo, aplic\u00e1 una generosa cantidad sobre el pelo h\u00famedo, de medios a puntas. <\/p>\n<p>&#8211; Dej\u00e1 actuar y enjuag\u00e1. <\/p>\n<p>&#8211; Us\u00e1 el shampoo y la crema para peinar de Goodbye da\u00f1os para una mayor reparaci\u00f3n del da\u00f1o. <\/p>\n<p>&#8211; Todos los productos de Fructis son reciclables. Enjuagalos, separalos y dejalos en un contenedor\/campana verde o punto verde. <\/p>\n<p>&#8211; TIP: si pod\u00e9s, sacales la etiqueta. <\/p>\n","protected":false},"excerpt":{"rendered":"<p>\u00bfPelo da\u00f1ado? Fructis Goodbye Da\u00f1os, con amla y biotina, refuerza el pelo y repara visiblemente el da\u00f1o hasta las puntas<\/p>\n","protected":false},"featured_media":9469,"comment_status":"open","ping_status":"closed","template":"","meta":[],"product_brand":[],"product_cat":[237,152],"product_tag":[],"class_list":{"0":"post-14996","1":"product","2":"type-product","3":"status-publish","4":"has-post-thumbnail","6":"product_cat-belleza","7":"product_cat-cuidado-personal","9":"first","10":"instock","11":"shipping-taxable","12":"purchasable","13":"product-type-simple"},"_links":{"self":[{"href":"https:\/\/farmaciadagostino.com.ar\/sitio\/wp-json\/wp\/v2\/product\/14996","targetHints":{"allow":["GET"]}}],"collection":[{"href":"https:\/\/farmaciadagostino.com.ar\/sitio\/wp-json\/wp\/v2\/product"}],"about":[{"href":"https:\/\/farmaciadagostino.com.ar\/sitio\/wp-json\/wp\/v2\/types\/product"}],"replies":[{"embeddable":true,"href":"https:\/\/farmaciadagostino.com.ar\/sitio\/wp-json\/wp\/v2\/comments?post=14996"}],"wp:featuredmedia":[{"embeddable":true,"href":"https:\/\/farmaciadagostino.com.ar\/sitio\/wp-json\/wp\/v2\/media\/9469"}],"wp:attachment":[{"href":"https:\/\/farmaciadagostino.com.ar\/sitio\/wp-json\/wp\/v2\/media?parent=14996"}],"wp:term":[{"taxonomy":"product_brand","embeddable":true,"href":"https:\/\/farmaciadagostino.com.ar\/sitio\/wp-json\/wp\/v2\/product_brand?post=14996"},{"taxonomy":"product_cat","embeddable":true,"href":"https:\/\/farmaciadagostino.com.ar\/sitio\/wp-json\/wp\/v2\/product_cat?post=14996"},{"taxonomy":"product_tag","embeddable":true,"href":"https:\/\/farmaciadagostino.com.ar\/sitio\/wp-json\/wp\/v2\/product_tag?post=14996"}],"curies":[{"name":"wp","href":"https:\/\/api.w.org\/{rel}","templated":true}]}}