{"id":15001,"date":"2024-07-01T21:25:29","date_gmt":"2024-07-02T00:25:29","guid":{"rendered":"https:\/\/farmaciadagostino.com.ar\/sitio\/producto\/garnier-acondicionador-fructis-hair-food-aloe-vera-x-300-ml\/"},"modified":"2026-03-09T10:25:30","modified_gmt":"2026-03-09T13:25:30","slug":"garnier-acondicionador-fructis-hair-food-aloe-vera-x-300-ml","status":"publish","type":"product","link":"https:\/\/farmaciadagostino.com.ar\/sitio\/producto\/garnier-acondicionador-fructis-hair-food-aloe-vera-x-300-ml\/","title":{"rendered":"Garnier Acondicionador Fructis Hair Food Aloe Vera x 300 ml"},"content":{"rendered":"<p>\u00bfPelo deshidratado? Fructis Hair Food Aloe para hidratar tu pelo en. Este acondicionador tiene 97% de ingredientes de origen natural y f\u00f3rmula vegana. <\/p>\n<h5>Beneficios:<\/h5>\n<p> No tiene siliconas, ni parabenos, ni colorantes artificiales. Adem\u00e1s, es Cruelty Free. <\/p>\n<p>-Si segu\u00eds el m\u00e9todo Curly, este acondicionador es apto. <\/p>\n<h5>Modo de uso:<\/h5>\n<p>Despu\u00e9s de usar el shampoo, aplic\u00e1 sobre el pelo h\u00famedo, de medios a puntas. <\/p>\n<p>-Dej\u00e1 actuar y enjuag\u00e1. <\/p>\n<p>-Complet\u00e1 la rutina usando el shampoo diariamente y la crema de tratamiento una vez por semana. <\/p>\n<p>-Todos los productos de Fructis son reciclables. <\/p>\n<p>&#8211; Enjuagalos, separalos y dejalos en un contenedor\/campana verde o punto verde. <\/p>\n<p>-TIP: si pod\u00e9s, sacales la etiqueta. <\/p>\n<p>-Green Beauty, nuestro compromiso hacia una belleza sustentable. <\/p>\n","protected":false},"excerpt":{"rendered":"<p>\u00bfPelo deshidratado? Fructis Hair Food Aloe para hidratar tu pelo en<\/p>\n","protected":false},"featured_media":9690,"comment_status":"open","ping_status":"closed","template":"","meta":[],"product_brand":[],"product_cat":[237,152],"product_tag":[],"class_list":{"0":"post-15001","1":"product","2":"type-product","3":"status-publish","4":"has-post-thumbnail","6":"product_cat-belleza","7":"product_cat-cuidado-personal","9":"first","10":"instock","11":"shipping-taxable","12":"purchasable","13":"product-type-simple"},"_links":{"self":[{"href":"https:\/\/farmaciadagostino.com.ar\/sitio\/wp-json\/wp\/v2\/product\/15001","targetHints":{"allow":["GET"]}}],"collection":[{"href":"https:\/\/farmaciadagostino.com.ar\/sitio\/wp-json\/wp\/v2\/product"}],"about":[{"href":"https:\/\/farmaciadagostino.com.ar\/sitio\/wp-json\/wp\/v2\/types\/product"}],"replies":[{"embeddable":true,"href":"https:\/\/farmaciadagostino.com.ar\/sitio\/wp-json\/wp\/v2\/comments?post=15001"}],"wp:featuredmedia":[{"embeddable":true,"href":"https:\/\/farmaciadagostino.com.ar\/sitio\/wp-json\/wp\/v2\/media\/9690"}],"wp:attachment":[{"href":"https:\/\/farmaciadagostino.com.ar\/sitio\/wp-json\/wp\/v2\/media?parent=15001"}],"wp:term":[{"taxonomy":"product_brand","embeddable":true,"href":"https:\/\/farmaciadagostino.com.ar\/sitio\/wp-json\/wp\/v2\/product_brand?post=15001"},{"taxonomy":"product_cat","embeddable":true,"href":"https:\/\/farmaciadagostino.com.ar\/sitio\/wp-json\/wp\/v2\/product_cat?post=15001"},{"taxonomy":"product_tag","embeddable":true,"href":"https:\/\/farmaciadagostino.com.ar\/sitio\/wp-json\/wp\/v2\/product_tag?post=15001"}],"curies":[{"name":"wp","href":"https:\/\/api.w.org\/{rel}","templated":true}]}}