{"id":15011,"date":"2024-07-01T21:25:33","date_gmt":"2024-07-02T00:25:33","guid":{"rendered":"https:\/\/farmaciadagostino.com.ar\/sitio\/producto\/acondiconador-pantene-nutrient-blends-bambu-x-235-ml\/"},"modified":"2026-03-09T10:25:30","modified_gmt":"2026-03-09T13:25:30","slug":"acondiconador-pantene-nutrient-blends-bambu-x-235-ml","status":"publish","type":"product","link":"https:\/\/farmaciadagostino.com.ar\/sitio\/producto\/acondiconador-pantene-nutrient-blends-bambu-x-235-ml\/","title":{"rendered":"Acondiconador Pantene Nutrient Blends Bamb\u00fa x 235 ml"},"content":{"rendered":"<h5>Descripci\u00f3n: <\/h5>\n<p>\u00bfTu pelo se siente d\u00e9bil, fino y sin volumen? El acondicionador multiplicador de volumen con bamb\u00fa, col\u00e1geno para el pelo y pantenol es ideal para vos.<\/p>\n<p>Su complejo Pro-V penetra profundamente brind\u00e1ndole fuerza y volumen, para un cabello que luce grueso y abundante.<\/p>\n<p>Adem\u00e1s, su f\u00f3rmula sin sulfatos, parabenos y sin siliconas es ideal para pelo te\u00f1ido, ya que remueve impurezas con delicadeza y sin agresiones.<\/p>\n<p>Disfrut\u00e1 de la fragancia fresca y energizante y el acabado ligero como el aire del acondicionador Pantene Pro-V Nutrient Blends multiplicador de volumen con una infusi\u00f3n de nutrientes y vitaminas para el pelo.<\/p>\n<h5>Caracter\u00edsticas: <\/h5>\n<p>Acondicionador para pelo fino o pelo d\u00e9bil y sin volumen<\/p>\n<p>Acondicionador multiplicador de volumen con bamb\u00fa, col\u00e1geno y pantenol<\/p>\n<p>Acondicionador sin sulfatos, parabenos y siliconas<\/p>\n<p>Su Complejo Pro-V penetra profundamente brind\u00e1ndole fuerza y volumen al pelo, para un pelo que luce grueso y abundante<\/p>\n<p>Su f\u00f3rmula de acondicionador  sin sulfatos y parabenos  es ideal para el pelo te\u00f1ido, ya que acondiciona el pelo con delicadeza y sin agresiones<\/p>\n<h5>INDICACIONES<\/h5>\n<p>Ev\u00edtese el contacto con los ojos, suspenda su uso si observa alguna reacci\u00f3n desfavorable, mant\u00e9ngase fuera del alcance de los ni\u00f1os.&nbsp;<\/p>\n<h5>ADVERTENCIAS<\/h5>\n<p>Aplique uniformemente sobre el cabello mojado despu\u00e9s del shampoo, peine con los dedos, enjuague bien.<\/p>\n<h5>INGREDIENTES<\/h5>\n<p>Agua, alcohol estear\u00edlico, alcohol cet\u00edlico, estearamidopropil dimetilamina, fragancia, alcohol benc\u00edlico, cloruro de dicotildimonio, \u00e1cido glut\u00e1mico, macrogol, edetato dis\u00f3dico, \u00e1cido c\u00edtrico, linalol, histidina, hexyl cinnamal, panthenol, panthenyl ethyl ether, dextrolimonene, extracto de brotes de bambusa vulgaris, etilcloroisotiazolinona methylisothiazolinone, extracto de semilla de vitis vinifera, col\u00e1geno&nbsp;<\/p>\n<h5>TIPO DE PELO (CUIDADO CAPILAR)<\/h5>\n<p>Fino o debilitado<\/p>\n","protected":false},"excerpt":{"rendered":"<p>Descripci\u00f3n:  \u00bfTu pelo se siente d\u00e9bil, fino y sin volumen? El acondicionador multiplicador de volumen con bamb\u00fa, col\u00e1geno para el pelo y pantenol es ideal para vos<\/p>\n","protected":false},"featured_media":8716,"comment_status":"open","ping_status":"closed","template":"","meta":[],"product_brand":[],"product_cat":[237,152],"product_tag":[],"class_list":{"0":"post-15011","1":"product","2":"type-product","3":"status-publish","4":"has-post-thumbnail","6":"product_cat-belleza","7":"product_cat-cuidado-personal","9":"first","10":"instock","11":"shipping-taxable","12":"purchasable","13":"product-type-simple"},"_links":{"self":[{"href":"https:\/\/farmaciadagostino.com.ar\/sitio\/wp-json\/wp\/v2\/product\/15011","targetHints":{"allow":["GET"]}}],"collection":[{"href":"https:\/\/farmaciadagostino.com.ar\/sitio\/wp-json\/wp\/v2\/product"}],"about":[{"href":"https:\/\/farmaciadagostino.com.ar\/sitio\/wp-json\/wp\/v2\/types\/product"}],"replies":[{"embeddable":true,"href":"https:\/\/farmaciadagostino.com.ar\/sitio\/wp-json\/wp\/v2\/comments?post=15011"}],"wp:featuredmedia":[{"embeddable":true,"href":"https:\/\/farmaciadagostino.com.ar\/sitio\/wp-json\/wp\/v2\/media\/8716"}],"wp:attachment":[{"href":"https:\/\/farmaciadagostino.com.ar\/sitio\/wp-json\/wp\/v2\/media?parent=15011"}],"wp:term":[{"taxonomy":"product_brand","embeddable":true,"href":"https:\/\/farmaciadagostino.com.ar\/sitio\/wp-json\/wp\/v2\/product_brand?post=15011"},{"taxonomy":"product_cat","embeddable":true,"href":"https:\/\/farmaciadagostino.com.ar\/sitio\/wp-json\/wp\/v2\/product_cat?post=15011"},{"taxonomy":"product_tag","embeddable":true,"href":"https:\/\/farmaciadagostino.com.ar\/sitio\/wp-json\/wp\/v2\/product_tag?post=15011"}],"curies":[{"name":"wp","href":"https:\/\/api.w.org\/{rel}","templated":true}]}}