{"id":15026,"date":"2024-07-01T21:25:47","date_gmt":"2024-07-02T00:25:47","guid":{"rendered":"https:\/\/farmaciadagostino.com.ar\/sitio\/producto\/acondicionador-sedal-carbon-activado-peonias-x-190-ml\/"},"modified":"2026-03-09T10:18:21","modified_gmt":"2026-03-09T13:18:21","slug":"acondicionador-sedal-carbon-activado-peonias-x-190-ml","status":"publish","type":"product","link":"https:\/\/farmaciadagostino.com.ar\/sitio\/producto\/acondicionador-sedal-carbon-activado-peonias-x-190-ml\/","title":{"rendered":"Acondicionador Sedal Carb\u00f3n Activado + Peonias x 190 ml"},"content":{"rendered":"<p>Nuevo Acondicionador Sedal Carb\u00f3n Activado y Peonias (190 ml).  Su exclusiva f\u00f3rmula con infusi\u00f3n activa le brinda a tu cabello el cuidado y fragancia que necesitas. La combinaci\u00f3n del carb\u00f3n activado y fragancia de peonias, remueve las impurezas y elimina las toxinas del cabello, dej\u00e1ndolo naturalmente suave e hidratado durante todo el dia.<\/p>\n<h5>Beneficios:<\/h5>\n<p>El Acondicionador Sedal Carb\u00f3n Activado contiene propiedades de desintoxicaci\u00f3n y purificaci\u00f3n, adem\u00e1s de hidratar el cabello. El Acondicionador Sedal Carb\u00f3n Activado contiene 92% de ingredientes de origen natural. A su vez, nuestras botellas son 100% reciclables, para que puedas disfrutar del cuidado de tu pelo como tambi\u00e9n del medioambiente.<\/p>\n<h5>Modo de Uso:<\/h5>\n<p>Coloca el acondicionador en la mano, apl\u00edcalo sobre las puntas, masajea suavemente y luego enjuaga. Advertencias: No ingerir. Evite el contacto con los ojos. En caso de contacto accidental, enju\u00e1guelos con abundante agua fr\u00eda. Discontinuar su uso si aparecen s\u00edntomas de irritaci\u00f3n u otra reacci\u00f3n desfavorable. Para un pelo a\u00fan m\u00e1s incre\u00edble, prob\u00e1 toda la l\u00ednea Sedal Carb\u00f3n Activado y Peonias (Shampoo y Acondicionador). Sent\u00ed tu cabello mucho m\u00e1s hidratado, purificado y desintoxicado con el nuevo Sedal Carb\u00f3n Activado y Peonias.<\/p>\n","protected":false},"excerpt":{"rendered":"<p>Nuevo Acondicionador Sedal Carb\u00f3n Activado y Peonias (190 ml)<\/p>\n","protected":false},"featured_media":10679,"comment_status":"open","ping_status":"closed","template":"","meta":[],"product_brand":[],"product_cat":[237,152],"product_tag":[],"class_list":{"0":"post-15026","1":"product","2":"type-product","3":"status-publish","4":"has-post-thumbnail","6":"product_cat-belleza","7":"product_cat-cuidado-personal","9":"first","10":"instock","11":"shipping-taxable","12":"purchasable","13":"product-type-simple"},"_links":{"self":[{"href":"https:\/\/farmaciadagostino.com.ar\/sitio\/wp-json\/wp\/v2\/product\/15026","targetHints":{"allow":["GET"]}}],"collection":[{"href":"https:\/\/farmaciadagostino.com.ar\/sitio\/wp-json\/wp\/v2\/product"}],"about":[{"href":"https:\/\/farmaciadagostino.com.ar\/sitio\/wp-json\/wp\/v2\/types\/product"}],"replies":[{"embeddable":true,"href":"https:\/\/farmaciadagostino.com.ar\/sitio\/wp-json\/wp\/v2\/comments?post=15026"}],"wp:featuredmedia":[{"embeddable":true,"href":"https:\/\/farmaciadagostino.com.ar\/sitio\/wp-json\/wp\/v2\/media\/10679"}],"wp:attachment":[{"href":"https:\/\/farmaciadagostino.com.ar\/sitio\/wp-json\/wp\/v2\/media?parent=15026"}],"wp:term":[{"taxonomy":"product_brand","embeddable":true,"href":"https:\/\/farmaciadagostino.com.ar\/sitio\/wp-json\/wp\/v2\/product_brand?post=15026"},{"taxonomy":"product_cat","embeddable":true,"href":"https:\/\/farmaciadagostino.com.ar\/sitio\/wp-json\/wp\/v2\/product_cat?post=15026"},{"taxonomy":"product_tag","embeddable":true,"href":"https:\/\/farmaciadagostino.com.ar\/sitio\/wp-json\/wp\/v2\/product_tag?post=15026"}],"curies":[{"name":"wp","href":"https:\/\/api.w.org\/{rel}","templated":true}]}}