{"id":15035,"date":"2024-07-01T21:25:59","date_gmt":"2024-07-02T00:25:59","guid":{"rendered":"https:\/\/farmaciadagostino.com.ar\/sitio\/producto\/acondicionador-sedal-restauracion-instantanea-x-340-ml\/"},"modified":"2026-03-09T10:18:21","modified_gmt":"2026-03-09T13:18:21","slug":"acondicionador-sedal-restauracion-instantanea-x-340-ml","status":"publish","type":"product","link":"https:\/\/farmaciadagostino.com.ar\/sitio\/producto\/acondicionador-sedal-restauracion-instantanea-x-340-ml\/","title":{"rendered":"Acondicionador Sedal Restauraci\u00f3n Instant\u00e1nea x 340 ml"},"content":{"rendered":"<p>Acondicionador Sedal Restauraci\u00f3n Instant\u00e1nea (340 ml), har\u00e1 que tu cabello luzca siempre vivo, suave y principalmente intacto y radiante. Ahora con su nueva f\u00f3rmula con \u00f3leo de almendra, vitamina C y Keratina.<\/p>\n<h5>Beneficios:<\/h5>\n<p>La nueva f\u00f3rmula del Acondicionador para el cabello Sedal Restauraci\u00f3n Instant\u00e1nea funciona contiene infusi\u00f3n activa: el cual es una combinaci\u00f3n exclusiva de un \u00f3leo, una prote\u00edna y una vitamina, pensada para las necesidades de tu cabello, que fusiona: \u00f3leo de almendra, vitamina C y Keratina. Esta f\u00f3rmula con poderosos ingredientes ayuda a reparar el da\u00f1o visible desde el primer lavado, dejando el cabello restaurado, m\u00e1s fuerte y lleno de vida. El acondicionador Sedal Restauraci\u00f3n Instant\u00e1nea, gracias a esta nueva f\u00f3rmula y el proceso de Infusi\u00f3n Activa, te permite eliminar el da\u00f1o visible en tu cabello desde el primer uso. Record\u00e1 usar la l\u00ednea completa de Sedal Restauraci\u00f3n Instant\u00e1nea para un mejor rendimiento de los efectos de la nueva f\u00f3rmula con infusi\u00f3n activa. Certificaci\u00f3n PETA: Globalmente, Sedal no testea en animales. No dejes de probar nuestra gran variedad l\u00edneas de Shampoo, Acondicionador y Tratamiento como lo son Ceramidas, Crema Balance, Liso Perfecto, Col\u00e1geno, Hialur\u00f3nico, Control Caspa y Rizos Definidos. Cada l\u00ednea cumple un tratamiento diferente seg\u00fan tus necesidades, lo \u00fanico en com\u00fan: tu cabello siempre se ver\u00e1 espl\u00e9ndido.<\/p>\n<h5>Modo de Uso:<\/h5>\n<p>Despu\u00e9s del shampoo, apl\u00edcalo sobre el cabello de medios a puntas, y masajea suavemente.si quieres, puedes enjuagarlo solo durante 30 segundos.<\/p>\n","protected":false},"excerpt":{"rendered":"<p>Acondicionador Sedal Restauraci\u00f3n Instant\u00e1nea (340 ml), har\u00e1 que tu cabello luzca siempre vivo, suave y principalmente intacto y radiante<\/p>\n","protected":false},"featured_media":10570,"comment_status":"open","ping_status":"closed","template":"","meta":[],"product_brand":[],"product_cat":[237,152],"product_tag":[],"class_list":{"0":"post-15035","1":"product","2":"type-product","3":"status-publish","4":"has-post-thumbnail","6":"product_cat-belleza","7":"product_cat-cuidado-personal","9":"first","10":"instock","11":"shipping-taxable","12":"purchasable","13":"product-type-simple"},"_links":{"self":[{"href":"https:\/\/farmaciadagostino.com.ar\/sitio\/wp-json\/wp\/v2\/product\/15035","targetHints":{"allow":["GET"]}}],"collection":[{"href":"https:\/\/farmaciadagostino.com.ar\/sitio\/wp-json\/wp\/v2\/product"}],"about":[{"href":"https:\/\/farmaciadagostino.com.ar\/sitio\/wp-json\/wp\/v2\/types\/product"}],"replies":[{"embeddable":true,"href":"https:\/\/farmaciadagostino.com.ar\/sitio\/wp-json\/wp\/v2\/comments?post=15035"}],"wp:featuredmedia":[{"embeddable":true,"href":"https:\/\/farmaciadagostino.com.ar\/sitio\/wp-json\/wp\/v2\/media\/10570"}],"wp:attachment":[{"href":"https:\/\/farmaciadagostino.com.ar\/sitio\/wp-json\/wp\/v2\/media?parent=15035"}],"wp:term":[{"taxonomy":"product_brand","embeddable":true,"href":"https:\/\/farmaciadagostino.com.ar\/sitio\/wp-json\/wp\/v2\/product_brand?post=15035"},{"taxonomy":"product_cat","embeddable":true,"href":"https:\/\/farmaciadagostino.com.ar\/sitio\/wp-json\/wp\/v2\/product_cat?post=15035"},{"taxonomy":"product_tag","embeddable":true,"href":"https:\/\/farmaciadagostino.com.ar\/sitio\/wp-json\/wp\/v2\/product_tag?post=15035"}],"curies":[{"name":"wp","href":"https:\/\/api.w.org\/{rel}","templated":true}]}}