{"id":15036,"date":"2024-07-01T21:26:02","date_gmt":"2024-07-02T00:26:02","guid":{"rendered":"https:\/\/farmaciadagostino.com.ar\/sitio\/producto\/acondicionador-sedal-rizos-definidos-x-340-ml\/"},"modified":"2026-03-09T10:25:30","modified_gmt":"2026-03-09T13:25:30","slug":"acondicionador-sedal-rizos-definidos-x-340-ml","status":"publish","type":"product","link":"https:\/\/farmaciadagostino.com.ar\/sitio\/producto\/acondicionador-sedal-rizos-definidos-x-340-ml\/","title":{"rendered":"Acondicionador Sedal Rizos Definidos x 340 ml"},"content":{"rendered":"<p>Nuevo acondicionador Sedal Rizos Definidos. La nueva f\u00f3rmula de nuestro tratamiento para el pelo, combina \u00f3leo de coco, elastina y provitamina B5 para un cuidado profundo de tu cabello \u00a1Logrando una nutrici\u00f3n y definici\u00f3n incre\u00edble!<\/p>\n<p>La Elastina es conocida por ser una prote\u00edna con poder hidratante, la provitamina B5 se complementa con la elastina para concentrar la hidrataci\u00f3n, mientras que el \u00f3leo de coco potencia la nutrici\u00f3n del cabello. En un mundo vibrante y en constante cambio, podemos celebrar cada desaf\u00edo con un cabello protegido, reparado, fuerte y bien cuidado. Con d\u00e9cadas de experiencia en cada envase, pod\u00e9s contar con nosotros para lograr el objetivo en esta tarea. Viene en sus tres formatos: 190 ml, 340 ml y 650 ml. Para \u00f3ptimos resultados, prueba la l\u00ednea completa: Sedal Shampoo Rizos Definidos, Sedal Acondicionador Rizos Definidos, Sedal Crema para Peinar Rizos Definidos.<\/p>\n<h5>Modo de Uso:<\/h5>\n<p>Coloca la crema de enjuague en la mano, apl\u00edcalo sobre el cabello, refuerza en las puntas, masajea suavemente y luego enjuaga.<\/p>\n<h5>Advertencias:<\/h5>\n<p>No ingerir. Evite el contacto con los ojos. En caso de contacto accidental, enju\u00e1guelos con abundante agua fr\u00eda. Discontinuar su uso si aparecen s\u00edntomas de irritaci\u00f3n u otra reacci\u00f3n desfavorable. Los productos para el pelo Sedal tienen la certificaci\u00f3n PETA: Globalmente, Sedal no testea en animales.<\/p>\n","protected":false},"excerpt":{"rendered":"<p>Nuevo acondicionador Sedal Rizos Definidos<\/p>\n","protected":false},"featured_media":10572,"comment_status":"open","ping_status":"closed","template":"","meta":[],"product_brand":[],"product_cat":[237,152],"product_tag":[],"class_list":{"0":"post-15036","1":"product","2":"type-product","3":"status-publish","4":"has-post-thumbnail","6":"product_cat-belleza","7":"product_cat-cuidado-personal","9":"first","10":"instock","11":"shipping-taxable","12":"purchasable","13":"product-type-simple"},"_links":{"self":[{"href":"https:\/\/farmaciadagostino.com.ar\/sitio\/wp-json\/wp\/v2\/product\/15036","targetHints":{"allow":["GET"]}}],"collection":[{"href":"https:\/\/farmaciadagostino.com.ar\/sitio\/wp-json\/wp\/v2\/product"}],"about":[{"href":"https:\/\/farmaciadagostino.com.ar\/sitio\/wp-json\/wp\/v2\/types\/product"}],"replies":[{"embeddable":true,"href":"https:\/\/farmaciadagostino.com.ar\/sitio\/wp-json\/wp\/v2\/comments?post=15036"}],"wp:featuredmedia":[{"embeddable":true,"href":"https:\/\/farmaciadagostino.com.ar\/sitio\/wp-json\/wp\/v2\/media\/10572"}],"wp:attachment":[{"href":"https:\/\/farmaciadagostino.com.ar\/sitio\/wp-json\/wp\/v2\/media?parent=15036"}],"wp:term":[{"taxonomy":"product_brand","embeddable":true,"href":"https:\/\/farmaciadagostino.com.ar\/sitio\/wp-json\/wp\/v2\/product_brand?post=15036"},{"taxonomy":"product_cat","embeddable":true,"href":"https:\/\/farmaciadagostino.com.ar\/sitio\/wp-json\/wp\/v2\/product_cat?post=15036"},{"taxonomy":"product_tag","embeddable":true,"href":"https:\/\/farmaciadagostino.com.ar\/sitio\/wp-json\/wp\/v2\/product_tag?post=15036"}],"curies":[{"name":"wp","href":"https:\/\/api.w.org\/{rel}","templated":true}]}}