{"id":15044,"date":"2024-07-01T21:26:34","date_gmt":"2024-07-02T00:26:34","guid":{"rendered":"https:\/\/farmaciadagostino.com.ar\/sitio\/producto\/acondicionador-tresemme-liso-efecto-botox-x-250-ml-2\/"},"modified":"2026-03-09T10:18:21","modified_gmt":"2026-03-09T13:18:21","slug":"acondicionador-tresemme-liso-efecto-botox-x-250-ml-2","status":"publish","type":"product","link":"https:\/\/farmaciadagostino.com.ar\/sitio\/producto\/acondicionador-tresemme-liso-efecto-botox-x-250-ml-2\/","title":{"rendered":"Acondicionador Tresemm\u00e9 Liso Efecto Botox x 250 ml"},"content":{"rendered":"<p> Tresemm\u00e9 trae las \u00faltimas tendencias de estilo y tecnolog\u00eda con el nuevo Acondicionador TRESEMME Liso Efecto Botox. \u00a1Calidad Profesional todos los d\u00edas! Restaura la fibra capilar para una melena visiblemente saludable. Enriquecido con lisina y prote\u00edna l\u00edquida, ha sido profesionalmente desarrollado para hidratar intensivamente y ayudar a cerrar la cut\u00edcula, rescatando el cabello deteriorado. <\/p>\n<h5>Beneficios:<\/h5>\n<p> Este producto para el cabello restaura la fibra capilar para un cabello visiblemente saludable y m\u00e1s alineado. <\/p>\n<p> Gracias a su formulaci\u00f3n e inyecci\u00f3n intracapilar de activo reparador rellena la fibra reduciendo un 30% menos de vol\u00famen en el cabello, otorgando un cabello m\u00e1s sano e impecable. <\/p>\n<p>\u00bfCabello da\u00f1ado? El botox capilar es un tratamiento intensivo que sirve para rehidratar y devolverle el brillo al cabello. Adem\u00e1s de mejorar el acondicionamiento y aspecto saludable del cabello. <\/p>\n<p> Tresemme Liso Efecto Botox est\u00e1 inspirado en el tratamiento botox realizado en sal\u00f3n. Atrevete a lucir un cabello fabulosamente liso y visiblemente m\u00e1s saludable con el nuevo Acondicionador Tresemm\u00e9 Liso Efecto Botox y not\u00e1 la diferencia. <\/p>\n<p>TRESemm\u00e9 fue reconocido por PETA, quien considera que en todos nuestros productos para el pelo no son testeados en animales y est\u00e1n libres de crueldad animal. <\/p>\n<h5>Modo de uso:<\/h5>\n<p> Aplicar sobre el cabello lavado en largos y puntas, masajear para rellenar las fibras e inyecci\u00f3n de activo reparador. Para un resultado profesional utiliza la l\u00ednea completa (Shampoo Tresemm\u00e9 Liso Efecto Botox + M\u00e1scara de tratamiento Tresemm\u00e9).<\/p>\n","protected":false},"excerpt":{"rendered":"<p>Tresemm\u00e9 trae las \u00faltimas tendencias de estilo y tecnolog\u00eda con el nuevo Acondicionador TRESEMME Liso Efecto Botox<\/p>\n","protected":false},"featured_media":10831,"comment_status":"open","ping_status":"closed","template":"","meta":[],"product_brand":[],"product_cat":[237,152],"product_tag":[],"class_list":{"0":"post-15044","1":"product","2":"type-product","3":"status-publish","4":"has-post-thumbnail","6":"product_cat-belleza","7":"product_cat-cuidado-personal","9":"first","10":"instock","11":"shipping-taxable","12":"purchasable","13":"product-type-simple"},"_links":{"self":[{"href":"https:\/\/farmaciadagostino.com.ar\/sitio\/wp-json\/wp\/v2\/product\/15044","targetHints":{"allow":["GET"]}}],"collection":[{"href":"https:\/\/farmaciadagostino.com.ar\/sitio\/wp-json\/wp\/v2\/product"}],"about":[{"href":"https:\/\/farmaciadagostino.com.ar\/sitio\/wp-json\/wp\/v2\/types\/product"}],"replies":[{"embeddable":true,"href":"https:\/\/farmaciadagostino.com.ar\/sitio\/wp-json\/wp\/v2\/comments?post=15044"}],"wp:featuredmedia":[{"embeddable":true,"href":"https:\/\/farmaciadagostino.com.ar\/sitio\/wp-json\/wp\/v2\/media\/10831"}],"wp:attachment":[{"href":"https:\/\/farmaciadagostino.com.ar\/sitio\/wp-json\/wp\/v2\/media?parent=15044"}],"wp:term":[{"taxonomy":"product_brand","embeddable":true,"href":"https:\/\/farmaciadagostino.com.ar\/sitio\/wp-json\/wp\/v2\/product_brand?post=15044"},{"taxonomy":"product_cat","embeddable":true,"href":"https:\/\/farmaciadagostino.com.ar\/sitio\/wp-json\/wp\/v2\/product_cat?post=15044"},{"taxonomy":"product_tag","embeddable":true,"href":"https:\/\/farmaciadagostino.com.ar\/sitio\/wp-json\/wp\/v2\/product_tag?post=15044"}],"curies":[{"name":"wp","href":"https:\/\/api.w.org\/{rel}","templated":true}]}}