{"id":15045,"date":"2024-07-01T21:26:35","date_gmt":"2024-07-02T00:26:35","guid":{"rendered":"https:\/\/farmaciadagostino.com.ar\/sitio\/producto\/acondicionador-tresemme-matrizador-ultravioleta-x-500-ml\/"},"modified":"2026-03-09T10:25:30","modified_gmt":"2026-03-09T13:25:30","slug":"acondicionador-tresemme-matrizador-ultravioleta-x-500-ml","status":"publish","type":"product","link":"https:\/\/farmaciadagostino.com.ar\/sitio\/producto\/acondicionador-tresemme-matrizador-ultravioleta-x-500-ml\/","title":{"rendered":"Acondicionador Tresemm\u00e9 Matrizador Ultravioleta x 500 ml"},"content":{"rendered":"<p> Tresemm\u00e9 trae las \u00faltimas tendencias de estilo y tecnolog\u00eda con el nuevo Acondicionador TRESEMME Matizador Ultravioleta. \u00a1Calidad Profesional todos los d\u00edas! Este producto para el cabello posee una acci\u00f3n matizadora con pigmentos violetas.<\/p>\n<h5>Beneficios:<\/h5>\n<p> El nuevo Acondicionador Tresemm\u00e9 Matizador Ultravioleta neutraliza tonos amarillos e ilumina los rubios y reflejos sin resecarlos. <\/p>\n<p>\u00bfCabello te\u00f1ido y decolorado? Tresemme Matizador Ultravioleta es perfecto para mantener tonos rubios, platinados o grises. <\/p>\n<p> Su efecto matizador evita el amarillamiento de los hilos y proporciona un mantenimiento de la coloraci\u00f3n deseada. Adem\u00e1s, de dejar tu cabello visiblemente m\u00e1s saludable, prob\u00e1 el nuevo Acondicionador Matizador Ultravioleta y not\u00e1 la diferencia. <\/p>\n<p> Este acondicionador est\u00e1 especialmente dise\u00f1ado para ayudar a neutralizar los cabellos te\u00f1idos y decolorados, logrando que tu pelo tenga tonalidades con menos oxidaci\u00f3n. <\/p>\n<p> Los productos para el pelo Tresemme son reconocidos por PETA, quien considera que en todos nuestros productos para el pelo no son testeados en animales y est\u00e1n libres de crueldad animal.<\/p>\n<h5>Modo de uso: :<\/h5>\n<p> Aplicar sobre el cabello mojado, emulsionar y dejar actuar de 2 a 5 minutos para neutralizar los tonos amarrillos. Enjuagar. Usalo 2-3 veces a la semana. Para un resultado profesional utiliza la l\u00ednea completa. (Shampoo Tresemm\u00e9 Matizador Ultravioleta + M\u00e1scara de tratamiento Tresemm\u00e9) .<\/p>\n","protected":false},"excerpt":{"rendered":"<p>Tresemm\u00e9 trae las \u00faltimas tendencias de estilo y tecnolog\u00eda con el nuevo Acondicionador TRESEMME Matizador Ultravioleta<\/p>\n","protected":false},"featured_media":10472,"comment_status":"open","ping_status":"closed","template":"","meta":[],"product_brand":[],"product_cat":[237,152],"product_tag":[],"class_list":{"0":"post-15045","1":"product","2":"type-product","3":"status-publish","4":"has-post-thumbnail","6":"product_cat-belleza","7":"product_cat-cuidado-personal","9":"first","10":"instock","11":"shipping-taxable","12":"purchasable","13":"product-type-simple"},"_links":{"self":[{"href":"https:\/\/farmaciadagostino.com.ar\/sitio\/wp-json\/wp\/v2\/product\/15045","targetHints":{"allow":["GET"]}}],"collection":[{"href":"https:\/\/farmaciadagostino.com.ar\/sitio\/wp-json\/wp\/v2\/product"}],"about":[{"href":"https:\/\/farmaciadagostino.com.ar\/sitio\/wp-json\/wp\/v2\/types\/product"}],"replies":[{"embeddable":true,"href":"https:\/\/farmaciadagostino.com.ar\/sitio\/wp-json\/wp\/v2\/comments?post=15045"}],"wp:featuredmedia":[{"embeddable":true,"href":"https:\/\/farmaciadagostino.com.ar\/sitio\/wp-json\/wp\/v2\/media\/10472"}],"wp:attachment":[{"href":"https:\/\/farmaciadagostino.com.ar\/sitio\/wp-json\/wp\/v2\/media?parent=15045"}],"wp:term":[{"taxonomy":"product_brand","embeddable":true,"href":"https:\/\/farmaciadagostino.com.ar\/sitio\/wp-json\/wp\/v2\/product_brand?post=15045"},{"taxonomy":"product_cat","embeddable":true,"href":"https:\/\/farmaciadagostino.com.ar\/sitio\/wp-json\/wp\/v2\/product_cat?post=15045"},{"taxonomy":"product_tag","embeddable":true,"href":"https:\/\/farmaciadagostino.com.ar\/sitio\/wp-json\/wp\/v2\/product_tag?post=15045"}],"curies":[{"name":"wp","href":"https:\/\/api.w.org\/{rel}","templated":true}]}}