{"id":15046,"date":"2024-07-01T21:26:35","date_gmt":"2024-07-02T00:26:35","guid":{"rendered":"https:\/\/farmaciadagostino.com.ar\/sitio\/producto\/acondiconador-tresemme-ondas-boho-x-250-ml\/"},"modified":"2026-03-09T10:10:13","modified_gmt":"2026-03-09T13:10:13","slug":"acondiconador-tresemme-ondas-boho-x-250-ml","status":"publish","type":"product","link":"https:\/\/farmaciadagostino.com.ar\/sitio\/producto\/acondiconador-tresemme-ondas-boho-x-250-ml\/","title":{"rendered":"Acondiconador Tresemm\u00e9 Ondas Boho x 250 ml"},"content":{"rendered":"<p> Tresemm\u00e9 trae las \u00faltimas tendencias de estilo y tecnolog\u00eda con el nuevo Acondicionador TRESEMME Ondas Boho. \u00a1Calidad Profesional todos los d\u00edas! Este producto para el cabello posee una acci\u00f3n texturizadora duradera para ondas naturalmente descontracturadas. Contienen mol\u00e9culas acondicionadoras que act\u00faan en mojado para hidratar y desenredar el cabello, adem\u00e1s de no llevar siliconas, lo que permite un efecto desenfadado y con volumen.<\/p>\n<h5>Beneficios:<\/h5>\n<p>El nuevo Acondicionador Tresemm\u00e9 Ondas Boho moldea y activa la estructura de las fibras capilares, dejando tu ondas naturales. <\/p>\n<p>Este acondicionador est\u00e1 especialmente dise\u00f1ado para ayudar a crear, mejorar y mantener las ondas del cabello. Senti tu cabello con mucho m\u00e1s movimiento y textura. <\/p>\n<p> Los productos Tresemme son reconocidos por PETA, quien considera que en todos nuestros productos no son testeados en animales y est\u00e1n libres de crueldad animal. <\/p>\n<h5>Modo de uso: :<\/h5>\n<p> Aplicar sobre el cabello lavado en el largo y las puntas, masajear para lograr ondas descontracturadas y naturales. Enjuagar. Para un resultado profesional utiliza la l\u00ednea completa (Shampoo Tresemm\u00e9 Ondas Boho + M\u00e1scara de tratamiento Tresemm\u00e9)<\/p>\n","protected":false},"excerpt":{"rendered":"<p>Tresemm\u00e9 trae las \u00faltimas tendencias de estilo y tecnolog\u00eda con el nuevo Acondicionador TRESEMME Ondas Boho<\/p>\n","protected":false},"featured_media":10496,"comment_status":"open","ping_status":"closed","template":"","meta":[],"product_brand":[],"product_cat":[237,152],"product_tag":[],"class_list":{"0":"post-15046","1":"product","2":"type-product","3":"status-publish","4":"has-post-thumbnail","6":"product_cat-belleza","7":"product_cat-cuidado-personal","9":"first","10":"instock","11":"shipping-taxable","12":"purchasable","13":"product-type-simple"},"_links":{"self":[{"href":"https:\/\/farmaciadagostino.com.ar\/sitio\/wp-json\/wp\/v2\/product\/15046","targetHints":{"allow":["GET"]}}],"collection":[{"href":"https:\/\/farmaciadagostino.com.ar\/sitio\/wp-json\/wp\/v2\/product"}],"about":[{"href":"https:\/\/farmaciadagostino.com.ar\/sitio\/wp-json\/wp\/v2\/types\/product"}],"replies":[{"embeddable":true,"href":"https:\/\/farmaciadagostino.com.ar\/sitio\/wp-json\/wp\/v2\/comments?post=15046"}],"wp:featuredmedia":[{"embeddable":true,"href":"https:\/\/farmaciadagostino.com.ar\/sitio\/wp-json\/wp\/v2\/media\/10496"}],"wp:attachment":[{"href":"https:\/\/farmaciadagostino.com.ar\/sitio\/wp-json\/wp\/v2\/media?parent=15046"}],"wp:term":[{"taxonomy":"product_brand","embeddable":true,"href":"https:\/\/farmaciadagostino.com.ar\/sitio\/wp-json\/wp\/v2\/product_brand?post=15046"},{"taxonomy":"product_cat","embeddable":true,"href":"https:\/\/farmaciadagostino.com.ar\/sitio\/wp-json\/wp\/v2\/product_cat?post=15046"},{"taxonomy":"product_tag","embeddable":true,"href":"https:\/\/farmaciadagostino.com.ar\/sitio\/wp-json\/wp\/v2\/product_tag?post=15046"}],"curies":[{"name":"wp","href":"https:\/\/api.w.org\/{rel}","templated":true}]}}