{"id":15071,"date":"2024-07-01T21:27:28","date_gmt":"2024-07-02T00:27:28","guid":{"rendered":"https:\/\/farmaciadagostino.com.ar\/sitio\/producto\/gillette-repuestos-para-afeitar-fusion5-proshield-4-unidades\/"},"modified":"2026-03-09T10:18:21","modified_gmt":"2026-03-09T13:18:21","slug":"gillette-repuestos-para-afeitar-fusion5-proshield-4-unidades","status":"publish","type":"product","link":"https:\/\/farmaciadagostino.com.ar\/sitio\/producto\/gillette-repuestos-para-afeitar-fusion5-proshield-4-unidades\/","title":{"rendered":"Gillette Repuestos Para Afeitar Fusion5 Proshield 4 Unidades"},"content":{"rendered":"<p> Los repuestos de afeitar Gillette Proshield cuentan con 5 hojas y doble lubricaci\u00f3n para mayor precisi\u00f3n y comodidad a la hora de tu afeitada. <\/p>\n<h5>Beneficios:<\/h5>\n<p>Gillette Proshield est\u00e1 dise\u00f1ada para brindarte una afeitada m\u00e1s al ras, suave y duradera* (*vs Mach 3), gracias a su tecnolog\u00eda Flexball TM que se adapta a los contornos del rostro para alcanzar cada pelo; y microtensores que estiran la piel. <\/p>\n<p>&#8211; Para los lugares de dif\u00edcil acceso y obtener l\u00edneas bien definidas al afeitarte, Proshield cuenta con una hoja de precisi\u00f3n en la parte superior. <\/p>\n<p>&#8211; Todos los repuestos de Proshield se pueden usar con cualquier mango Fusion5, Proshield y SkinGuard. <\/p>\n","protected":false},"excerpt":{"rendered":"<p>Los repuestos de afeitar Gillette Proshield cuentan con 5 hojas y doble lubricaci\u00f3n para mayor precisi\u00f3n y comodidad a la hora de tu afeitada<\/p>\n","protected":false},"featured_media":8786,"comment_status":"open","ping_status":"closed","template":"","meta":[],"product_brand":[],"product_cat":[152],"product_tag":[],"class_list":{"0":"post-15071","1":"product","2":"type-product","3":"status-publish","4":"has-post-thumbnail","6":"product_cat-cuidado-personal","8":"first","9":"instock","10":"shipping-taxable","11":"purchasable","12":"product-type-simple"},"_links":{"self":[{"href":"https:\/\/farmaciadagostino.com.ar\/sitio\/wp-json\/wp\/v2\/product\/15071","targetHints":{"allow":["GET"]}}],"collection":[{"href":"https:\/\/farmaciadagostino.com.ar\/sitio\/wp-json\/wp\/v2\/product"}],"about":[{"href":"https:\/\/farmaciadagostino.com.ar\/sitio\/wp-json\/wp\/v2\/types\/product"}],"replies":[{"embeddable":true,"href":"https:\/\/farmaciadagostino.com.ar\/sitio\/wp-json\/wp\/v2\/comments?post=15071"}],"wp:featuredmedia":[{"embeddable":true,"href":"https:\/\/farmaciadagostino.com.ar\/sitio\/wp-json\/wp\/v2\/media\/8786"}],"wp:attachment":[{"href":"https:\/\/farmaciadagostino.com.ar\/sitio\/wp-json\/wp\/v2\/media?parent=15071"}],"wp:term":[{"taxonomy":"product_brand","embeddable":true,"href":"https:\/\/farmaciadagostino.com.ar\/sitio\/wp-json\/wp\/v2\/product_brand?post=15071"},{"taxonomy":"product_cat","embeddable":true,"href":"https:\/\/farmaciadagostino.com.ar\/sitio\/wp-json\/wp\/v2\/product_cat?post=15071"},{"taxonomy":"product_tag","embeddable":true,"href":"https:\/\/farmaciadagostino.com.ar\/sitio\/wp-json\/wp\/v2\/product_tag?post=15071"}],"curies":[{"name":"wp","href":"https:\/\/api.w.org\/{rel}","templated":true}]}}