{"id":15072,"date":"2024-07-01T21:27:29","date_gmt":"2024-07-02T00:27:29","guid":{"rendered":"https:\/\/farmaciadagostino.com.ar\/sitio\/producto\/maquina-de-afeitar-gillette-planet-kind\/"},"modified":"2026-03-09T10:25:31","modified_gmt":"2026-03-09T13:25:31","slug":"maquina-de-afeitar-gillette-planet-kind","status":"publish","type":"product","link":"https:\/\/farmaciadagostino.com.ar\/sitio\/producto\/maquina-de-afeitar-gillette-planet-kind\/","title":{"rendered":"M\u00e1quina de Afeitar Gillette Planet Kind"},"content":{"rendered":"<p>Planet KIND de Gillette se define como una nueva marca de afeitado y cuidado de la piel, amable con esta y con el planeta. Sus envases son reciclables y est\u00e1n hechos con un 85% de papel reciclado, un 85% de pl\u00e1stico reciclado o aluminio infinitamente reciclable. Su l\u00ednea tambi\u00e9n incluye un mango de maquinilla de afeitar fabricado con un 60% de pl\u00e1stico reciclado. <\/p>\n<h5>Beneficios:<\/h5>\n<p>Cuenta con cinco hojas de alta calidad que se deslizan sin esfuerzo sobre la piel para un afeitado apurado, suave y delicado. Cada cartucho dura hasta un mes de afeitado. <\/p>\n","protected":false},"excerpt":{"rendered":"<p>Planet KIND de Gillette se define como una nueva marca de afeitado y cuidado de la piel, amable con esta y con el planeta<\/p>\n","protected":false},"featured_media":8873,"comment_status":"open","ping_status":"closed","template":"","meta":[],"product_brand":[],"product_cat":[152],"product_tag":[],"class_list":{"0":"post-15072","1":"product","2":"type-product","3":"status-publish","4":"has-post-thumbnail","6":"product_cat-cuidado-personal","8":"first","9":"instock","10":"shipping-taxable","11":"purchasable","12":"product-type-simple"},"_links":{"self":[{"href":"https:\/\/farmaciadagostino.com.ar\/sitio\/wp-json\/wp\/v2\/product\/15072","targetHints":{"allow":["GET"]}}],"collection":[{"href":"https:\/\/farmaciadagostino.com.ar\/sitio\/wp-json\/wp\/v2\/product"}],"about":[{"href":"https:\/\/farmaciadagostino.com.ar\/sitio\/wp-json\/wp\/v2\/types\/product"}],"replies":[{"embeddable":true,"href":"https:\/\/farmaciadagostino.com.ar\/sitio\/wp-json\/wp\/v2\/comments?post=15072"}],"wp:featuredmedia":[{"embeddable":true,"href":"https:\/\/farmaciadagostino.com.ar\/sitio\/wp-json\/wp\/v2\/media\/8873"}],"wp:attachment":[{"href":"https:\/\/farmaciadagostino.com.ar\/sitio\/wp-json\/wp\/v2\/media?parent=15072"}],"wp:term":[{"taxonomy":"product_brand","embeddable":true,"href":"https:\/\/farmaciadagostino.com.ar\/sitio\/wp-json\/wp\/v2\/product_brand?post=15072"},{"taxonomy":"product_cat","embeddable":true,"href":"https:\/\/farmaciadagostino.com.ar\/sitio\/wp-json\/wp\/v2\/product_cat?post=15072"},{"taxonomy":"product_tag","embeddable":true,"href":"https:\/\/farmaciadagostino.com.ar\/sitio\/wp-json\/wp\/v2\/product_tag?post=15072"}],"curies":[{"name":"wp","href":"https:\/\/api.w.org\/{rel}","templated":true}]}}