{"id":15073,"date":"2024-07-01T21:27:29","date_gmt":"2024-07-02T00:27:29","guid":{"rendered":"https:\/\/farmaciadagostino.com.ar\/sitio\/producto\/repuestos-para-afeitar-gillette-3-mach-3-u\/"},"modified":"2026-03-09T10:10:14","modified_gmt":"2026-03-09T13:10:14","slug":"repuestos-para-afeitar-gillette-3-mach-3-u","status":"publish","type":"product","link":"https:\/\/farmaciadagostino.com.ar\/sitio\/producto\/repuestos-para-afeitar-gillette-3-mach-3-u\/","title":{"rendered":"Repuestos Para Afeitar Gillette 3 mach 3\u00a0U"},"content":{"rendered":"<p>Los repuestos para la afeitadora Gillette Mach3+ cuenta con tres hojas m\u00e1s fuertes que el acero, que se mantienen afiladas por m\u00e1s tiempo* (vs. Prestobarba3). <\/p>\n<h5>Beneficios:<\/h5>\n<p>Est\u00e1 dise\u00f1ada para darte hasta 20 afeitadas por repuesto, su banda extra lubricante**(vs. MACH3 Regular) proporciona una lubricaci\u00f3n superior, con m\u00e1s agentes lubricantes y una mayor duraci\u00f3n, disminuye la irritaci\u00f3n al afeitarse. <\/p>\n<p>-Su cabeza flexible, que se ajusta al contorno de la cara, y sus 10 microtensores que alisan la piel te proporcionar\u00e1n una afeitada m\u00e1s al ras. <\/p>\n<p>-Todos los cartuchos de la familia MACH3 se pueden usar con cualquier mango MACH3. <\/p>\n","protected":false},"excerpt":{"rendered":"<p>Los repuestos para la afeitadora Gillette Mach3+ cuenta con tres hojas m\u00e1s fuertes que el acero, que se mantienen afiladas por m\u00e1s tiempo* (vs<\/p>\n","protected":false},"featured_media":8794,"comment_status":"open","ping_status":"closed","template":"","meta":[],"product_brand":[],"product_cat":[152],"product_tag":[],"class_list":{"0":"post-15073","1":"product","2":"type-product","3":"status-publish","4":"has-post-thumbnail","6":"product_cat-cuidado-personal","8":"first","9":"instock","10":"shipping-taxable","11":"purchasable","12":"product-type-simple"},"_links":{"self":[{"href":"https:\/\/farmaciadagostino.com.ar\/sitio\/wp-json\/wp\/v2\/product\/15073","targetHints":{"allow":["GET"]}}],"collection":[{"href":"https:\/\/farmaciadagostino.com.ar\/sitio\/wp-json\/wp\/v2\/product"}],"about":[{"href":"https:\/\/farmaciadagostino.com.ar\/sitio\/wp-json\/wp\/v2\/types\/product"}],"replies":[{"embeddable":true,"href":"https:\/\/farmaciadagostino.com.ar\/sitio\/wp-json\/wp\/v2\/comments?post=15073"}],"wp:featuredmedia":[{"embeddable":true,"href":"https:\/\/farmaciadagostino.com.ar\/sitio\/wp-json\/wp\/v2\/media\/8794"}],"wp:attachment":[{"href":"https:\/\/farmaciadagostino.com.ar\/sitio\/wp-json\/wp\/v2\/media?parent=15073"}],"wp:term":[{"taxonomy":"product_brand","embeddable":true,"href":"https:\/\/farmaciadagostino.com.ar\/sitio\/wp-json\/wp\/v2\/product_brand?post=15073"},{"taxonomy":"product_cat","embeddable":true,"href":"https:\/\/farmaciadagostino.com.ar\/sitio\/wp-json\/wp\/v2\/product_cat?post=15073"},{"taxonomy":"product_tag","embeddable":true,"href":"https:\/\/farmaciadagostino.com.ar\/sitio\/wp-json\/wp\/v2\/product_tag?post=15073"}],"curies":[{"name":"wp","href":"https:\/\/api.w.org\/{rel}","templated":true}]}}