{"id":15094,"date":"2024-07-01T21:27:46","date_gmt":"2024-07-02T00:27:46","guid":{"rendered":"https:\/\/farmaciadagostino.com.ar\/sitio\/producto\/equal-sweet-edulcorante-en-polvo-stevia-caja-de-50-sobres\/"},"modified":"2026-03-09T10:10:14","modified_gmt":"2026-03-09T13:10:14","slug":"equal-sweet-edulcorante-en-polvo-stevia-caja-de-50-sobres","status":"publish","type":"product","link":"https:\/\/farmaciadagostino.com.ar\/sitio\/producto\/equal-sweet-edulcorante-en-polvo-stevia-caja-de-50-sobres\/","title":{"rendered":"Equal Sweet Edulcorante en Polvo Stevia Caja de 50 Sobres"},"content":{"rendered":"<h5>Nombre<\/h5>\n<p>Endulzante Natural&nbsp;Cero Calor\u00edas Equalsweet Stevia en polvo x 50&nbsp;sobres de&nbsp;1 gr c\/u<\/p>\n<h5>Descripci\u00f3n<\/h5>\n<p>EqualsweetEl primer endulzante natural elaborado en base a la planta de Stevia, sin calor\u00edas y de excelente sabor.Se puede utilizar para endulzar naturalmente bebidas fr\u00edas o calientes, para rociar sobre frutas y tambi\u00e9n en la preparaci\u00f3n de recetas<\/p>\n<h5>Eficacia \/ Beneficios<\/h5>\n<p>Sustituto del az\u00facar (por el ahorro cal\u00f3rico) y los edulcorantes artificiales (por su naturalidad).<\/p>\n","protected":false},"excerpt":{"rendered":"<p>NombreEndulzante Natural&nbsp;Cero Calor\u00edas Equalsweet Stevia en polvo x 50&nbsp;sobres de&nbsp;1 gr c\/uDescripci\u00f3nEqualsweetEl primer endulzante natural elaborado en base a la planta de Stevia, sin calor\u00edas y de excelente sabor<\/p>\n","protected":false},"featured_media":11030,"comment_status":"open","ping_status":"closed","template":"","meta":[],"product_brand":[],"product_cat":[240],"product_tag":[],"class_list":{"0":"post-15094","1":"product","2":"type-product","3":"status-publish","4":"has-post-thumbnail","6":"product_cat-hogar","8":"first","9":"instock","10":"shipping-taxable","11":"purchasable","12":"product-type-simple"},"_links":{"self":[{"href":"https:\/\/farmaciadagostino.com.ar\/sitio\/wp-json\/wp\/v2\/product\/15094","targetHints":{"allow":["GET"]}}],"collection":[{"href":"https:\/\/farmaciadagostino.com.ar\/sitio\/wp-json\/wp\/v2\/product"}],"about":[{"href":"https:\/\/farmaciadagostino.com.ar\/sitio\/wp-json\/wp\/v2\/types\/product"}],"replies":[{"embeddable":true,"href":"https:\/\/farmaciadagostino.com.ar\/sitio\/wp-json\/wp\/v2\/comments?post=15094"}],"wp:featuredmedia":[{"embeddable":true,"href":"https:\/\/farmaciadagostino.com.ar\/sitio\/wp-json\/wp\/v2\/media\/11030"}],"wp:attachment":[{"href":"https:\/\/farmaciadagostino.com.ar\/sitio\/wp-json\/wp\/v2\/media?parent=15094"}],"wp:term":[{"taxonomy":"product_brand","embeddable":true,"href":"https:\/\/farmaciadagostino.com.ar\/sitio\/wp-json\/wp\/v2\/product_brand?post=15094"},{"taxonomy":"product_cat","embeddable":true,"href":"https:\/\/farmaciadagostino.com.ar\/sitio\/wp-json\/wp\/v2\/product_cat?post=15094"},{"taxonomy":"product_tag","embeddable":true,"href":"https:\/\/farmaciadagostino.com.ar\/sitio\/wp-json\/wp\/v2\/product_tag?post=15094"}],"curies":[{"name":"wp","href":"https:\/\/api.w.org\/{rel}","templated":true}]}}