{"id":15114,"date":"2024-07-01T21:28:00","date_gmt":"2024-07-02T00:28:00","guid":{"rendered":"https:\/\/farmaciadagostino.com.ar\/sitio\/producto\/espadol-toallas-antibacteriales-skincare-10-unidades\/"},"modified":"2026-03-09T10:18:22","modified_gmt":"2026-03-09T13:18:22","slug":"espadol-toallas-antibacteriales-skincare-10-unidades","status":"publish","type":"product","link":"https:\/\/farmaciadagostino.com.ar\/sitio\/producto\/espadol-toallas-antibacteriales-skincare-10-unidades\/","title":{"rendered":"Espadol Toallas Antibacteriales Skincare (10 Unidades)"},"content":{"rendered":"<p>Las toallas antibacteriales Espadol Dettol Skincare eliminan el 99,9% de los g\u00e9rmenes*. Su suave textura limpia la piel sin causar irritaciones y dejan la piel con una fragancia fresca despu\u00e9s de usarlas.<br \/>\nIdeal para usarlo en lugares de trabajo, ba\u00f1os p\u00fablicos, colegios, jardines de infantes y autom\u00f3viles.<br \/>\nDermatol\u00f3gicamente testeado<\/p>\n<p>Contenido: 10 unidades<\/p>\n","protected":false},"excerpt":{"rendered":"<p>Las toallas antibacteriales Espadol Dettol Skincare eliminan el 99,9% de los g\u00e9rmenes*<\/p>\n","protected":false},"featured_media":10329,"comment_status":"open","ping_status":"closed","template":"","meta":[],"product_brand":[],"product_cat":[152],"product_tag":[],"class_list":{"0":"post-15114","1":"product","2":"type-product","3":"status-publish","4":"has-post-thumbnail","6":"product_cat-cuidado-personal","8":"first","9":"instock","10":"shipping-taxable","11":"purchasable","12":"product-type-simple"},"_links":{"self":[{"href":"https:\/\/farmaciadagostino.com.ar\/sitio\/wp-json\/wp\/v2\/product\/15114","targetHints":{"allow":["GET"]}}],"collection":[{"href":"https:\/\/farmaciadagostino.com.ar\/sitio\/wp-json\/wp\/v2\/product"}],"about":[{"href":"https:\/\/farmaciadagostino.com.ar\/sitio\/wp-json\/wp\/v2\/types\/product"}],"replies":[{"embeddable":true,"href":"https:\/\/farmaciadagostino.com.ar\/sitio\/wp-json\/wp\/v2\/comments?post=15114"}],"wp:featuredmedia":[{"embeddable":true,"href":"https:\/\/farmaciadagostino.com.ar\/sitio\/wp-json\/wp\/v2\/media\/10329"}],"wp:attachment":[{"href":"https:\/\/farmaciadagostino.com.ar\/sitio\/wp-json\/wp\/v2\/media?parent=15114"}],"wp:term":[{"taxonomy":"product_brand","embeddable":true,"href":"https:\/\/farmaciadagostino.com.ar\/sitio\/wp-json\/wp\/v2\/product_brand?post=15114"},{"taxonomy":"product_cat","embeddable":true,"href":"https:\/\/farmaciadagostino.com.ar\/sitio\/wp-json\/wp\/v2\/product_cat?post=15114"},{"taxonomy":"product_tag","embeddable":true,"href":"https:\/\/farmaciadagostino.com.ar\/sitio\/wp-json\/wp\/v2\/product_tag?post=15114"}],"curies":[{"name":"wp","href":"https:\/\/api.w.org\/{rel}","templated":true}]}}