{"id":15115,"date":"2024-07-01T21:28:00","date_gmt":"2024-07-02T00:28:00","guid":{"rendered":"https:\/\/farmaciadagostino.com.ar\/sitio\/producto\/ewe-alcohol-en-gel-con-bomba-250-ml\/"},"modified":"2026-03-09T10:25:31","modified_gmt":"2026-03-09T13:25:31","slug":"ewe-alcohol-en-gel-con-bomba-250-ml","status":"publish","type":"product","link":"https:\/\/farmaciadagostino.com.ar\/sitio\/producto\/ewe-alcohol-en-gel-con-bomba-250-ml\/","title":{"rendered":"Ewe Alcohol en Gel Con Bomba 250 ml"},"content":{"rendered":"<p>Alcohol en gel EWE- Higienizador para manos. Con vitamina E, limpia y suaviza las manos sin irritarlas ni secarlas, dejando una sensaci\u00f3n limpia y fresca. No deja efecto pegajoso en la piel. Contiene alcohol en forma de gel al 70%, en su mejor relaci\u00f3n de concentraci\u00f3n con efecto germicida, asegurando una completa higiene de las manos y dejando una sensaci\u00f3n limpia y fresca.<\/p>\n","protected":false},"excerpt":{"rendered":"<p>Alcohol en gel EWE- Higienizador para manos<\/p>\n","protected":false},"featured_media":12111,"comment_status":"open","ping_status":"closed","template":"","meta":[],"product_brand":[],"product_cat":[152,149],"product_tag":[],"class_list":{"0":"post-15115","1":"product","2":"type-product","3":"status-publish","4":"has-post-thumbnail","6":"product_cat-cuidado-personal","7":"product_cat-farmacia","9":"first","10":"instock","11":"shipping-taxable","12":"purchasable","13":"product-type-simple"},"_links":{"self":[{"href":"https:\/\/farmaciadagostino.com.ar\/sitio\/wp-json\/wp\/v2\/product\/15115","targetHints":{"allow":["GET"]}}],"collection":[{"href":"https:\/\/farmaciadagostino.com.ar\/sitio\/wp-json\/wp\/v2\/product"}],"about":[{"href":"https:\/\/farmaciadagostino.com.ar\/sitio\/wp-json\/wp\/v2\/types\/product"}],"replies":[{"embeddable":true,"href":"https:\/\/farmaciadagostino.com.ar\/sitio\/wp-json\/wp\/v2\/comments?post=15115"}],"wp:featuredmedia":[{"embeddable":true,"href":"https:\/\/farmaciadagostino.com.ar\/sitio\/wp-json\/wp\/v2\/media\/12111"}],"wp:attachment":[{"href":"https:\/\/farmaciadagostino.com.ar\/sitio\/wp-json\/wp\/v2\/media?parent=15115"}],"wp:term":[{"taxonomy":"product_brand","embeddable":true,"href":"https:\/\/farmaciadagostino.com.ar\/sitio\/wp-json\/wp\/v2\/product_brand?post=15115"},{"taxonomy":"product_cat","embeddable":true,"href":"https:\/\/farmaciadagostino.com.ar\/sitio\/wp-json\/wp\/v2\/product_cat?post=15115"},{"taxonomy":"product_tag","embeddable":true,"href":"https:\/\/farmaciadagostino.com.ar\/sitio\/wp-json\/wp\/v2\/product_tag?post=15115"}],"curies":[{"name":"wp","href":"https:\/\/api.w.org\/{rel}","templated":true}]}}