{"id":15117,"date":"2024-07-01T21:28:04","date_gmt":"2024-07-02T00:28:04","guid":{"rendered":"https:\/\/farmaciadagostino.com.ar\/sitio\/producto\/dove-antitranspirante-clinical-en-barra-48-gr\/"},"modified":"2026-03-09T10:10:14","modified_gmt":"2026-03-09T13:10:14","slug":"dove-antitranspirante-clinical-en-barra-48-gr","status":"publish","type":"product","link":"https:\/\/farmaciadagostino.com.ar\/sitio\/producto\/dove-antitranspirante-clinical-en-barra-48-gr\/","title":{"rendered":"Dove Antitranspirante Clinical En Barra 48 Gr"},"content":{"rendered":"<p>Estamos m\u00e1s propensas a sudar durante momentos dif\u00edciles, justo cuando m\u00e1s queremos sentirnos seguras. Tal vez sea el d\u00eda de una reuni\u00f3n dif\u00edcil por la que has hecho de todo para prepararte o una de esas ocasiones en las que absolutamente todo sucede al mismo tiempo. Cualquiera que sea la raz\u00f3n, la soluci\u00f3n es la misma: Antitranspirante Dove Clinical, m\u00e1xima eficacia y todo el cuidado de Dove. Posee una exclusiva combinaci\u00f3n de ingredientes que forma una barrera contra el sudor mucho m\u00e1s potente que un antitranspirante com\u00fan, y por eso es m\u00e1s efectiva. Adem\u00e1s, posee 1\/4 de crema humectante que cuida la piel de tus axilas.Los antitranspirantes Dove Clinical en barra, brindan 3 veces m\u00e1s protecci\u00f3n que un antitranspirante com\u00fan. Despu\u00e9s de unos pocos usos, notar\u00e1s que tus axilas se ven y se sienten suaves. La pr\u00f3xima vez que est\u00e9s apurada o frente a una situaci\u00f3n estresante, podes estar tranquila de que estar\u00e1s seca y fresca con Dove Clinical. Dove Clinical te brinda a 96 horas mayor protecci\u00f3n que la que ofrece un antitranspirante com\u00fan a 24 horas y todo el cuidado \u00fanico Dove.<\/p>\n<h5>Beneficios:<\/h5>\n<p>El desodorante antitranspirante Dove en barra brinda 3 veces mayor protecci\u00f3n contra el sudor que un antitranspirante com\u00fan. Contiene una tecnolog\u00eda avanzada, desarrollada espec\u00edficamente para prevenir la transpiraci\u00f3n excesiva y brindarte todo el cuidado para tus axilas. La tecnolog\u00eda del antitranspirante en barra Clinical forma un microescudo que dura 96 horas. M\u00e1xima protecci\u00f3n de Dove disponible en el mercado. Los desodorantes y antitranspirantes Dove est\u00e1n dermatol\u00f3gicamente probados. Dove Clinical contiene 1\/4 de crema humectante. La f\u00f3rmula de Dove Antitranspirante no tiene alcohol reduciendo la irritaci\u00f3n por la depilaci\u00f3n.<\/p>\n<h5>Modo de uso:<\/h5>\n<p>Para un rendimiento \u00f3ptimo sugerimos aplicar el producto de noche, ya que le permite formar un mayor nivel de protecci\u00f3n cuando tu cuerpo descansa. Aplicar una vez al d\u00eda, no necesita reaplicar.<\/p>\n","protected":false},"excerpt":{"rendered":"<p>Estamos m\u00e1s propensas a sudar durante momentos dif\u00edciles, justo cuando m\u00e1s queremos sentirnos seguras<\/p>\n","protected":false},"featured_media":7201,"comment_status":"open","ping_status":"closed","template":"","meta":[],"product_brand":[],"product_cat":[152],"product_tag":[],"class_list":{"0":"post-15117","1":"product","2":"type-product","3":"status-publish","4":"has-post-thumbnail","6":"product_cat-cuidado-personal","8":"first","9":"instock","10":"shipping-taxable","11":"purchasable","12":"product-type-simple"},"_links":{"self":[{"href":"https:\/\/farmaciadagostino.com.ar\/sitio\/wp-json\/wp\/v2\/product\/15117","targetHints":{"allow":["GET"]}}],"collection":[{"href":"https:\/\/farmaciadagostino.com.ar\/sitio\/wp-json\/wp\/v2\/product"}],"about":[{"href":"https:\/\/farmaciadagostino.com.ar\/sitio\/wp-json\/wp\/v2\/types\/product"}],"replies":[{"embeddable":true,"href":"https:\/\/farmaciadagostino.com.ar\/sitio\/wp-json\/wp\/v2\/comments?post=15117"}],"wp:featuredmedia":[{"embeddable":true,"href":"https:\/\/farmaciadagostino.com.ar\/sitio\/wp-json\/wp\/v2\/media\/7201"}],"wp:attachment":[{"href":"https:\/\/farmaciadagostino.com.ar\/sitio\/wp-json\/wp\/v2\/media?parent=15117"}],"wp:term":[{"taxonomy":"product_brand","embeddable":true,"href":"https:\/\/farmaciadagostino.com.ar\/sitio\/wp-json\/wp\/v2\/product_brand?post=15117"},{"taxonomy":"product_cat","embeddable":true,"href":"https:\/\/farmaciadagostino.com.ar\/sitio\/wp-json\/wp\/v2\/product_cat?post=15117"},{"taxonomy":"product_tag","embeddable":true,"href":"https:\/\/farmaciadagostino.com.ar\/sitio\/wp-json\/wp\/v2\/product_tag?post=15117"}],"curies":[{"name":"wp","href":"https:\/\/api.w.org\/{rel}","templated":true}]}}