{"id":15119,"date":"2024-07-01T21:28:16","date_gmt":"2024-07-02T00:28:16","guid":{"rendered":"https:\/\/farmaciadagostino.com.ar\/sitio\/producto\/gillette-antitranspirante-en-gel-sport-triumph-clear-82-gr\/"},"modified":"2026-03-09T10:25:31","modified_gmt":"2026-03-09T13:25:31","slug":"gillette-antitranspirante-en-gel-sport-triumph-clear-82-gr","status":"publish","type":"product","link":"https:\/\/farmaciadagostino.com.ar\/sitio\/producto\/gillette-antitranspirante-en-gel-sport-triumph-clear-82-gr\/","title":{"rendered":"Gillette Antitranspirante en Gel Sport Triumph Clear 82 gr"},"content":{"rendered":"<h5>Nombre<\/h5>\n<p>Desodorante Antitranspirante para hombre Gillette Clear Gel Sport Triumph x 82 gr <\/p>\n<h5>Descripci\u00f3n<\/h5>\n<p>Gillette 3X Sistema de Triple Protecci\u00f3n: Te mantiene seco. Combate el mal olor. Fragancia que dura todo el d\u00eda. <\/p>\n<h5>Indicaciones<\/h5>\n<p>Quite el sello de seguridad. Gire el disco hasta que aparezca una peque\u00f1a cantidad de producto. Aplique solo en las axilas. Mantenga el envase bien cerrado. Use a diario.<\/p>\n<h5>Advertencias<\/h5>\n<p>No aplique sobre la piel irritada o lastimada. Discontin\u00fae su uso en caso de presentar irritaci\u00f3n, enrojecimiento o alguna molestia. Mantenga fuera del alcance de ni\u00f1os. Este gel puede opacarse temporalmente al exponerse a temperaturas extremas, sin afectar su acci\u00f3n protectora.<\/p>\n<h5>Caracter\u00edsticas y Beneficios<\/h5>\n<p>3X Triple Protection System.<\/p>\n","protected":false},"excerpt":{"rendered":"<p>NombreDesodorante Antitranspirante para hombre Gillette Clear Gel Sport Triumph x 82 gr Descripci\u00f3nGillette 3X Sistema de Triple Protecci\u00f3n: Te mantiene seco<\/p>\n","protected":false},"featured_media":9094,"comment_status":"open","ping_status":"closed","template":"","meta":[],"product_brand":[],"product_cat":[152],"product_tag":[],"class_list":{"0":"post-15119","1":"product","2":"type-product","3":"status-publish","4":"has-post-thumbnail","6":"product_cat-cuidado-personal","8":"first","9":"instock","10":"shipping-taxable","11":"purchasable","12":"product-type-simple"},"_links":{"self":[{"href":"https:\/\/farmaciadagostino.com.ar\/sitio\/wp-json\/wp\/v2\/product\/15119","targetHints":{"allow":["GET"]}}],"collection":[{"href":"https:\/\/farmaciadagostino.com.ar\/sitio\/wp-json\/wp\/v2\/product"}],"about":[{"href":"https:\/\/farmaciadagostino.com.ar\/sitio\/wp-json\/wp\/v2\/types\/product"}],"replies":[{"embeddable":true,"href":"https:\/\/farmaciadagostino.com.ar\/sitio\/wp-json\/wp\/v2\/comments?post=15119"}],"wp:featuredmedia":[{"embeddable":true,"href":"https:\/\/farmaciadagostino.com.ar\/sitio\/wp-json\/wp\/v2\/media\/9094"}],"wp:attachment":[{"href":"https:\/\/farmaciadagostino.com.ar\/sitio\/wp-json\/wp\/v2\/media?parent=15119"}],"wp:term":[{"taxonomy":"product_brand","embeddable":true,"href":"https:\/\/farmaciadagostino.com.ar\/sitio\/wp-json\/wp\/v2\/product_brand?post=15119"},{"taxonomy":"product_cat","embeddable":true,"href":"https:\/\/farmaciadagostino.com.ar\/sitio\/wp-json\/wp\/v2\/product_cat?post=15119"},{"taxonomy":"product_tag","embeddable":true,"href":"https:\/\/farmaciadagostino.com.ar\/sitio\/wp-json\/wp\/v2\/product_tag?post=15119"}],"curies":[{"name":"wp","href":"https:\/\/api.w.org\/{rel}","templated":true}]}}