{"id":15123,"date":"2024-07-01T21:28:23","date_gmt":"2024-07-02T00:28:23","guid":{"rendered":"https:\/\/farmaciadagostino.com.ar\/sitio\/producto\/rexona-desodorante-cotton-dry-250-ml\/"},"modified":"2026-03-09T10:25:31","modified_gmt":"2026-03-09T13:25:31","slug":"rexona-desodorante-cotton-dry-250-ml","status":"publish","type":"product","link":"https:\/\/farmaciadagostino.com.ar\/sitio\/producto\/rexona-desodorante-cotton-dry-250-ml\/","title":{"rendered":"Rexona Desodorante Cotton Dry 250 ml"},"content":{"rendered":"<p>Experimenta la frescura y protecci\u00f3n duradera con el Rexona Desodorante Aerosol Cotton Dry en su presentaci\u00f3n de 250 ml. Dise\u00f1ado para brindarte confianza y comodidad en cada movimiento, este desodorante te ofrece una defensa imparable contra la transpiraci\u00f3n y el mal olor. Con su f\u00f3rmula de avanzada, Rexona Aerosol Cotton Dry brinda una protecci\u00f3n de hasta 72 horas que no se detiene, manteni\u00e9ndote fresco y seco durante toda la jornada. Una sola aplicaci\u00f3n es suficiente para asegurar una protecci\u00f3n prolongada, permiti\u00e9ndote disfrutar de la frescura que necesitas para enfrentar cada d\u00eda. Tiene una f\u00f3rmula que especialmente dise\u00f1ada para tener una protecci\u00f3n activa a medida que avanzas en tu d\u00eda, asegurando que te sientas fresco en todo momento. Este aerosol es 0% de alcohol et\u00edlico, hipoalerg\u00e9nico y ha sido dermatol\u00f3gicamente testeado, asegurando suavidad y cuidado para tu piel, incluso para las pieles m\u00e1s sensibles. Disfruta de la frescura y confianza en cada movimiento con Rexona Desodorante Cotton Dry. Su presentaci\u00f3n de 250 ml te proporciona suficiente producto para disfrutar una protecci\u00f3n duradera y efectiva. \u00danete a la experiencia Rexona y si\u00e9ntete seguro y fresco todo el d\u00eda con el poder de Rexona Desodorante Aerosol Cotton Dry 250 ml. No dejes que nada te detenga y experimenta la comodidad y protecci\u00f3n que mereces. \u00a1Descubre el placer de sentirte protegido en cada movimiento!<\/p>\n<p>Es un desodorante dermatol\u00f3gicamente testeado. Este desodorante ofrece 72H de protecci\u00f3n que no paran. Es un desodorante aerosol que da la sensaci\u00f3n de frescura en cada movimiento Es un Desodorante con 0% de alcohol et\u00edlico Este desodorante es de f\u00e1cil aplicaci\u00f3n en la piel. El desodorante Rexona Cotton Dry provee protecci\u00f3n garantizada en una aplicaci\u00f3n.0<\/p>\n","protected":false},"excerpt":{"rendered":"<p>Experimenta la frescura y protecci\u00f3n duradera con el Rexona Desodorante Aerosol Cotton Dry en su presentaci\u00f3n de 250 ml<\/p>\n","protected":false},"featured_media":10786,"comment_status":"open","ping_status":"closed","template":"","meta":[],"product_brand":[],"product_cat":[152],"product_tag":[],"class_list":{"0":"post-15123","1":"product","2":"type-product","3":"status-publish","4":"has-post-thumbnail","6":"product_cat-cuidado-personal","8":"first","9":"instock","10":"shipping-taxable","11":"purchasable","12":"product-type-simple"},"_links":{"self":[{"href":"https:\/\/farmaciadagostino.com.ar\/sitio\/wp-json\/wp\/v2\/product\/15123","targetHints":{"allow":["GET"]}}],"collection":[{"href":"https:\/\/farmaciadagostino.com.ar\/sitio\/wp-json\/wp\/v2\/product"}],"about":[{"href":"https:\/\/farmaciadagostino.com.ar\/sitio\/wp-json\/wp\/v2\/types\/product"}],"replies":[{"embeddable":true,"href":"https:\/\/farmaciadagostino.com.ar\/sitio\/wp-json\/wp\/v2\/comments?post=15123"}],"wp:featuredmedia":[{"embeddable":true,"href":"https:\/\/farmaciadagostino.com.ar\/sitio\/wp-json\/wp\/v2\/media\/10786"}],"wp:attachment":[{"href":"https:\/\/farmaciadagostino.com.ar\/sitio\/wp-json\/wp\/v2\/media?parent=15123"}],"wp:term":[{"taxonomy":"product_brand","embeddable":true,"href":"https:\/\/farmaciadagostino.com.ar\/sitio\/wp-json\/wp\/v2\/product_brand?post=15123"},{"taxonomy":"product_cat","embeddable":true,"href":"https:\/\/farmaciadagostino.com.ar\/sitio\/wp-json\/wp\/v2\/product_cat?post=15123"},{"taxonomy":"product_tag","embeddable":true,"href":"https:\/\/farmaciadagostino.com.ar\/sitio\/wp-json\/wp\/v2\/product_tag?post=15123"}],"curies":[{"name":"wp","href":"https:\/\/api.w.org\/{rel}","templated":true}]}}