{"id":15124,"date":"2024-07-01T21:28:23","date_gmt":"2024-07-02T00:28:23","guid":{"rendered":"https:\/\/farmaciadagostino.com.ar\/sitio\/producto\/rexona-desodorante-xtracool-250-ml\/"},"modified":"2026-03-09T10:10:14","modified_gmt":"2026-03-09T13:10:14","slug":"rexona-desodorante-xtracool-250-ml","status":"publish","type":"product","link":"https:\/\/farmaciadagostino.com.ar\/sitio\/producto\/rexona-desodorante-xtracool-250-ml\/","title":{"rendered":"Rexona Desodorante Xtracool 250 ml"},"content":{"rendered":"<p>Experimenta la sensaci\u00f3n de frescura extrema con el Desodorante REXONA XtraCool en su presentaci\u00f3n de 250 ml. <\/p>\n<p>Dise\u00f1ado para brindarte una protecci\u00f3n imparable y duradera, este desodorante antitranspirante te ofrece 72 horas de defensa que no paran, manteni\u00e9ndote seco, fresco y protegido como nunca antes. <\/p>\n<p>Gracias a su f\u00f3rmula avanzada, sentir\u00e1s una protecci\u00f3n activa a lo largo del d\u00eda, asegurando que te sientas confiado y protegido en todo momento. Una sola aplicaci\u00f3n es suficiente para garantizar una protecci\u00f3n prolongada, permiti\u00e9ndote disfrutar de la frescura que necesitas para enfrentar cada d\u00eda con energ\u00eda y comodidad. <\/p>\n<p>Este aerosol en aerosol es 0% de alcohol et\u00edlico, hipoalerg\u00e9nico y ha sido dermatol\u00f3gicamente testeado, asegurando suavidad y cuidado para tu piel, incluso para las pieles m\u00e1s sensibles. Disfruta de la frescura y confianza en cada movimiento con el Desodorante REXONA XtraCool. <\/p>\n<p>Su presentaci\u00f3n de 250 ml te proporciona suficiente producto para disfrutar de una protecci\u00f3n duradera y efectiva. \u00danete a la experiencia Rexona y si\u00e9ntete fresco y protegido como nunca antes con el poder del Desodorante REXONA XtraCool 250 ml. <\/p>\n<p>No dejes que nada te detenga y vive la experiencia de una protecci\u00f3n extrema. <\/p>\n<p>\u00a1Descubre el placer de sentirte fresco y seguro durante todo el d\u00eda!<\/p>\n","protected":false},"excerpt":{"rendered":"<p>Experimenta la sensaci\u00f3n de frescura extrema con el Desodorante REXONA XtraCool en su presentaci\u00f3n de 250 ml<\/p>\n","protected":false},"featured_media":10788,"comment_status":"open","ping_status":"closed","template":"","meta":[],"product_brand":[],"product_cat":[152],"product_tag":[],"class_list":{"0":"post-15124","1":"product","2":"type-product","3":"status-publish","4":"has-post-thumbnail","6":"product_cat-cuidado-personal","8":"first","9":"instock","10":"shipping-taxable","11":"purchasable","12":"product-type-simple"},"_links":{"self":[{"href":"https:\/\/farmaciadagostino.com.ar\/sitio\/wp-json\/wp\/v2\/product\/15124","targetHints":{"allow":["GET"]}}],"collection":[{"href":"https:\/\/farmaciadagostino.com.ar\/sitio\/wp-json\/wp\/v2\/product"}],"about":[{"href":"https:\/\/farmaciadagostino.com.ar\/sitio\/wp-json\/wp\/v2\/types\/product"}],"replies":[{"embeddable":true,"href":"https:\/\/farmaciadagostino.com.ar\/sitio\/wp-json\/wp\/v2\/comments?post=15124"}],"wp:featuredmedia":[{"embeddable":true,"href":"https:\/\/farmaciadagostino.com.ar\/sitio\/wp-json\/wp\/v2\/media\/10788"}],"wp:attachment":[{"href":"https:\/\/farmaciadagostino.com.ar\/sitio\/wp-json\/wp\/v2\/media?parent=15124"}],"wp:term":[{"taxonomy":"product_brand","embeddable":true,"href":"https:\/\/farmaciadagostino.com.ar\/sitio\/wp-json\/wp\/v2\/product_brand?post=15124"},{"taxonomy":"product_cat","embeddable":true,"href":"https:\/\/farmaciadagostino.com.ar\/sitio\/wp-json\/wp\/v2\/product_cat?post=15124"},{"taxonomy":"product_tag","embeddable":true,"href":"https:\/\/farmaciadagostino.com.ar\/sitio\/wp-json\/wp\/v2\/product_tag?post=15124"}],"curies":[{"name":"wp","href":"https:\/\/api.w.org\/{rel}","templated":true}]}}