{"id":15127,"date":"2024-07-01T21:28:27","date_gmt":"2024-07-02T00:28:27","guid":{"rendered":"https:\/\/farmaciadagostino.com.ar\/sitio\/producto\/curitas-apositos-adhesivos-sensitive-todo-tipo-de-piel-20-unidades\/"},"modified":"2026-03-09T10:10:14","modified_gmt":"2026-03-09T13:10:14","slug":"curitas-apositos-adhesivos-sensitive-todo-tipo-de-piel-20-unidades","status":"publish","type":"product","link":"https:\/\/farmaciadagostino.com.ar\/sitio\/producto\/curitas-apositos-adhesivos-sensitive-todo-tipo-de-piel-20-unidades\/","title":{"rendered":"Curitas Ap\u00f3sitos Adhesivos Sensitive Todo Tipo de Piel (20 Unidades)"},"content":{"rendered":"<p>Los Ap\u00f3sitos adhesivos Curitas Sensitive est\u00e1n indicadas para cubrir todo tipo de heridas peque\u00f1as. Su material es hipoalerg\u00e9nico, c\u00f3modo y flexible. Adem\u00e1s, protege la herida contra la suciedad y bloquea el 99% de las bacterias. Las vendas se remueven f\u00e1cilmente y no causan dolor al retirarse. Son adecuados para todo tipo de piel, especialmente para piel sensible.<\/p>\n<h5>Beneficios:<\/h5>\n<p>&#8211; F\u00e1ciles de remover.<\/p>\n<p>&#8211; Cubren heridas peque\u00f1as.<\/p>\n<p>&#8211; Material hipoalerg\u00e9nico.<\/p>\n<p>&#8211; Protegen la herida de la suciedad y bacterias.<\/p>\n<p>&#8211; Ideal para piel sensible.<\/p>\n<h5>Modo de Uso:<\/h5>\n<p>1) Limpiar la herida, y con cuidado retir\u00e1 cualquier objeto externo, suciedad o polvo que pudiera tener.<\/p>\n<p>2) Secar bien la herida.<\/p>\n<p>3) Colocar el Ap\u00f3sito adhesivo Curitas Sensitive sin estirarlo y evitando dejar pliegues.<\/p>\n<p>4) Al intercambiar los ap\u00f3sitos, se recomienda utilizar Pomada para heridas Curitas y as\u00ed favorecer el proceso de cicatrizaci\u00f3n.<\/p>\n","protected":false},"excerpt":{"rendered":"<p>Los Ap\u00f3sitos adhesivos Curitas Sensitive est\u00e1n indicadas para cubrir todo tipo de heridas peque\u00f1as<\/p>\n","protected":false},"featured_media":9050,"comment_status":"open","ping_status":"closed","template":"","meta":[],"product_brand":[],"product_cat":[152,149],"product_tag":[],"class_list":{"0":"post-15127","1":"product","2":"type-product","3":"status-publish","4":"has-post-thumbnail","6":"product_cat-cuidado-personal","7":"product_cat-farmacia","9":"first","10":"instock","11":"shipping-taxable","12":"purchasable","13":"product-type-simple"},"_links":{"self":[{"href":"https:\/\/farmaciadagostino.com.ar\/sitio\/wp-json\/wp\/v2\/product\/15127","targetHints":{"allow":["GET"]}}],"collection":[{"href":"https:\/\/farmaciadagostino.com.ar\/sitio\/wp-json\/wp\/v2\/product"}],"about":[{"href":"https:\/\/farmaciadagostino.com.ar\/sitio\/wp-json\/wp\/v2\/types\/product"}],"replies":[{"embeddable":true,"href":"https:\/\/farmaciadagostino.com.ar\/sitio\/wp-json\/wp\/v2\/comments?post=15127"}],"wp:featuredmedia":[{"embeddable":true,"href":"https:\/\/farmaciadagostino.com.ar\/sitio\/wp-json\/wp\/v2\/media\/9050"}],"wp:attachment":[{"href":"https:\/\/farmaciadagostino.com.ar\/sitio\/wp-json\/wp\/v2\/media?parent=15127"}],"wp:term":[{"taxonomy":"product_brand","embeddable":true,"href":"https:\/\/farmaciadagostino.com.ar\/sitio\/wp-json\/wp\/v2\/product_brand?post=15127"},{"taxonomy":"product_cat","embeddable":true,"href":"https:\/\/farmaciadagostino.com.ar\/sitio\/wp-json\/wp\/v2\/product_cat?post=15127"},{"taxonomy":"product_tag","embeddable":true,"href":"https:\/\/farmaciadagostino.com.ar\/sitio\/wp-json\/wp\/v2\/product_tag?post=15127"}],"curies":[{"name":"wp","href":"https:\/\/api.w.org\/{rel}","templated":true}]}}